{"id":390154,"date":"2023-02-15T12:53:51","date_gmt":"2023-02-15T11:53:51","guid":{"rendered":"https:\/\/www.claret.cat\/llibre\/la-mujer-cardenal-9788428568531\/"},"modified":"2024-05-02T07:38:14","modified_gmt":"2024-05-02T05:38:14","slug":"la-mujer-cardenal-9788428568531","status":"publish","type":"product","link":"https:\/\/www.claret.cat\/es\/libro\/la-mujer-cardenal-9788428568531\/","title":{"rendered":"LA MUJER CARDENAL"},"content":{"rendered":"<p>Lucetta Scaraffia \u2013historiadora, periodista y escritora\u2013 nos sorprende con un apasionante thriller que pone de manifiesto las luces y las sombras de las m\u00e1s altas esferas vaticanas. La elecci\u00f3n del guatemalteco Ignacio como papa provoca una sombra de desconcierto y malestar sobre el peque\u00f1o pero complejo mundo del Vaticano. Su pretensi\u00f3n de reformar el IOR (el Instituto para las Obras de Religi\u00f3n) es una peligrosa amenaza para los intereses de algunos sectores de la Ciudad Estado. As\u00ed, en los pasillos donde reina la envidia y la rivalidad, comienza a fraguarse un plan para deshacerse del Santo Padre. En este ambiente tenso y rodeado de intrigas, el papa Ignacio decide nombrar a una mujer secretaria de Estado y cardenal, como primer paso de su revoluci\u00f3n. Mientras, los cardenales planean sus contraataques. Pero los encuentros tienen lugar durante cenas servidas por religiosas que escuchan todo&#8230; Un acercamiento literario al papel de la mujer dentro del Vaticano y de la Iglesia en su conjunto.<\/p>\n","protected":false},"excerpt":{"rendered":"<p>SCARAFFIA, LUCETTA<\/p>\n","protected":false},"featured_media":393735,"template":"","meta":{"_acf_changed":false,"om_disable_all_campaigns":false,"rs_blank_template":"","rs_page_bg_color":"","slide_template_v7":"","inline_featured_image":false,"_monsterinsights_skip_tracking":false,"_monsterinsights_sitenote_active":false,"_monsterinsights_sitenote_note":"","_monsterinsights_sitenote_category":0},"product_brand":[],"product_cat":[127,357],"product_tag":[],"class_list":{"0":"post-390154","1":"product","2":"type-product","3":"status-publish","4":"has-post-thumbnail","6":"product_cat-novella-contemporania","7":"product_cat-novela-contemporanea","9":"first","10":"instock","11":"taxable","12":"shipping-taxable","13":"purchasable","14":"product-type-simple"},"acf":{"autor":"SCARAFFIA, LUCETTA","codart":"842856853","libros-coleccion":"PAR\u00c0BOLA","ediciones":"1","encuadernacion":"R\u00fastica","fecha_de_publicacion":"13\/02\/2023","novedad":"1","paginas":"164","subtitulo":"","orden":"0","portada":"0","idioma":"spa","editorial":[{"ID":6356,"post_author":"3","post_date":"2022-07-28 17:50:26","post_date_gmt":"2022-07-28 15:50:26","post_content":"","post_title":"SAN PABLO COMUNICACI\u00d3N","post_excerpt":"","post_status":"publish","comment_status":"closed","ping_status":"closed","post_password":"","post_name":"san-pablo-comunicacion","to_ping":"","pinged":"","post_modified":"2022-07-28 17:50:26","post_modified_gmt":"2022-07-28 15:50:26","post_content_filtered":"","post_parent":0,"guid":"http:\/\/dev.claret.cat\/editorial\/san-pablo-comunicacion\/","menu_order":0,"post_type":"editorial","post_mime_type":"","comment_count":"0","filter":"raw"}],"autores-libros":[{"ID":162571,"post_author":"3","post_date":"2022-10-14 17:32:05","post_date_gmt":"2022-10-14 15:32:05","post_content":"","post_title":"LUCETTA SCARAFFIA","post_excerpt":"","post_status":"publish","comment_status":"closed","ping_status":"closed","post_password":"","post_name":"lucetta-scaraffia","to_ping":"","pinged":"","post_modified":"2022-10-14 17:32:05","post_modified_gmt":"2022-10-14 15:32:05","post_content_filtered":"","post_parent":0,"guid":"http:\/\/dev.claret.cat\/autor\/lucetta-scaraffia\/","menu_order":0,"post_type":"autor","post_mime_type":"","comment_count":"0","filter":"raw"}]},"aioseo_notices":[],"_links":{"self":[{"href":"https:\/\/www.claret.cat\/es\/wp-json\/wp\/v2\/product\/390154","targetHints":{"allow":["GET"]}}],"collection":[{"href":"https:\/\/www.claret.cat\/es\/wp-json\/wp\/v2\/product"}],"about":[{"href":"https:\/\/www.claret.cat\/es\/wp-json\/wp\/v2\/types\/product"}],"wp:featuredmedia":[{"embeddable":true,"href":"https:\/\/www.claret.cat\/es\/wp-json\/wp\/v2\/media\/393735"}],"wp:attachment":[{"href":"https:\/\/www.claret.cat\/es\/wp-json\/wp\/v2\/media?parent=390154"}],"wp:term":[{"taxonomy":"product_brand","embeddable":true,"href":"https:\/\/www.claret.cat\/es\/wp-json\/wp\/v2\/product_brand?post=390154"},{"taxonomy":"product_cat","embeddable":true,"href":"https:\/\/www.claret.cat\/es\/wp-json\/wp\/v2\/product_cat?post=390154"},{"taxonomy":"product_tag","embeddable":true,"href":"https:\/\/www.claret.cat\/es\/wp-json\/wp\/v2\/product_tag?post=390154"}],"curies":[{"name":"wp","href":"https:\/\/api.w.org\/{rel}","templated":true}]}}