{"id":390225,"date":"2023-02-15T12:59:00","date_gmt":"2023-02-15T11:59:00","guid":{"rendered":"https:\/\/www.claret.cat\/llibre\/antropologia-y-afectividad-9788431338244\/"},"modified":"2026-01-19T11:48:32","modified_gmt":"2026-01-19T10:48:32","slug":"antropologia-y-afectividad-9788431338244","status":"publish","type":"product","link":"https:\/\/www.claret.cat\/es\/libro\/antropologia-y-afectividad-9788431338244\/","title":{"rendered":"ANTROPOLOG\u00cdA Y AFECTIVIDAD"},"content":{"rendered":"<p>El amor no es cosa que se aprenda, \u00a1y sin embargo no hay nada que sea m\u00e1s necesario ense\u00f1ar! (San Juan Pablo II, Cruzando el umbral de la esperanza). Acogiendo el llamado del Papa, este libro quiere ser una invitaci\u00f3n a padres, educadores y especialmente a profesores de religi\u00f3n, a indagar en la verdad y belleza en torno a la sexualidad y el amor humano. Tomando en cuenta los cambios culturales de los \u00faltimos tiempos y las grandes dificultades que se presentan a la hora de tratar estos temas con los j\u00f3venes, esta obra busca acompa\u00f1ar y guiar, bajo la luz del Magisterio de la Iglesia, a quienes tienen a su cargo la inmensa tarea de educar en el amor.<\/p>\n","protected":false},"excerpt":{"rendered":"<p>FERN\u00c1NDEZ QUIROGA, MAR\u00cdA ALEJANDRA<\/p>\n","protected":false},"featured_media":390485,"template":"","meta":{"_acf_changed":false,"om_disable_all_campaigns":false,"rs_blank_template":"","rs_page_bg_color":"","slide_template_v7":"","inline_featured_image":false,"_monsterinsights_skip_tracking":false,"_monsterinsights_sitenote_active":false,"_monsterinsights_sitenote_note":"","_monsterinsights_sitenote_category":0},"product_brand":[],"product_cat":[174,375],"product_tag":[],"class_list":{"0":"post-390225","1":"product","2":"type-product","3":"status-publish","4":"has-post-thumbnail","6":"product_cat-antropologia","7":"product_cat-antropologia-filosofia-2_humanidades","9":"first","10":"instock","11":"taxable","12":"shipping-taxable","13":"purchasable","14":"product-type-simple"},"acf":{"autor":"FERN\u00c1NDEZ QUIROGA, MAR\u00cdA ALEJANDRA","codart":"843133824","libros-coleccion":"Astrolabio Antropolog\u00eda y \u00c9tica","ediciones":"1","encuadernacion":"R\u00fastica","fecha_de_publicacion":"01\/02\/2023","novedad":"1","paginas":"330","subtitulo":"ORIENTACIONES PARA LA EDUCACI\u00d3N DE LA SEXUALIDAD Y EL AMOR HUMANO","orden":"0","portada":"0","idioma":"spa","editorial":[{"ID":6251,"post_author":"3","post_date":"2022-07-28 17:48:11","post_date_gmt":"2022-07-28 15:48:11","post_content":"","post_title":"EUNSA. EDICIONES UNIVERSIDAD DE NAVARRA","post_excerpt":"","post_status":"publish","comment_status":"closed","ping_status":"closed","post_password":"","post_name":"eunsa-ediciones-universidad-de-navarra","to_ping":"","pinged":"","post_modified":"2022-07-28 17:48:11","post_modified_gmt":"2022-07-28 15:48:11","post_content_filtered":"","post_parent":0,"guid":"http:\/\/dev.claret.cat\/editorial\/eunsa-ediciones-universidad-de-navarra\/","menu_order":0,"post_type":"editorial","post_mime_type":"","comment_count":"0","filter":"raw"}],"autores-libros":[{"ID":390224,"post_author":"3","post_date":"2023-02-15 12:58:58","post_date_gmt":"2023-02-15 11:58:58","post_content":"","post_title":"MAR\u00cdA ALEJANDRA FERN\u00c1NDEZ QUIROGA","post_excerpt":"","post_status":"publish","comment_status":"closed","ping_status":"closed","post_password":"","post_name":"maria-alejandra-fernandez-quiroga","to_ping":"","pinged":"","post_modified":"2023-02-15 12:58:58","post_modified_gmt":"2023-02-15 11:58:58","post_content_filtered":"","post_parent":0,"guid":"https:\/\/www.claret.cat\/autor\/maria-alejandra-fernandez-quiroga\/","menu_order":0,"post_type":"autor","post_mime_type":"","comment_count":"0","filter":"raw"}],"booktrailer":"","resenas":""},"aioseo_notices":[],"_links":{"self":[{"href":"https:\/\/www.claret.cat\/es\/wp-json\/wp\/v2\/product\/390225","targetHints":{"allow":["GET"]}}],"collection":[{"href":"https:\/\/www.claret.cat\/es\/wp-json\/wp\/v2\/product"}],"about":[{"href":"https:\/\/www.claret.cat\/es\/wp-json\/wp\/v2\/types\/product"}],"wp:featuredmedia":[{"embeddable":true,"href":"https:\/\/www.claret.cat\/es\/wp-json\/wp\/v2\/media\/390485"}],"wp:attachment":[{"href":"https:\/\/www.claret.cat\/es\/wp-json\/wp\/v2\/media?parent=390225"}],"wp:term":[{"taxonomy":"product_brand","embeddable":true,"href":"https:\/\/www.claret.cat\/es\/wp-json\/wp\/v2\/product_brand?post=390225"},{"taxonomy":"product_cat","embeddable":true,"href":"https:\/\/www.claret.cat\/es\/wp-json\/wp\/v2\/product_cat?post=390225"},{"taxonomy":"product_tag","embeddable":true,"href":"https:\/\/www.claret.cat\/es\/wp-json\/wp\/v2\/product_tag?post=390225"}],"curies":[{"name":"wp","href":"https:\/\/api.w.org\/{rel}","templated":true}]}}