{"id":390304,"date":"2023-02-15T13:26:01","date_gmt":"2023-02-15T12:26:01","guid":{"rendered":"https:\/\/www.claret.cat\/llibre\/guia-magica-dautodefensa-amb-galetes-9788419206855\/"},"modified":"2025-03-25T16:25:32","modified_gmt":"2025-03-25T15:25:32","slug":"guia-magica-dautodefensa-amb-galetes-9788419206855","status":"publish","type":"product","link":"https:\/\/www.claret.cat\/es\/libro\/guia-magica-dautodefensa-amb-galetes-9788419206855\/","title":{"rendered":"GUIA M\u00c0GICA D&#8221;AUTODEFENSA AMB GALETES"},"content":{"rendered":"<p>La Mona no s&#8221;assembla pas als poderosos mags encarregats de defensar la ciutat. De fet, la seva m\u00e0gia nom\u00e9s funciona amb el pa. Tot i aix\u00f2, sembla que s&#8221;ha convertit en el proper objectiu d&#8221;un assass\u00ed que recorre la ciutat aca\u00e7ant tothom amb poders m\u00e0gics. <\/p>\n<p> Guanyadora dels premis Locus, Nebula, Dragon, Lodestar, Mythopoeic i C\u00f3yotl, Guia m\u00e0gica per a l&#8221;autodefensa amb galetes \u00e9s una fantasia at\u00edpica i divertida que es pregunta com es forgen els herois.<\/p>\n","protected":false},"excerpt":{"rendered":"<p>KINGFISHER, T.<\/p>\n","protected":false},"featured_media":390505,"template":"","meta":{"_acf_changed":false,"om_disable_all_campaigns":false,"rs_blank_template":"","rs_page_bg_color":"","slide_template_v7":"","inline_featured_image":false,"_monsterinsights_skip_tracking":false,"_monsterinsights_sitenote_active":false,"_monsterinsights_sitenote_note":"","_monsterinsights_sitenote_category":0},"product_brand":[],"product_cat":[117,566],"product_tag":[],"class_list":{"0":"post-390304","1":"product","2":"type-product","3":"status-publish","4":"has-post-thumbnail","6":"product_cat-juvenil","7":"product_cat-juvenil-3_infantil-juvenil-spa-spa","9":"first","10":"instock","11":"taxable","12":"shipping-taxable","13":"purchasable","14":"product-type-simple"},"acf":{"autor":"KINGFISHER, T.","codart":"841920685","libros-coleccion":"FORA DE COL.LECCI\u00d3","ediciones":"1","encuadernacion":"R\u00fastica","fecha_de_publicacion":"01\/01\/2023","novedad":"1","paginas":"379","subtitulo":"","orden":"0","portada":"0","idioma":"cat","editorial":[{"ID":313852,"post_author":"3","post_date":"2022-12-28 11:25:32","post_date_gmt":"2022-12-28 10:25:32","post_content":"","post_title":"INDOMITA","post_excerpt":"","post_status":"publish","comment_status":"closed","ping_status":"closed","post_password":"","post_name":"indomita","to_ping":"","pinged":"","post_modified":"2022-12-28 11:25:32","post_modified_gmt":"2022-12-28 10:25:32","post_content_filtered":"","post_parent":0,"guid":"https:\/\/www.claret.cat\/editorial\/indomita\/","menu_order":0,"post_type":"editorial","post_mime_type":"","comment_count":"0","filter":"raw"}],"autores-libros":[{"ID":390504,"post_author":"3","post_date":"2023-02-15 17:19:18","post_date_gmt":"2023-02-15 16:19:18","post_content":"","post_title":"T. KINGFISHER","post_excerpt":"","post_status":"publish","comment_status":"closed","ping_status":"closed","post_password":"","post_name":"t-kingfisher","to_ping":"","pinged":"","post_modified":"2023-02-15 17:19:18","post_modified_gmt":"2023-02-15 16:19:18","post_content_filtered":"","post_parent":0,"guid":"https:\/\/www.claret.cat\/autor\/t-kingfisher\/","menu_order":0,"post_type":"autor","post_mime_type":"","comment_count":"0","filter":"raw"}]},"aioseo_notices":[],"_links":{"self":[{"href":"https:\/\/www.claret.cat\/es\/wp-json\/wp\/v2\/product\/390304","targetHints":{"allow":["GET"]}}],"collection":[{"href":"https:\/\/www.claret.cat\/es\/wp-json\/wp\/v2\/product"}],"about":[{"href":"https:\/\/www.claret.cat\/es\/wp-json\/wp\/v2\/types\/product"}],"wp:featuredmedia":[{"embeddable":true,"href":"https:\/\/www.claret.cat\/es\/wp-json\/wp\/v2\/media\/390505"}],"wp:attachment":[{"href":"https:\/\/www.claret.cat\/es\/wp-json\/wp\/v2\/media?parent=390304"}],"wp:term":[{"taxonomy":"product_brand","embeddable":true,"href":"https:\/\/www.claret.cat\/es\/wp-json\/wp\/v2\/product_brand?post=390304"},{"taxonomy":"product_cat","embeddable":true,"href":"https:\/\/www.claret.cat\/es\/wp-json\/wp\/v2\/product_cat?post=390304"},{"taxonomy":"product_tag","embeddable":true,"href":"https:\/\/www.claret.cat\/es\/wp-json\/wp\/v2\/product_tag?post=390304"}],"curies":[{"name":"wp","href":"https:\/\/api.w.org\/{rel}","templated":true}]}}