{"id":390416,"date":"2023-02-15T16:52:47","date_gmt":"2023-02-15T15:52:47","guid":{"rendered":"https:\/\/www.claret.cat\/llibre\/testigos-de-la-pasion-del-senor-9788419307590\/"},"modified":"2025-07-10T13:17:17","modified_gmt":"2025-07-10T11:17:17","slug":"testigos-de-la-pasion-del-senor-9788419307590","status":"publish","type":"product","link":"https:\/\/www.claret.cat\/es\/libro\/testigos-de-la-pasion-del-senor-9788419307590\/","title":{"rendered":"TESTIGOS DE LA PASI\u00d3N DEL SE\u00d1OR"},"content":{"rendered":"<p>En una serie de libros, el autor ha venido reflexionando durante a\u00f1os sobre los personajes que aparecen en la Biblia, tanto en el Antiguo como en el Nuevo Testamento.<\/p>\n<p>En esta ocasi\u00f3n ha decidido dejar que hablen los testigos de la pasi\u00f3n del Se\u00f1or. Imaginando su pluma y sus escritos, trata de presentar una forma diferente de releer la pasi\u00f3n, muerte y resurrecci\u00f3n de Jes\u00fas.<\/p>\n<p>Al imaginar los recuerdos y sentimientos de aquellos hombres y mujeres que tuvieron contacto con Jes\u00fas, pretende ofrecer unas claves que ayuden al lector a preguntarse c\u00f3mo se sit\u00faa \u00e9l ante el misterio de nuestra redenci\u00f3n. De una forma u otra, todos pasamos junto a la Cruz.<\/p>\n","protected":false},"excerpt":{"rendered":"<p>FLECHA ANDR\u00c9S, JOS\u00c9-ROM\u00c1N<\/p>\n","protected":false},"featured_media":391366,"template":"","meta":{"_acf_changed":false,"om_disable_all_campaigns":false,"rs_blank_template":"","rs_page_bg_color":"","slide_template_v7":"","inline_featured_image":false,"_monsterinsights_skip_tracking":false,"_monsterinsights_sitenote_active":false,"_monsterinsights_sitenote_note":"","_monsterinsights_sitenote_category":0},"product_brand":[],"product_cat":[253,399],"product_tag":[],"class_list":{"0":"post-390416","1":"product","2":"type-product","3":"status-publish","4":"has-post-thumbnail","6":"product_cat-any-liturgic","7":"product_cat-any-liturgic-liturgia-1_espiritualidad","9":"first","10":"instock","11":"taxable","12":"shipping-taxable","13":"purchasable","14":"product-type-simple"},"acf":{"autor":"FLECHA ANDR\u00c9S, JOS\u00c9-ROM\u00c1N","codart":"841930759","libros-coleccion":"","ediciones":"1","encuadernacion":"R\u00fastica","fecha_de_publicacion":"15\/02\/2023","novedad":"1","paginas":"148","subtitulo":"","orden":"0","portada":"0","idioma":"spa","editorial":[{"ID":6309,"post_author":"3","post_date":"2022-07-28 17:49:25","post_date_gmt":"2022-07-28 15:49:25","post_content":"","post_title":"Monte Carmelo","post_excerpt":"","post_status":"publish","comment_status":"closed","ping_status":"closed","post_password":"","post_name":"monte-carmelo","to_ping":"","pinged":"","post_modified":"2022-07-28 17:49:25","post_modified_gmt":"2022-07-28 15:49:25","post_content_filtered":"","post_parent":0,"guid":"http:\/\/dev.claret.cat\/editorial\/monte-carmelo\/","menu_order":0,"post_type":"editorial","post_mime_type":"","comment_count":"0","filter":"raw"}],"autores-libros":[{"ID":160886,"post_author":"3","post_date":"2022-10-14 15:56:40","post_date_gmt":"2022-10-14 13:56:40","post_content":"","post_title":"JOS\u00c9-ROM\u00c1N FLECHA ANDR\u00c9S","post_excerpt":"","post_status":"publish","comment_status":"closed","ping_status":"closed","post_password":"","post_name":"jose-roman-flecha-andres-2","to_ping":"","pinged":"","post_modified":"2022-10-14 15:56:40","post_modified_gmt":"2022-10-14 13:56:40","post_content_filtered":"","post_parent":0,"guid":"http:\/\/dev.claret.cat\/autor\/jose-roman-flecha-andres-2\/","menu_order":0,"post_type":"autor","post_mime_type":"","comment_count":"0","filter":"raw"}],"booktrailer":"","resenas":""},"aioseo_notices":[],"_links":{"self":[{"href":"https:\/\/www.claret.cat\/es\/wp-json\/wp\/v2\/product\/390416","targetHints":{"allow":["GET"]}}],"collection":[{"href":"https:\/\/www.claret.cat\/es\/wp-json\/wp\/v2\/product"}],"about":[{"href":"https:\/\/www.claret.cat\/es\/wp-json\/wp\/v2\/types\/product"}],"wp:featuredmedia":[{"embeddable":true,"href":"https:\/\/www.claret.cat\/es\/wp-json\/wp\/v2\/media\/391366"}],"wp:attachment":[{"href":"https:\/\/www.claret.cat\/es\/wp-json\/wp\/v2\/media?parent=390416"}],"wp:term":[{"taxonomy":"product_brand","embeddable":true,"href":"https:\/\/www.claret.cat\/es\/wp-json\/wp\/v2\/product_brand?post=390416"},{"taxonomy":"product_cat","embeddable":true,"href":"https:\/\/www.claret.cat\/es\/wp-json\/wp\/v2\/product_cat?post=390416"},{"taxonomy":"product_tag","embeddable":true,"href":"https:\/\/www.claret.cat\/es\/wp-json\/wp\/v2\/product_tag?post=390416"}],"curies":[{"name":"wp","href":"https:\/\/api.w.org\/{rel}","templated":true}]}}