{"id":390571,"date":"2023-02-15T18:10:34","date_gmt":"2023-02-15T17:10:34","guid":{"rendered":"https:\/\/www.claret.cat\/llibre\/la-farmacia-del-mar-9788418908996\/"},"modified":"2025-02-01T01:41:59","modified_gmt":"2025-02-01T00:41:59","slug":"la-farmacia-del-mar-9788418908996","status":"publish","type":"product","link":"https:\/\/www.claret.cat\/es\/libro\/la-farmacia-del-mar-9788418908996\/","title":{"rendered":"LA FARM\u00c0CIA DEL MAR"},"content":{"rendered":"<p>Un llibre que es capbussa en els secrets\u00a0de les algues i l&#8217;aigua de mar,\u00a0i en els beneficis terap\u00e8utics i nutritius que ens aporten.<br \/>El mar, generador de vida, atresora dos aliments poc coneguts, per\u00f2 amb incomptables propietats: les algues i l&#8217;aigua, que, gr\u00e0cies a certs compostos bioactius que els s\u00f3n propis i que no trobem als vegetals terrestres, sostenen la biodiversitat oce\u00e0nica i la salut del planeta.Les algues han estat presents a la cuina i la medicina de moltes cultures des de temps immemorials. I, segons es despr\u00e8n d&#8217;investigacions recents, el mar \u00e9s molt m\u00e9s que aigua amb sal: \u00e9s un medi vital natural que, com les algues, subministra a l&#8217;organisme minerals i oligoelements dels quals l&#8217;alimentaci\u00f3 actual sovint est\u00e0 mancada.\u00a0Aquest llibre, amb les algues marines i l&#8217;aigua de mar com a protagonistes, en detalla les seves principals propietats per tractar petites dol\u00e8ncies, juntament amb alguns senzills consells de cosm\u00e8tica i higiene di\u00e0ria. I, finalment, compr\u00e8n un ampli receptari que ajuda el lector introduir les algues i l&#8217;aigua de mar a l&#8217;alimentaci\u00f3, fent les les adaptacions que calguin en funci\u00f3 de l&#8217;estil de vida de cadasc\u00fa.<\/p>\n","protected":false},"excerpt":{"rendered":"<p>LLARGU\u00c9S TRUYOLS, JOSEFINA<\/p>\n","protected":false},"featured_media":390627,"template":"","meta":{"_acf_changed":false,"om_disable_all_campaigns":false,"rs_blank_template":"","rs_page_bg_color":"","slide_template_v7":"","inline_featured_image":false,"_monsterinsights_skip_tracking":false,"_monsterinsights_sitenote_active":false,"_monsterinsights_sitenote_note":"","_monsterinsights_sitenote_category":0},"product_brand":[],"product_cat":[547,97],"product_tag":[],"class_list":{"0":"post-390571","1":"product","2":"type-product","3":"status-publish","4":"has-post-thumbnail","6":"product_cat-salud","7":"product_cat-salut","9":"first","10":"instock","11":"taxable","12":"shipping-taxable","13":"purchasable","14":"product-type-simple"},"acf":{"editorial":[{"ID":6392,"post_author":"3","post_date":"2022-07-28 17:51:10","post_date_gmt":"2022-07-28 15:51:10","post_content":"","post_title":"Viena","post_excerpt":"","post_status":"publish","comment_status":"closed","ping_status":"closed","post_password":"","post_name":"viena","to_ping":"","pinged":"","post_modified":"2022-07-28 17:51:10","post_modified_gmt":"2022-07-28 15:51:10","post_content_filtered":"","post_parent":0,"guid":"http:\/\/dev.claret.cat\/editorial\/viena\/","menu_order":0,"post_type":"editorial","post_mime_type":"","comment_count":"0","filter":"raw"}],"autores-libros":[{"ID":160608,"post_author":"3","post_date":"2022-10-14 15:54:27","post_date_gmt":"2022-10-14 13:54:27","post_content":"","post_title":"JOSEFINA LLARGU\u00c9S TRUYOLS","post_excerpt":"","post_status":"publish","comment_status":"closed","ping_status":"closed","post_password":"","post_name":"josefina-llargues-truyols","to_ping":"","pinged":"","post_modified":"2022-10-14 15:54:27","post_modified_gmt":"2022-10-14 13:54:27","post_content_filtered":"","post_parent":0,"guid":"http:\/\/dev.claret.cat\/autor\/josefina-llargues-truyols\/","menu_order":0,"post_type":"autor","post_mime_type":"","comment_count":"0","filter":"raw"}],"autor":"LLARGU\u00c9S TRUYOLS, JOSEFINA","codart":"841890899","libros-coleccion":"FORA DE COL.LECCI\u00d3","ediciones":"1","encuadernacion":"R\u00fastica","fecha_de_publicacion":"01\/02\/2023","novedad":"1","paginas":"368","subtitulo":"ALGUES I AIGUA DE MAR","orden":"0","portada":"0","idioma":"cat"},"aioseo_notices":[],"_links":{"self":[{"href":"https:\/\/www.claret.cat\/es\/wp-json\/wp\/v2\/product\/390571","targetHints":{"allow":["GET"]}}],"collection":[{"href":"https:\/\/www.claret.cat\/es\/wp-json\/wp\/v2\/product"}],"about":[{"href":"https:\/\/www.claret.cat\/es\/wp-json\/wp\/v2\/types\/product"}],"wp:featuredmedia":[{"embeddable":true,"href":"https:\/\/www.claret.cat\/es\/wp-json\/wp\/v2\/media\/390627"}],"wp:attachment":[{"href":"https:\/\/www.claret.cat\/es\/wp-json\/wp\/v2\/media?parent=390571"}],"wp:term":[{"taxonomy":"product_brand","embeddable":true,"href":"https:\/\/www.claret.cat\/es\/wp-json\/wp\/v2\/product_brand?post=390571"},{"taxonomy":"product_cat","embeddable":true,"href":"https:\/\/www.claret.cat\/es\/wp-json\/wp\/v2\/product_cat?post=390571"},{"taxonomy":"product_tag","embeddable":true,"href":"https:\/\/www.claret.cat\/es\/wp-json\/wp\/v2\/product_tag?post=390571"}],"curies":[{"name":"wp","href":"https:\/\/api.w.org\/{rel}","templated":true}]}}