{"id":39072,"date":"2022-10-02T19:01:25","date_gmt":"2022-10-02T17:01:25","guid":{"rendered":"http:\/\/dev.claret.cat\/producte\/como-el-alma-del-mundo\/"},"modified":"2025-10-30T16:05:38","modified_gmt":"2025-10-30T15:05:38","slug":"como-el-alma-del-mundo-9788413681399","status":"publish","type":"product","link":"https:\/\/www.claret.cat\/es\/libro\/como-el-alma-del-mundo-9788413681399\/","title":{"rendered":"COMO EL ALMA DEL MUNDO"},"content":{"rendered":"<p>Ante los m\u00faltiples desaf\u00edos de la vida social, los cristianos est\u00e1n llamados a ser -recordando la Ep\u00edstola a Diogneto, del siglo II- como el alma del mundo. La Teolog\u00eda Moral Social, que incluye la llamada Doctrina Social de la Iglesia, desea iluminar y motivar la actuaci\u00f3n de los cristianos, y particularmente de los fieles laicos, para contribuir con las dem\u00e1s personas de buena voluntad a construir una sociedad m\u00e1s humana. En estas breves p\u00e1ginas se presenta una visi\u00f3n cristiana de los fundamentos de la vida social, desvelando as\u00ed algo del &#8216;secreto&#8217; mejor guardado de la Iglesia Cat\u00f3lica: su doctrina social.<\/p>\n<p> Presupuestos de la pol\u00edtica como el bien com\u00fan, el amor a la verdad o la justicia sirven para ofrecer una visi\u00f3n, quiz\u00e1 diferente de la que percibimos a menudo, del poder pol\u00edtico, de la democracia, del papel de las leyes o incluso de los impuestos. Adem\u00e1s, otros temas como el desarrollo o las migraciones, el trabajo y la actividad econ\u00f3mica, el mercado, el capitalismo, las desigualdades, el consumismo, el cuidado de la naturaleza o la dimensi\u00f3n moral de las inversiones financieras, son explorados desde una perspectiva cristiana.<\/p>\n<p> Escrito con un lenguaje asequible, este peque\u00f1o libro es \u00fatil para personas interesadas en una formaci\u00f3n introductoria en la Teolog\u00eda Moral Social.<\/p>\n","protected":false},"excerpt":{"rendered":"<p>GUITI\u00c1N, GREGORIO<\/p>\n","protected":false},"featured_media":1062887,"template":"","meta":{"_acf_changed":false,"om_disable_all_campaigns":false,"rs_blank_template":"","rs_page_bg_color":"","slide_template_v7":"","inline_featured_image":false,"_monsterinsights_skip_tracking":false,"_monsterinsights_sitenote_active":false,"_monsterinsights_sitenote_note":"","_monsterinsights_sitenote_category":0},"product_brand":[],"product_cat":[291,517],"product_tag":[],"class_list":{"0":"post-39072","1":"product","2":"type-product","3":"status-publish","4":"has-post-thumbnail","6":"product_cat-moral-social-i-politica","7":"product_cat-moral-social-y-politica","9":"first","10":"instock","11":"taxable","12":"shipping-taxable","13":"purchasable","14":"product-type-simple"},"acf":{"autor":"GUITI\u00c1N, GREGORIO","codart":"841368139","libros-coleccion":"FORA DE COL.LECCI\u00d3","ediciones":"1","encuadernacion":"R\u00fastica","fecha_de_publicacion":"01\/01\/2022","novedad":"1","paginas":"160","subtitulo":"MORAL SOCIAL Y DOCTRINA SOCIAL DE LA IGLESIA","orden":"0","portada":"0","idioma":"spa","editorial":[{"ID":148624,"post_author":"3","post_date":"2022-10-14 11:59:42","post_date_gmt":"2022-10-14 09:59:42","post_content":"","post_title":"PALABRA S.A., EDICIONES","post_excerpt":"","post_status":"publish","comment_status":"closed","ping_status":"closed","post_password":"","post_name":"palabra-s-a-ediciones","to_ping":"","pinged":"","post_modified":"2022-10-14 11:59:42","post_modified_gmt":"2022-10-14 09:59:42","post_content_filtered":"","post_parent":0,"guid":"http:\/\/dev.claret.cat\/editorial\/palabra-s-a-ediciones\/","menu_order":0,"post_type":"editorial","post_mime_type":"","comment_count":"0","filter":"raw"}],"autores-libros":[{"ID":157129,"post_author":"3","post_date":"2022-10-14 15:26:21","post_date_gmt":"2022-10-14 13:26:21","post_content":"","post_title":"GREGORIO GUITI\u00c1N","post_excerpt":"","post_status":"publish","comment_status":"closed","ping_status":"closed","post_password":"","post_name":"gregorio-guitian","to_ping":"","pinged":"","post_modified":"2022-10-14 15:26:21","post_modified_gmt":"2022-10-14 13:26:21","post_content_filtered":"","post_parent":0,"guid":"http:\/\/dev.claret.cat\/autor\/gregorio-guitian\/","menu_order":0,"post_type":"autor","post_mime_type":"","comment_count":"0","filter":"raw"}],"booktrailer":"","resenas":""},"aioseo_notices":[],"_links":{"self":[{"href":"https:\/\/www.claret.cat\/es\/wp-json\/wp\/v2\/product\/39072","targetHints":{"allow":["GET"]}}],"collection":[{"href":"https:\/\/www.claret.cat\/es\/wp-json\/wp\/v2\/product"}],"about":[{"href":"https:\/\/www.claret.cat\/es\/wp-json\/wp\/v2\/types\/product"}],"wp:featuredmedia":[{"embeddable":true,"href":"https:\/\/www.claret.cat\/es\/wp-json\/wp\/v2\/media\/1062887"}],"wp:attachment":[{"href":"https:\/\/www.claret.cat\/es\/wp-json\/wp\/v2\/media?parent=39072"}],"wp:term":[{"taxonomy":"product_brand","embeddable":true,"href":"https:\/\/www.claret.cat\/es\/wp-json\/wp\/v2\/product_brand?post=39072"},{"taxonomy":"product_cat","embeddable":true,"href":"https:\/\/www.claret.cat\/es\/wp-json\/wp\/v2\/product_cat?post=39072"},{"taxonomy":"product_tag","embeddable":true,"href":"https:\/\/www.claret.cat\/es\/wp-json\/wp\/v2\/product_tag?post=39072"}],"curies":[{"name":"wp","href":"https:\/\/api.w.org\/{rel}","templated":true}]}}