{"id":390816,"date":"2023-02-16T12:40:06","date_gmt":"2023-02-16T11:40:06","guid":{"rendered":"https:\/\/www.claret.cat\/llibre\/lesforc-9788497795449\/"},"modified":"2026-02-16T13:45:46","modified_gmt":"2026-02-16T12:45:46","slug":"lesforc-9788497795449","status":"publish","type":"product","link":"https:\/\/www.claret.cat\/es\/libro\/lesforc-9788497795449\/","title":{"rendered":"L&#8217;ESFOR\u00c7"},"content":{"rendered":"<p>Hem de recon\u00e8ixer, d\u2019entrada, que l\u2019esfor\u00e7 no sedueix. Tendim a evitar-lo si podem aconseguir els nostres objectius sense desgastar-nos. Per\u00f2, l\u2019esfor\u00e7 \u00e9s necessari, continua sent imprescindible. Molts cops sol\u00b7licitem ajuda als altres abans de fer un esfor\u00e7 personal., i aix\u00f2 ens fa depenents, immadurs i sense autonomia personal. L\u2019esfor\u00e7 \u00e9s sempre una tensi\u00f3, un desgast, un treball f\u00edsic o ps\u00edquic que esgota, per\u00f2 que deixa p\u00f2sit en l\u2019\u00e0nima.<\/p>\n","protected":false},"excerpt":{"rendered":"<p>TORRALBA, FRANCESC<\/p>\n","protected":false},"featured_media":390822,"template":"","meta":{"_acf_changed":false,"om_disable_all_campaigns":false,"rs_blank_template":"","rs_page_bg_color":"","slide_template_v7":"","inline_featured_image":false,"_monsterinsights_skip_tracking":false,"_monsterinsights_sitenote_active":false,"_monsterinsights_sitenote_note":"","_monsterinsights_sitenote_category":0},"product_brand":[],"product_cat":[449,181,143,576,437,163],"product_tag":[],"class_list":{"0":"post-390816","1":"product","2":"type-product","3":"status-publish","4":"has-post-thumbnail","6":"product_cat-de-la-personalidad-y-del-desarrollo","7":"product_cat-de-la-personalitat-i-del-desenvolupament","8":"product_cat-educacio-en-valors","9":"product_cat-educacion-en-valores-escolar-4_escolar-spa","10":"product_cat-valores-y-convivencia","11":"product_cat-valors-i-convivencia","13":"first","14":"instock","15":"taxable","16":"shipping-taxable","17":"purchasable","18":"product-type-simple"},"acf":{"editorial":[{"ID":6321,"post_author":"3","post_date":"2022-07-28 17:49:41","post_date_gmt":"2022-07-28 15:49:41","post_content":"","post_title":"PAG\u00c8S","post_excerpt":"","post_status":"publish","comment_status":"closed","ping_status":"closed","post_password":"","post_name":"pages","to_ping":"","pinged":"","post_modified":"2022-07-28 17:49:41","post_modified_gmt":"2022-07-28 15:49:41","post_content_filtered":"","post_parent":0,"guid":"http:\/\/dev.claret.cat\/editorial\/pages\/","menu_order":0,"post_type":"editorial","post_mime_type":"","comment_count":"0","filter":"raw"}],"autores-libros":[{"ID":5483,"post_author":"3","post_date":"2022-07-28 17:24:57","post_date_gmt":"2022-07-28 15:24:57","post_content":"","post_title":"FRANCESC TORRALBA","post_excerpt":"","post_status":"publish","comment_status":"closed","ping_status":"closed","post_password":"","post_name":"francesc-torralba","to_ping":"","pinged":"","post_modified":"2022-07-28 17:24:57","post_modified_gmt":"2022-07-28 15:24:57","post_content_filtered":"","post_parent":0,"guid":"http:\/\/dev.claret.cat\/autor\/francesc-torralba\/","menu_order":0,"post_type":"autor","post_mime_type":"","comment_count":"0","filter":"raw"}],"autor":"TORRALBA, FRANCESC","codart":"849779544","libros-coleccion":"Biblioteca Francesc Torralba","ediciones":"1","encuadernacion":"R\u00fastica","fecha_de_publicacion":"25\/10\/2007","novedad":"0","paginas":"127","subtitulo":"","orden":"999","portada":"0","idioma":"cat","booktrailer":"","resenas":""},"aioseo_notices":[],"_links":{"self":[{"href":"https:\/\/www.claret.cat\/es\/wp-json\/wp\/v2\/product\/390816","targetHints":{"allow":["GET"]}}],"collection":[{"href":"https:\/\/www.claret.cat\/es\/wp-json\/wp\/v2\/product"}],"about":[{"href":"https:\/\/www.claret.cat\/es\/wp-json\/wp\/v2\/types\/product"}],"wp:featuredmedia":[{"embeddable":true,"href":"https:\/\/www.claret.cat\/es\/wp-json\/wp\/v2\/media\/390822"}],"wp:attachment":[{"href":"https:\/\/www.claret.cat\/es\/wp-json\/wp\/v2\/media?parent=390816"}],"wp:term":[{"taxonomy":"product_brand","embeddable":true,"href":"https:\/\/www.claret.cat\/es\/wp-json\/wp\/v2\/product_brand?post=390816"},{"taxonomy":"product_cat","embeddable":true,"href":"https:\/\/www.claret.cat\/es\/wp-json\/wp\/v2\/product_cat?post=390816"},{"taxonomy":"product_tag","embeddable":true,"href":"https:\/\/www.claret.cat\/es\/wp-json\/wp\/v2\/product_tag?post=390816"}],"curies":[{"name":"wp","href":"https:\/\/api.w.org\/{rel}","templated":true}]}}