{"id":39120,"date":"2022-10-02T19:02:12","date_gmt":"2022-10-02T17:02:12","guid":{"rendered":"http:\/\/dev.claret.cat\/producte\/junil-en-tierra-de-barbaros\/"},"modified":"2023-10-06T09:32:18","modified_gmt":"2023-10-06T07:32:18","slug":"junil-en-tierra-de-barbaros-9788473293358","status":"publish","type":"product","link":"https:\/\/www.claret.cat\/es\/libro\/junil-en-tierra-de-barbaros-9788473293358\/","title":{"rendered":"JUNIL EN TIERRA DE B\u00c1RBAROS"},"content":{"rendered":"<p>\u00bfNovela de aventuras o f\u00e1bula sobre la migraci\u00f3n? En la s\u00e9ptima novela de Joan-Llu\u00eds Llu\u00eds, una adolescente y un grupo de fugitivos cruzan media Europa en busca del pa\u00eds donde no existe la esclavitud. Junil en tierra de b\u00e1rbaros ha sido galardonada con el premio \u00d2mnium a mejor novela del a\u00f1o y encabeza la lista de los m\u00e1s vendidos desde su publicaci\u00f3n en septiembre.<\/p>\n","protected":false},"excerpt":{"rendered":"<p>LLU\u00cdS, JOAN-LLU\u00cdS<\/p>\n","protected":false},"featured_media":55971,"template":"","meta":{"_acf_changed":false,"om_disable_all_campaigns":false,"rs_blank_template":"","rs_page_bg_color":"","slide_template_v7":"","inline_featured_image":false,"_monsterinsights_skip_tracking":false,"_monsterinsights_sitenote_active":false,"_monsterinsights_sitenote_note":"","_monsterinsights_sitenote_category":0},"product_brand":[],"product_cat":[360],"product_tag":[],"class_list":{"0":"post-39120","1":"product","2":"type-product","3":"status-publish","4":"has-post-thumbnail","6":"product_cat-novela-historica-y-ficcion","8":"first","9":"instock","10":"taxable","11":"shipping-taxable","12":"purchasable","13":"product-type-simple"},"acf":{"autor":"LLU\u00cdS, JOAN-LLU\u00cdS","codart":"847329335","libros-coleccion":"FORA DE COL.LECCI\u00d3","ediciones":"1","encuadernacion":"R\u00fastica","fecha_de_publicacion":"01\/04\/2022","novedad":"1","paginas":"288","subtitulo":"","orden":"0","portada":"0","idioma":"spa","editorial":[{"ID":6163,"post_author":"3","post_date":"2022-07-28 17:46:15","post_date_gmt":"2022-07-28 15:46:15","post_content":"","post_title":"CLUB EDITOR","post_excerpt":"","post_status":"publish","comment_status":"closed","ping_status":"closed","post_password":"","post_name":"club-editor","to_ping":"","pinged":"","post_modified":"2022-07-28 17:46:15","post_modified_gmt":"2022-07-28 15:46:15","post_content_filtered":"","post_parent":0,"guid":"http:\/\/dev.claret.cat\/editorial\/club-editor\/","menu_order":0,"post_type":"editorial","post_mime_type":"","comment_count":"0","filter":"raw"}],"autores-libros":[{"ID":159468,"post_author":"3","post_date":"2022-10-14 15:45:05","post_date_gmt":"2022-10-14 13:45:05","post_content":"","post_title":"JOAN-LLUIS LLUIS","post_excerpt":"","post_status":"publish","comment_status":"closed","ping_status":"closed","post_password":"","post_name":"joan-lluis-lluis-3","to_ping":"","pinged":"","post_modified":"2022-10-14 15:45:05","post_modified_gmt":"2022-10-14 13:45:05","post_content_filtered":"","post_parent":0,"guid":"http:\/\/dev.claret.cat\/autor\/joan-lluis-lluis-3\/","menu_order":0,"post_type":"autor","post_mime_type":"","comment_count":"0","filter":"raw"}]},"aioseo_notices":[],"_links":{"self":[{"href":"https:\/\/www.claret.cat\/es\/wp-json\/wp\/v2\/product\/39120","targetHints":{"allow":["GET"]}}],"collection":[{"href":"https:\/\/www.claret.cat\/es\/wp-json\/wp\/v2\/product"}],"about":[{"href":"https:\/\/www.claret.cat\/es\/wp-json\/wp\/v2\/types\/product"}],"wp:featuredmedia":[{"embeddable":true,"href":"https:\/\/www.claret.cat\/es\/wp-json\/wp\/v2\/media\/55971"}],"wp:attachment":[{"href":"https:\/\/www.claret.cat\/es\/wp-json\/wp\/v2\/media?parent=39120"}],"wp:term":[{"taxonomy":"product_brand","embeddable":true,"href":"https:\/\/www.claret.cat\/es\/wp-json\/wp\/v2\/product_brand?post=39120"},{"taxonomy":"product_cat","embeddable":true,"href":"https:\/\/www.claret.cat\/es\/wp-json\/wp\/v2\/product_cat?post=39120"},{"taxonomy":"product_tag","embeddable":true,"href":"https:\/\/www.claret.cat\/es\/wp-json\/wp\/v2\/product_tag?post=39120"}],"curies":[{"name":"wp","href":"https:\/\/api.w.org\/{rel}","templated":true}]}}