{"id":391476,"date":"2023-02-17T13:50:09","date_gmt":"2023-02-17T12:50:09","guid":{"rendered":"https:\/\/www.claret.cat\/llibre\/los-libros-de-jacob-9788433901804\/"},"modified":"2023-10-06T06:19:26","modified_gmt":"2023-10-06T04:19:26","slug":"los-libros-de-jacob-9788433901804","status":"publish","type":"product","link":"https:\/\/www.claret.cat\/es\/libro\/los-libros-de-jacob-9788433901804\/","title":{"rendered":"LOS LIBROS DE JACOB"},"content":{"rendered":"<p>Vuelve la Premio Nobel con una novela total sobre las andanzas de Jacob Frank, que se autoproclam\u00f3 Mes\u00edas en pleno Siglo de las Luces. Jacob Frank, el protagonista de esta novela, parece por sus peripecias un personaje ficticio que solo la mente de una novelista podr\u00eda concebir. Sin embargo, resulta que existi\u00f3, y su vida est\u00e1 hist\u00f3ricamente documentada. La Premio Nobel Olga Tokarczuk parte de las andanzas de este personaje real para construir una novela impetuosa, deslumbrante.En la segunda mitad del siglo XVIII, el joven jud\u00edo Jacob Frank se reinvent\u00f3 una y otra vez; recorri\u00f3 dos imperios, el de los Habsburgo y el Otomano; profes\u00f3 tres religiones; se autoproclam\u00f3 Mes\u00edas; soliviant\u00f3 a las autoridades; reuni\u00f3 disc\u00edpulos y cre\u00f3 una secta que abogaba por romper tab\u00faes y practicaba, seg\u00fan algunos rumores, ritos orgi\u00e1sticos y bacanales; busc\u00f3 la trascendencia espiritual en pleno Siglo de las Luces; cuestion\u00f3 el orden establecido y fue perseguido y acusado de hereje&#8230; Con este personaje real casi inveros\u00edmil \u2013carism\u00e1tico, loco, subversivo, iconoclasta\u2013, la autora construye una novela \u00e9pica, hist\u00f3rica, sat\u00edrica y filos\u00f3fica que recorre Europa hasta sus confines, desde las aldeas campesinas hasta las sofisticadas cortes. Con una prosa exquisita y un ritmo que no da tregua, Tokarczuk atrapa al lector en sus garras y no lo suelta.Una novela total, que reconstruye una historia poco conocida de nuestro pasado para abordar literariamente los grandes temas de nuestro presente.<\/p>\n","protected":false},"excerpt":{"rendered":"<p>TOKARCZUK, OLGA<\/p>\n","protected":false},"featured_media":391750,"template":"","meta":{"_acf_changed":false,"om_disable_all_campaigns":false,"rs_blank_template":"","rs_page_bg_color":"","slide_template_v7":"","inline_featured_image":false,"_monsterinsights_skip_tracking":false,"_monsterinsights_sitenote_active":false,"_monsterinsights_sitenote_note":"","_monsterinsights_sitenote_category":0},"product_brand":[],"product_cat":[357],"product_tag":[],"class_list":{"0":"post-391476","1":"product","2":"type-product","3":"status-publish","4":"has-post-thumbnail","6":"product_cat-novela-contemporanea","8":"first","9":"instock","10":"taxable","11":"shipping-taxable","12":"purchasable","13":"product-type-simple"},"acf":{"editorial":[{"ID":6219,"post_author":"3","post_date":"2022-07-28 17:47:26","post_date_gmt":"2022-07-28 15:47:26","post_content":"","post_title":"Editorial Anagrama S.A.","post_excerpt":"","post_status":"publish","comment_status":"closed","ping_status":"closed","post_password":"","post_name":"editorial-anagrama-s-a","to_ping":"","pinged":"","post_modified":"2022-07-28 17:47:26","post_modified_gmt":"2022-07-28 15:47:26","post_content_filtered":"","post_parent":0,"guid":"http:\/\/dev.claret.cat\/editorial\/editorial-anagrama-s-a\/","menu_order":0,"post_type":"editorial","post_mime_type":"","comment_count":"0","filter":"raw"}],"autor":"TOKARCZUK, OLGA","codart":"843390180","libros-coleccion":"Panorama de narrativas","ediciones":"1","encuadernacion":"R\u00fastica","fecha_de_publicacion":"01\/02\/2023","novedad":"1","paginas":"19","subtitulo":"","orden":"0","portada":"0","idioma":"spa","autores-libros":[{"ID":166160,"post_author":"3","post_date":"2022-10-14 18:00:54","post_date_gmt":"2022-10-14 16:00:54","post_content":"","post_title":"OLGA TOKARCZUK","post_excerpt":"","post_status":"publish","comment_status":"closed","ping_status":"closed","post_password":"","post_name":"olga-tokarczuk","to_ping":"","pinged":"","post_modified":"2022-10-14 18:00:54","post_modified_gmt":"2022-10-14 16:00:54","post_content_filtered":"","post_parent":0,"guid":"http:\/\/dev.claret.cat\/autor\/olga-tokarczuk\/","menu_order":0,"post_type":"autor","post_mime_type":"","comment_count":"0","filter":"raw"}]},"aioseo_notices":[],"_links":{"self":[{"href":"https:\/\/www.claret.cat\/es\/wp-json\/wp\/v2\/product\/391476","targetHints":{"allow":["GET"]}}],"collection":[{"href":"https:\/\/www.claret.cat\/es\/wp-json\/wp\/v2\/product"}],"about":[{"href":"https:\/\/www.claret.cat\/es\/wp-json\/wp\/v2\/types\/product"}],"wp:featuredmedia":[{"embeddable":true,"href":"https:\/\/www.claret.cat\/es\/wp-json\/wp\/v2\/media\/391750"}],"wp:attachment":[{"href":"https:\/\/www.claret.cat\/es\/wp-json\/wp\/v2\/media?parent=391476"}],"wp:term":[{"taxonomy":"product_brand","embeddable":true,"href":"https:\/\/www.claret.cat\/es\/wp-json\/wp\/v2\/product_brand?post=391476"},{"taxonomy":"product_cat","embeddable":true,"href":"https:\/\/www.claret.cat\/es\/wp-json\/wp\/v2\/product_cat?post=391476"},{"taxonomy":"product_tag","embeddable":true,"href":"https:\/\/www.claret.cat\/es\/wp-json\/wp\/v2\/product_tag?post=391476"}],"curies":[{"name":"wp","href":"https:\/\/api.w.org\/{rel}","templated":true}]}}