{"id":391657,"date":"2023-02-17T20:05:55","date_gmt":"2023-02-17T19:05:55","guid":{"rendered":"https:\/\/www.claret.cat\/llibre\/libros-profeticos-9788490738757\/"},"modified":"2024-05-23T04:44:38","modified_gmt":"2024-05-23T02:44:38","slug":"libros-profeticos-9788490738757","status":"publish","type":"product","link":"https:\/\/www.claret.cat\/es\/libro\/libros-profeticos-9788490738757\/","title":{"rendered":"LIBROS PROF\u00c9TICOS"},"content":{"rendered":"<p><span>El lector tiene entre ante s\u00ed una gu\u00eda para profundizar en la riqueza contenida en los libros prof\u00e9ticos de la Biblia, aut\u00e9ntico patrimonio de la humanidad. Sin ellos, dif\u00edcilmente se comprende nuestra cultura, religi\u00f3n y sociedad. Quien se deje conducir por sus p\u00e1ginas, descubrir\u00e1 el inicio de la gran aportaci\u00f3n de la Biblia a la historia de la civilizaci\u00f3n: el monote\u00edsmo. Se encontrar\u00e1 con la voz de Dios, mediada por la voz de sus profetas, de su pueblo, principalmente el pueblo sufriente y humilde, y de su creaci\u00f3n, que goza con la luz de la Palabra y gime cuando se cierne sobre ella el velo la injusticia y de la violencia. Sentir\u00e1 c\u00f3mo esas voces le comprometen y le estimulan, le interpelan y le inquietan, le dan esperanza y sentido. Encuentros, vivencias, sensaciones. Todo ello gracias, adem\u00e1s, a la amplia experiencia pedag\u00f3gica e investigadora de los autores de esta obra, que con rigor y actualidad gu\u00edan a sus lectores por el fascinante mundo del profetismo b\u00edblico.<\/span><\/p>\n","protected":false},"excerpt":{"rendered":"<p>RAMIS DARDER, FRANCESC ;  BARRIOCANAL G\u00d3MEZ, JOS\u00c9 LUIS ;  AUS\u00cdN OLMOS, SANTIAGO<\/p>\n","protected":false},"featured_media":391678,"template":"","meta":{"_acf_changed":false,"om_disable_all_campaigns":false,"rs_blank_template":"","rs_page_bg_color":"","slide_template_v7":"","inline_featured_image":false,"_monsterinsights_skip_tracking":false,"_monsterinsights_sitenote_active":false,"_monsterinsights_sitenote_note":"","_monsterinsights_sitenote_category":0},"product_brand":[],"product_cat":[461,199],"product_tag":[],"class_list":{"0":"post-391657","1":"product","2":"type-product","3":"status-publish","4":"has-post-thumbnail","6":"product_cat-profetas","7":"product_cat-profetes","9":"first","10":"instock","11":"taxable","12":"shipping-taxable","13":"purchasable","14":"product-type-simple"},"acf":{"autor":"RAMIS DARDER, FRANCESC ;  BARRIOCANAL G\u00d3MEZ, JOS\u00c9 LUIS ;  AUS\u00cdN OLMOS, SANTIAGO","codart":"849073875","libros-coleccion":"INTRODUCCION ESTUDIO BIBLIA","ediciones":"1","encuadernacion":"R\u00fastica","fecha_de_publicacion":"13\/02\/2023","novedad":"1","paginas":"752","subtitulo":"","orden":"0","portada":"0","idioma":"spa","editorial":[{"ID":6390,"post_author":"3","post_date":"2022-07-28 17:51:08","post_date_gmt":"2022-07-28 15:51:08","post_content":"","post_title":"VERBO DIVINO","post_excerpt":"","post_status":"publish","comment_status":"closed","ping_status":"closed","post_password":"","post_name":"verbo-divino","to_ping":"","pinged":"","post_modified":"2022-07-28 17:51:08","post_modified_gmt":"2022-07-28 15:51:08","post_content_filtered":"","post_parent":0,"guid":"http:\/\/dev.claret.cat\/editorial\/verbo-divino\/","menu_order":0,"post_type":"editorial","post_mime_type":"","comment_count":"0","filter":"raw"}],"autores-libros":[{"ID":156129,"post_author":"3","post_date":"2022-10-14 15:18:20","post_date_gmt":"2022-10-14 13:18:20","post_content":"","post_title":"FRANCESC RAMIS DARDER","post_excerpt":"","post_status":"publish","comment_status":"closed","ping_status":"closed","post_password":"","post_name":"francesc-ramis-darder","to_ping":"","pinged":"","post_modified":"2022-10-14 15:18:20","post_modified_gmt":"2022-10-14 13:18:20","post_content_filtered":"","post_parent":0,"guid":"http:\/\/dev.claret.cat\/autor\/francesc-ramis-darder\/","menu_order":0,"post_type":"autor","post_mime_type":"","comment_count":"0","filter":"raw"},{"ID":169035,"post_author":"3","post_date":"2022-10-14 22:23:57","post_date_gmt":"2022-10-14 20:23:57","post_content":"","post_title":"SANTIAGO AUSIN OLMOS","post_excerpt":"","post_status":"publish","comment_status":"closed","ping_status":"closed","post_password":"","post_name":"santiago-ausin-olmos","to_ping":"","pinged":"","post_modified":"2022-10-14 22:23:57","post_modified_gmt":"2022-10-14 20:23:57","post_content_filtered":"","post_parent":0,"guid":"http:\/\/dev.claret.cat\/autor\/santiago-ausin-olmos\/","menu_order":0,"post_type":"autor","post_mime_type":"","comment_count":"0","filter":"raw"},{"ID":160307,"post_author":"3","post_date":"2022-10-14 15:52:01","post_date_gmt":"2022-10-14 13:52:01","post_content":"","post_title":"JOS\u00c9 LUIS BARRIOCANAL G\u00d3MEZ","post_excerpt":"","post_status":"publish","comment_status":"closed","ping_status":"closed","post_password":"","post_name":"jose-luis-barriocanal-gomez","to_ping":"","pinged":"","post_modified":"2022-10-14 15:52:01","post_modified_gmt":"2022-10-14 13:52:01","post_content_filtered":"","post_parent":0,"guid":"http:\/\/dev.claret.cat\/autor\/jose-luis-barriocanal-gomez\/","menu_order":0,"post_type":"autor","post_mime_type":"","comment_count":"0","filter":"raw"}]},"aioseo_notices":[],"_links":{"self":[{"href":"https:\/\/www.claret.cat\/es\/wp-json\/wp\/v2\/product\/391657","targetHints":{"allow":["GET"]}}],"collection":[{"href":"https:\/\/www.claret.cat\/es\/wp-json\/wp\/v2\/product"}],"about":[{"href":"https:\/\/www.claret.cat\/es\/wp-json\/wp\/v2\/types\/product"}],"wp:featuredmedia":[{"embeddable":true,"href":"https:\/\/www.claret.cat\/es\/wp-json\/wp\/v2\/media\/391678"}],"wp:attachment":[{"href":"https:\/\/www.claret.cat\/es\/wp-json\/wp\/v2\/media?parent=391657"}],"wp:term":[{"taxonomy":"product_brand","embeddable":true,"href":"https:\/\/www.claret.cat\/es\/wp-json\/wp\/v2\/product_brand?post=391657"},{"taxonomy":"product_cat","embeddable":true,"href":"https:\/\/www.claret.cat\/es\/wp-json\/wp\/v2\/product_cat?post=391657"},{"taxonomy":"product_tag","embeddable":true,"href":"https:\/\/www.claret.cat\/es\/wp-json\/wp\/v2\/product_tag?post=391657"}],"curies":[{"name":"wp","href":"https:\/\/api.w.org\/{rel}","templated":true}]}}