{"id":391684,"date":"2023-02-17T20:07:42","date_gmt":"2023-02-17T19:07:42","guid":{"rendered":"https:\/\/www.claret.cat\/llibre\/un-viaje-de-cine-9788418641268\/"},"modified":"2023-10-06T06:05:59","modified_gmt":"2023-10-06T04:05:59","slug":"un-viaje-de-cine-9788418641268","status":"publish","type":"product","link":"https:\/\/www.claret.cat\/es\/libro\/un-viaje-de-cine-9788418641268\/","title":{"rendered":"UN VIAJE DE CINE"},"content":{"rendered":"<p>Lucas, Patricia, Marcos y Mar\u00eda se embarcan en una aventura que cambiar\u00e1 sus vidas. Nos llevar\u00e1n a explorar el mundo y sus complejidades. De la mano de sus mentores, escribir\u00e1n un diario de vivencias personales contado en primera persona.<br \/> Quieren ayudarnos a buscar respuestas y soluciones a los retos de la sociedad de hoy, para construirla d\u00eda a d\u00eda, con justicia, equidad y sostenibilidad, desde una mirada atenta al otro.<br \/> Si te dejas interpelar, este libro interactivo har\u00e1 que t\u00fa seas el protagonista. Juntos descubriremos los valores esenciales de las distintas culturas que nos unen y nos comprometen en la mejora del entorno y el crecimiento personal a trav\u00e9s del cine.<br \/> Las autoras, docentes y apasionadas del s\u00e9ptimo arte, facilitan un amplio abanico de pel\u00edculas y recursos cinematogr\u00e1ficos para dinamizar equipos de trabajo en el \u00e1mbito de la educaci\u00f3n en valores y el respeto por las culturas.<\/p>\n","protected":false},"excerpt":{"rendered":"<p>MONTSERRAT, ASSUMPTA \/ CLAVERAS, MONTSERRAT<\/p>\n","protected":false},"featured_media":391687,"template":"","meta":{"_acf_changed":false,"om_disable_all_campaigns":false,"rs_blank_template":"","rs_page_bg_color":"","slide_template_v7":"","inline_featured_image":false,"_monsterinsights_skip_tracking":false,"_monsterinsights_sitenote_active":false,"_monsterinsights_sitenote_note":"","_monsterinsights_sitenote_category":0},"product_brand":[],"product_cat":[566,363],"product_tag":[],"class_list":{"0":"post-391684","1":"product","2":"type-product","3":"status-publish","4":"has-post-thumbnail","6":"product_cat-juvenil-3_infantil-juvenil-spa-spa","7":"product_cat-lecturas-por-adolescentes-12-18-anos","9":"first","10":"instock","11":"taxable","12":"shipping-taxable","13":"purchasable","14":"product-type-simple"},"acf":{"autor":"MONTSERRAT, ASSUMPTA \/ CLAVERAS, MONTSERRAT","codart":"841864126","libros-coleccion":"FORA DE COL.LECCI\u00d3","ediciones":"1","encuadernacion":"R\u00fastica","fecha_de_publicacion":"01\/02\/2023","novedad":"1","paginas":"172","subtitulo":"","orden":"0","portada":"0","idioma":"spa","editorial":[{"ID":147568,"post_author":"3","post_date":"2022-10-14 11:51:34","post_date_gmt":"2022-10-14 09:51:34","post_content":"","post_title":"Brief Ediciones","post_excerpt":"","post_status":"publish","comment_status":"closed","ping_status":"closed","post_password":"","post_name":"brief-ediciones","to_ping":"","pinged":"","post_modified":"2022-10-14 11:51:34","post_modified_gmt":"2022-10-14 09:51:34","post_content_filtered":"","post_parent":0,"guid":"http:\/\/dev.claret.cat\/editorial\/brief-ediciones\/","menu_order":0,"post_type":"editorial","post_mime_type":"","comment_count":"0","filter":"raw"}],"autores-libros":[{"ID":165426,"post_author":"3","post_date":"2022-10-14 17:55:05","post_date_gmt":"2022-10-14 15:55:05","post_content":"","post_title":"MONTSERRAT CLAVERAS","post_excerpt":"","post_status":"publish","comment_status":"closed","ping_status":"closed","post_password":"","post_name":"montserrat-claveras","to_ping":"","pinged":"","post_modified":"2022-10-14 17:55:05","post_modified_gmt":"2022-10-14 15:55:05","post_content_filtered":"","post_parent":0,"guid":"http:\/\/dev.claret.cat\/autor\/montserrat-claveras\/","menu_order":0,"post_type":"autor","post_mime_type":"","comment_count":"0","filter":"raw"},{"ID":369569,"post_author":"3","post_date":"2023-01-16 01:43:35","post_date_gmt":"2023-01-16 00:43:35","post_content":"","post_title":"ASSUMPTA MONTSERRAT","post_excerpt":"","post_status":"publish","comment_status":"closed","ping_status":"closed","post_password":"","post_name":"assumpta-montserrat","to_ping":"","pinged":"","post_modified":"2023-01-16 01:43:35","post_modified_gmt":"2023-01-16 00:43:35","post_content_filtered":"","post_parent":0,"guid":"https:\/\/www.claret.cat\/autor\/assumpta-montserrat\/","menu_order":0,"post_type":"autor","post_mime_type":"","comment_count":"0","filter":"raw"}]},"aioseo_notices":[],"_links":{"self":[{"href":"https:\/\/www.claret.cat\/es\/wp-json\/wp\/v2\/product\/391684","targetHints":{"allow":["GET"]}}],"collection":[{"href":"https:\/\/www.claret.cat\/es\/wp-json\/wp\/v2\/product"}],"about":[{"href":"https:\/\/www.claret.cat\/es\/wp-json\/wp\/v2\/types\/product"}],"wp:featuredmedia":[{"embeddable":true,"href":"https:\/\/www.claret.cat\/es\/wp-json\/wp\/v2\/media\/391687"}],"wp:attachment":[{"href":"https:\/\/www.claret.cat\/es\/wp-json\/wp\/v2\/media?parent=391684"}],"wp:term":[{"taxonomy":"product_brand","embeddable":true,"href":"https:\/\/www.claret.cat\/es\/wp-json\/wp\/v2\/product_brand?post=391684"},{"taxonomy":"product_cat","embeddable":true,"href":"https:\/\/www.claret.cat\/es\/wp-json\/wp\/v2\/product_cat?post=391684"},{"taxonomy":"product_tag","embeddable":true,"href":"https:\/\/www.claret.cat\/es\/wp-json\/wp\/v2\/product_tag?post=391684"}],"curies":[{"name":"wp","href":"https:\/\/api.w.org\/{rel}","templated":true}]}}