{"id":39177,"date":"2022-10-02T19:03:17","date_gmt":"2022-10-02T17:03:17","guid":{"rendered":"http:\/\/dev.claret.cat\/producte\/alli-donde-nace-el-dia\/"},"modified":"2023-10-06T09:46:15","modified_gmt":"2023-10-06T07:46:15","slug":"alli-donde-nace-el-dia-9788413144283","status":"publish","type":"product","link":"https:\/\/www.claret.cat\/es\/libro\/alli-donde-nace-el-dia-9788413144283\/","title":{"rendered":"ALL\u00cd DONDE NACE EL D\u00cdA"},"content":{"rendered":"<p>Solo contaban con ellas mismas para elegir su destino.  Sarah Lark regresa al escenario del bestseller En el pa\u00eds de la nube blanca. Islas Chatham, 1835. La joven moriori Kimi ha sido testigo directo  de la invasi\u00f3n maor\u00ed de sus tierras. Dolorosamente, ha comprendido que  las leyes de sus dioses no la pueden proteger ni de los maor\u00edes, ni del  hombre blanco. Tampoco el hombre cuyo hijo est\u00e1 esperando, podr\u00e1 salvarla. Al mismo tiempo, una joven alemana, Ruth, ha decidido viajar al fin del  mundo detr\u00e1s del sue\u00f1o del hombre al que ama. Pero, \u00bfrealmente merece la  pena seguir los pasos de un hombre cuya lucha la mantiene siempre alejada de \u00e9l? Ambas mujeres deber\u00e1n tomar las riendas de su destino y luchar por su futuro y su felicidad. La cr\u00edtica ha dicho:<br \/>\u00abAventuras ex\u00f3ticas, amor e historia: Sarah Lark tiene la f\u00f3rmula m\u00e1gica del \u00e9xito.\u00bb<br \/>El Peri\u00f3dico<\/p>\n","protected":false},"excerpt":{"rendered":"<p>LARK, SARAH<\/p>\n","protected":false},"featured_media":56009,"template":"","meta":{"_acf_changed":false,"om_disable_all_campaigns":false,"rs_blank_template":"","rs_page_bg_color":"","slide_template_v7":"","inline_featured_image":false,"_monsterinsights_skip_tracking":false,"_monsterinsights_sitenote_active":false,"_monsterinsights_sitenote_note":"","_monsterinsights_sitenote_category":0},"product_brand":[],"product_cat":[360],"product_tag":[],"class_list":{"0":"post-39177","1":"product","2":"type-product","3":"status-publish","4":"has-post-thumbnail","6":"product_cat-novela-historica-y-ficcion","8":"first","9":"instock","10":"taxable","11":"shipping-taxable","12":"purchasable","13":"product-type-simple"},"acf":{"autor":"LARK, SARAH","codart":"841314428","libros-coleccion":"Ficci\u00f3n","ediciones":"1","encuadernacion":"R\u00fastica","fecha_de_publicacion":"01\/04\/2022","novedad":"1","paginas":"684","subtitulo":"","orden":"0","portada":"0","idioma":"spa","editorial":[{"ID":6138,"post_author":"3","post_date":"2022-07-28 17:45:42","post_date_gmt":"2022-07-28 15:45:42","post_content":"","post_title":"B de Bolsillo (Ediciones B)","post_excerpt":"","post_status":"publish","comment_status":"closed","ping_status":"closed","post_password":"","post_name":"b-de-bolsillo-ediciones-b","to_ping":"","pinged":"","post_modified":"2022-07-28 17:45:42","post_modified_gmt":"2022-07-28 15:45:42","post_content_filtered":"","post_parent":0,"guid":"http:\/\/dev.claret.cat\/editorial\/b-de-bolsillo-ediciones-b\/","menu_order":0,"post_type":"editorial","post_mime_type":"","comment_count":"0","filter":"raw"}],"autores-libros":[{"ID":169149,"post_author":"3","post_date":"2022-10-14 22:24:52","post_date_gmt":"2022-10-14 20:24:52","post_content":"","post_title":"SARAH LARK","post_excerpt":"","post_status":"publish","comment_status":"closed","ping_status":"closed","post_password":"","post_name":"sarah-lark","to_ping":"","pinged":"","post_modified":"2022-10-14 22:24:52","post_modified_gmt":"2022-10-14 20:24:52","post_content_filtered":"","post_parent":0,"guid":"http:\/\/dev.claret.cat\/autor\/sarah-lark\/","menu_order":0,"post_type":"autor","post_mime_type":"","comment_count":"0","filter":"raw"}]},"aioseo_notices":[],"_links":{"self":[{"href":"https:\/\/www.claret.cat\/es\/wp-json\/wp\/v2\/product\/39177","targetHints":{"allow":["GET"]}}],"collection":[{"href":"https:\/\/www.claret.cat\/es\/wp-json\/wp\/v2\/product"}],"about":[{"href":"https:\/\/www.claret.cat\/es\/wp-json\/wp\/v2\/types\/product"}],"wp:featuredmedia":[{"embeddable":true,"href":"https:\/\/www.claret.cat\/es\/wp-json\/wp\/v2\/media\/56009"}],"wp:attachment":[{"href":"https:\/\/www.claret.cat\/es\/wp-json\/wp\/v2\/media?parent=39177"}],"wp:term":[{"taxonomy":"product_brand","embeddable":true,"href":"https:\/\/www.claret.cat\/es\/wp-json\/wp\/v2\/product_brand?post=39177"},{"taxonomy":"product_cat","embeddable":true,"href":"https:\/\/www.claret.cat\/es\/wp-json\/wp\/v2\/product_cat?post=39177"},{"taxonomy":"product_tag","embeddable":true,"href":"https:\/\/www.claret.cat\/es\/wp-json\/wp\/v2\/product_tag?post=39177"}],"curies":[{"name":"wp","href":"https:\/\/api.w.org\/{rel}","templated":true}]}}