{"id":39180,"date":"2022-10-02T19:03:20","date_gmt":"2022-10-02T17:03:20","guid":{"rendered":"http:\/\/dev.claret.cat\/producte\/algunos-dias-de-noviembre-inspector-mascarell-11\/"},"modified":"2023-10-06T09:51:27","modified_gmt":"2023-10-06T07:51:27","slug":"algunos-dias-de-noviembre-inspector-mascarell-11-9788466358521","status":"publish","type":"product","link":"https:\/\/www.claret.cat\/es\/libro\/algunos-dias-de-noviembre-inspector-mascarell-11-9788466358521\/","title":{"rendered":"ALGUNOS D\u00cdAS DE NOVIEMBRE (INSPECTOR MASCARELL 11)"},"content":{"rendered":"<p>Un nuevo y apasionante caso del ex inspector Miquel Mascarell y el  detective Fortuny que los llevara a las bambalinas del mundo del espect\u00e1culo de la Barcelona de post guerra. Noviembre de 1951. Miquel Mascarell ha acabado aceptando la oferta de  David Fortuny de trabajar con \u00e9l en su agencia de detectives. Una elegante mujer, esposa de un importante agente del mundo del  espect\u00e1culo, los contrata. Su marido est\u00e1 recibiendo amenazas de muerte.  Por desgracia un asesinato lo tuerce todo y tendr\u00e1n que introducirse en  los entresijos del mundillo del cine, el teatro, las variet\u00e9s, con  actores y actrices que matar\u00edan por un papel o por mantenerse en la cima del \u00e9xito. Jordi Sierra i Fabra (Barcelona, 1947) es uno de los autores m\u00e1s le\u00eddos  y populares del panorama literario espa\u00f1ol y, con m\u00e1s de trece millones  de libros vendidos y cuarenta premios literarios a ambos lados del Atl\u00e1ntico. Rese\u00f1as:<br \/>\u00abCon datos, cifras, testimonios y frases reales, como siempre producto  de una exhaustiva investigaci\u00f3n, Sierra i Fabra vuelve a elaborar un  retrato social de la dictadura, con intriga, toques de humor y mucho amor.\u00bb<br \/>Alba Porral, El baile de las palabras \u00abMascarell est\u00e1 completamente asentado en la historia negra de este pa\u00eds. En la novela negra de este pa\u00eds.\u00bb<br \/>Interrobang \u00abLas novelas del exinspector Mascarell son mucho m\u00e1s que unas simples novelas polic\u00edacas. Much\u00edsimo m\u00e1s que eso.\u00bb<br \/>Fernando Baeta,  El Espa\u00f1ol \u00abOjal\u00e1 tengamos a Mascarell por mucho tiempo m\u00e1s. Es historia viva.\u00bb<br \/>Lilian Neuman, La Vanguardia<\/p>\n","protected":false},"excerpt":{"rendered":"<p>SIERRA I FABRA, JORDI<\/p>\n","protected":false},"featured_media":454348,"template":"","meta":{"_acf_changed":false,"om_disable_all_campaigns":false,"rs_blank_template":"","rs_page_bg_color":"","slide_template_v7":"","inline_featured_image":false,"_monsterinsights_skip_tracking":false,"_monsterinsights_sitenote_active":false,"_monsterinsights_sitenote_note":"","_monsterinsights_sitenote_category":0},"product_brand":[],"product_cat":[357],"product_tag":[],"class_list":{"0":"post-39180","1":"product","2":"type-product","3":"status-publish","4":"has-post-thumbnail","6":"product_cat-novela-contemporanea","8":"first","9":"instock","10":"taxable","11":"shipping-taxable","12":"purchasable","13":"product-type-simple"},"acf":{"autor":"SIERRA I FABRA, JORDI","codart":"846635852","libros-coleccion":"Inspector Mascarell","ediciones":"1","encuadernacion":"R\u00fastica","fecha_de_publicacion":"01\/04\/2022","novedad":"1","paginas":"312","subtitulo":"UN CR\u00cdMEN EN EL MUNDO DEL ESPECT\u00c1CULO","orden":"0","portada":"0","idioma":"spa","editorial":[{"ID":6178,"post_author":"3","post_date":"2022-07-28 17:46:34","post_date_gmt":"2022-07-28 15:46:34","post_content":"","post_title":"DEBOLSILLO","post_excerpt":"","post_status":"publish","comment_status":"closed","ping_status":"closed","post_password":"","post_name":"debolsillo","to_ping":"","pinged":"","post_modified":"2022-07-28 17:46:34","post_modified_gmt":"2022-07-28 15:46:34","post_content_filtered":"","post_parent":0,"guid":"http:\/\/dev.claret.cat\/editorial\/debolsillo\/","menu_order":0,"post_type":"editorial","post_mime_type":"","comment_count":"0","filter":"raw"}],"autores-libros":[{"ID":160013,"post_author":"3","post_date":"2022-10-14 15:49:35","post_date_gmt":"2022-10-14 13:49:35","post_content":"","post_title":"JORDI SIERRA I FABRA","post_excerpt":"","post_status":"publish","comment_status":"closed","ping_status":"closed","post_password":"","post_name":"jordi-sierra-i-fabra","to_ping":"","pinged":"","post_modified":"2022-10-14 15:49:35","post_modified_gmt":"2022-10-14 13:49:35","post_content_filtered":"","post_parent":0,"guid":"http:\/\/dev.claret.cat\/autor\/jordi-sierra-i-fabra\/","menu_order":0,"post_type":"autor","post_mime_type":"","comment_count":"0","filter":"raw"}]},"aioseo_notices":[],"_links":{"self":[{"href":"https:\/\/www.claret.cat\/es\/wp-json\/wp\/v2\/product\/39180","targetHints":{"allow":["GET"]}}],"collection":[{"href":"https:\/\/www.claret.cat\/es\/wp-json\/wp\/v2\/product"}],"about":[{"href":"https:\/\/www.claret.cat\/es\/wp-json\/wp\/v2\/types\/product"}],"wp:featuredmedia":[{"embeddable":true,"href":"https:\/\/www.claret.cat\/es\/wp-json\/wp\/v2\/media\/454348"}],"wp:attachment":[{"href":"https:\/\/www.claret.cat\/es\/wp-json\/wp\/v2\/media?parent=39180"}],"wp:term":[{"taxonomy":"product_brand","embeddable":true,"href":"https:\/\/www.claret.cat\/es\/wp-json\/wp\/v2\/product_brand?post=39180"},{"taxonomy":"product_cat","embeddable":true,"href":"https:\/\/www.claret.cat\/es\/wp-json\/wp\/v2\/product_cat?post=39180"},{"taxonomy":"product_tag","embeddable":true,"href":"https:\/\/www.claret.cat\/es\/wp-json\/wp\/v2\/product_tag?post=39180"}],"curies":[{"name":"wp","href":"https:\/\/api.w.org\/{rel}","templated":true}]}}