{"id":39189,"date":"2022-10-02T19:03:30","date_gmt":"2022-10-02T17:03:30","guid":{"rendered":"http:\/\/dev.claret.cat\/producte\/eloy-moreno-estuche-con-el-boligrafo-de-gel-verde-tierra-el-regalo-invis\/"},"modified":"2023-10-06T09:46:04","modified_gmt":"2023-10-06T07:46:04","slug":"eloy-moreno-estuche-con-el-boligrafo-de-gel-verde-tierra-el-regalo-invis-9788413145082","status":"publish","type":"product","link":"https:\/\/www.claret.cat\/es\/libro\/eloy-moreno-estuche-con-el-boligrafo-de-gel-verde-tierra-el-regalo-invis-9788413145082\/","title":{"rendered":"ELOY MORENO (ESTUCHE CON: EL BOL\u00cdGRAFO DE GEL VERDE | TIERRA | EL REGALO | INVIS"},"content":{"rendered":"<p>Las novelas m\u00e1s queridas e imprescindibles de Eloy Moreno ahora por fin reunidas. EL BOL\u00cdGRAFO DE GEL VERDE<br \/>\u00bfPuede alguien vivir en 445 m2 durante el resto de su vida?<br \/>Esta es la historia de un hombre que fue capaz de hacer realidad lo que  por las noches imaginaba bajo las s\u00e1banas: empezar todo de nuevo. TIERRA<br \/>El problema de buscar la verdad es encontrarla y no saber qu\u00e9 hacer con ella. EL REGALO<br \/>Y llegamos a un lugar que no sabr\u00eda c\u00f3mo definir. \u00bfQui\u00e9n sabe? Quiz\u00e1s no  era m\u00e1s que la parte trasera del armario de mi vida: ah\u00ed donde se  almacenan prendas que no volver\u00e1s a ponerte pero que te da pena tirar. INVISIBLE<br \/>\u00bfQui\u00e9n no ha deseado alguna vez ser invisible?<br \/>\u00bfQui\u00e9n no ha deseado alguna vez dejar de serlo? LO QUE ENCONTR\u00c9 BAJO EL SOF\u00c1<br \/>Con el tiempo he comprendido que la gente cambia. Es imposible ser  siempre la misma persona. \u00bfSabes por qu\u00e9?<br \/>Porque vivimos.<\/p>\n","protected":false},"excerpt":{"rendered":"<p>MORENO, ELOY<\/p>\n","protected":false},"featured_media":56019,"template":"","meta":{"_acf_changed":false,"om_disable_all_campaigns":false,"rs_blank_template":"","rs_page_bg_color":"","slide_template_v7":"","inline_featured_image":false,"_monsterinsights_skip_tracking":false,"_monsterinsights_sitenote_active":false,"_monsterinsights_sitenote_note":"","_monsterinsights_sitenote_category":0},"product_brand":[],"product_cat":[357],"product_tag":[],"class_list":{"0":"post-39189","1":"product","2":"type-product","3":"status-publish","4":"has-post-thumbnail","6":"product_cat-novela-contemporanea","8":"first","9":"instock","10":"taxable","11":"shipping-taxable","12":"purchasable","13":"product-type-simple"},"acf":{"autor":"MORENO, ELOY","codart":"841314508","libros-coleccion":"Ficci\u00f3n","ediciones":"1","encuadernacion":"R\u00fastica","fecha_de_publicacion":"01\/04\/2022","novedad":"1","paginas":"0","subtitulo":"","orden":"0","portada":"0","idioma":"spa","editorial":[{"ID":6138,"post_author":"3","post_date":"2022-07-28 17:45:42","post_date_gmt":"2022-07-28 15:45:42","post_content":"","post_title":"B de Bolsillo (Ediciones B)","post_excerpt":"","post_status":"publish","comment_status":"closed","ping_status":"closed","post_password":"","post_name":"b-de-bolsillo-ediciones-b","to_ping":"","pinged":"","post_modified":"2022-07-28 17:45:42","post_modified_gmt":"2022-07-28 15:45:42","post_content_filtered":"","post_parent":0,"guid":"http:\/\/dev.claret.cat\/editorial\/b-de-bolsillo-ediciones-b\/","menu_order":0,"post_type":"editorial","post_mime_type":"","comment_count":"0","filter":"raw"}],"autores-libros":[{"ID":154908,"post_author":"3","post_date":"2022-10-14 15:08:37","post_date_gmt":"2022-10-14 13:08:37","post_content":"","post_title":"ELOY MORENO","post_excerpt":"","post_status":"publish","comment_status":"closed","ping_status":"closed","post_password":"","post_name":"eloy-moreno","to_ping":"","pinged":"","post_modified":"2022-10-14 15:08:37","post_modified_gmt":"2022-10-14 13:08:37","post_content_filtered":"","post_parent":0,"guid":"http:\/\/dev.claret.cat\/autor\/eloy-moreno\/","menu_order":0,"post_type":"autor","post_mime_type":"","comment_count":"0","filter":"raw"}]},"aioseo_notices":[],"_links":{"self":[{"href":"https:\/\/www.claret.cat\/es\/wp-json\/wp\/v2\/product\/39189","targetHints":{"allow":["GET"]}}],"collection":[{"href":"https:\/\/www.claret.cat\/es\/wp-json\/wp\/v2\/product"}],"about":[{"href":"https:\/\/www.claret.cat\/es\/wp-json\/wp\/v2\/types\/product"}],"wp:featuredmedia":[{"embeddable":true,"href":"https:\/\/www.claret.cat\/es\/wp-json\/wp\/v2\/media\/56019"}],"wp:attachment":[{"href":"https:\/\/www.claret.cat\/es\/wp-json\/wp\/v2\/media?parent=39189"}],"wp:term":[{"taxonomy":"product_brand","embeddable":true,"href":"https:\/\/www.claret.cat\/es\/wp-json\/wp\/v2\/product_brand?post=39189"},{"taxonomy":"product_cat","embeddable":true,"href":"https:\/\/www.claret.cat\/es\/wp-json\/wp\/v2\/product_cat?post=39189"},{"taxonomy":"product_tag","embeddable":true,"href":"https:\/\/www.claret.cat\/es\/wp-json\/wp\/v2\/product_tag?post=39189"}],"curies":[{"name":"wp","href":"https:\/\/api.w.org\/{rel}","templated":true}]}}