{"id":391940,"date":"2023-02-18T14:15:10","date_gmt":"2023-02-18T13:15:10","guid":{"rendered":"https:\/\/www.claret.cat\/llibre\/hola-bebe-buenos-dias-buenas-noches-libro-de-tela-9789403231143\/"},"modified":"2023-10-06T06:09:34","modified_gmt":"2023-10-06T04:09:34","slug":"hola-bebe-buenos-dias-buenas-noches-libro-de-tela-9789403231143","status":"publish","type":"product","link":"https:\/\/www.claret.cat\/es\/libro\/hola-bebe-buenos-dias-buenas-noches-libro-de-tela-9789403231143\/","title":{"rendered":"HOLA BEB\u00c9 BUENOS D\u00cdAS BUENAS NOCHES &#8211; LIBRO DE TELA"},"content":{"rendered":"<p>Des\u00e9ale buenas noches a tu beb\u00e9 de pies a cabeza y despi\u00e9rtale acarici\u00e1ndole amorosamente todo su cuerpecito. Para empezar y terminar el d\u00eda jugando con tu beb\u00e9.<\/p>\n","protected":false},"excerpt":{"rendered":"<p>BALLON<\/p>\n","protected":false},"featured_media":392101,"template":"","meta":{"_acf_changed":false,"om_disable_all_campaigns":false,"rs_blank_template":"","rs_page_bg_color":"","slide_template_v7":"","inline_featured_image":false,"_monsterinsights_skip_tracking":false,"_monsterinsights_sitenote_active":false,"_monsterinsights_sitenote_note":"","_monsterinsights_sitenote_category":0},"product_brand":[],"product_cat":[361],"product_tag":[],"class_list":{"0":"post-391940","1":"product","2":"type-product","3":"status-publish","4":"has-post-thumbnail","6":"product_cat-cuentos-para-ninos-0-6-anos","8":"first","9":"instock","10":"taxable","11":"shipping-taxable","12":"purchasable","13":"product-type-simple"},"acf":{"autor":"BALLON","codart":"940323114","libros-coleccion":"FORA DE COL.LECCI\u00d3","ediciones":"1","encuadernacion":"Carpeta","fecha_de_publicacion":"01\/02\/2023","novedad":"1","paginas":"12","subtitulo":"","orden":"0","portada":"0","idioma":"spa","editorial":[{"ID":6169,"post_author":"3","post_date":"2022-07-28 17:46:22","post_date_gmt":"2022-07-28 15:46:22","post_content":"","post_title":"Contenido en Movimiento","post_excerpt":"","post_status":"publish","comment_status":"closed","ping_status":"closed","post_password":"","post_name":"contenido-en-movimiento","to_ping":"","pinged":"","post_modified":"2022-07-28 17:46:22","post_modified_gmt":"2022-07-28 15:46:22","post_content_filtered":"","post_parent":0,"guid":"http:\/\/dev.claret.cat\/editorial\/contenido-en-movimiento\/","menu_order":0,"post_type":"editorial","post_mime_type":"","comment_count":"0","filter":"raw"}],"autores-libros":[{"ID":5286,"post_author":"3","post_date":"2022-07-28 17:20:46","post_date_gmt":"2022-07-28 15:20:46","post_content":"","post_title":"BALLON","post_excerpt":"","post_status":"publish","comment_status":"closed","ping_status":"closed","post_password":"","post_name":"ballon","to_ping":"","pinged":"","post_modified":"2022-07-28 17:20:46","post_modified_gmt":"2022-07-28 15:20:46","post_content_filtered":"","post_parent":0,"guid":"http:\/\/dev.claret.cat\/autor\/ballon\/","menu_order":0,"post_type":"autor","post_mime_type":"","comment_count":"0","filter":"raw"}]},"aioseo_notices":[],"_links":{"self":[{"href":"https:\/\/www.claret.cat\/es\/wp-json\/wp\/v2\/product\/391940","targetHints":{"allow":["GET"]}}],"collection":[{"href":"https:\/\/www.claret.cat\/es\/wp-json\/wp\/v2\/product"}],"about":[{"href":"https:\/\/www.claret.cat\/es\/wp-json\/wp\/v2\/types\/product"}],"wp:featuredmedia":[{"embeddable":true,"href":"https:\/\/www.claret.cat\/es\/wp-json\/wp\/v2\/media\/392101"}],"wp:attachment":[{"href":"https:\/\/www.claret.cat\/es\/wp-json\/wp\/v2\/media?parent=391940"}],"wp:term":[{"taxonomy":"product_brand","embeddable":true,"href":"https:\/\/www.claret.cat\/es\/wp-json\/wp\/v2\/product_brand?post=391940"},{"taxonomy":"product_cat","embeddable":true,"href":"https:\/\/www.claret.cat\/es\/wp-json\/wp\/v2\/product_cat?post=391940"},{"taxonomy":"product_tag","embeddable":true,"href":"https:\/\/www.claret.cat\/es\/wp-json\/wp\/v2\/product_tag?post=391940"}],"curies":[{"name":"wp","href":"https:\/\/api.w.org\/{rel}","templated":true}]}}