{"id":391984,"date":"2023-02-18T14:17:51","date_gmt":"2023-02-18T13:17:51","guid":{"rendered":"https:\/\/www.claret.cat\/llibre\/dues-lectures-el-sastre-valent-la-ventafocs-9788419028228\/"},"modified":"2025-01-16T18:09:57","modified_gmt":"2025-01-16T17:09:57","slug":"dues-lectures-el-sastre-valent-la-ventafocs-9788419028228","status":"publish","type":"product","link":"https:\/\/www.claret.cat\/es\/libro\/dues-lectures-el-sastre-valent-la-ventafocs-9788419028228\/","title":{"rendered":"DUES LECTURES. EL SASTRE VALENT. LA VENTAFOCS"},"content":{"rendered":"<p>Els contes cl\u00e0ssics per llegir en fam\u00edlia!\u00a0<br \/> Una col\u00b7lecci\u00f3 capicua perqu\u00e8 els m\u00e9s petits comencin a llegir de la m\u00e0 d&#8221;una de les artistes m\u00e9s estimades del pa\u00eds, Pilar\u00edn Bay\u00e9s. Per una banda El gat amb botes i si gires el llibre&#8230; La rateta que escombrava l&#8221;escaleta! Amb lletra de pal i lletra lligada per seguir l&#8221;evoluci\u00f3 lectora dels joves lectors.<\/p>\n","protected":false},"excerpt":{"rendered":"<p>PILARIN<\/p>\n","protected":false},"featured_media":392545,"template":"","meta":{"_acf_changed":false,"om_disable_all_campaigns":false,"rs_blank_template":"","rs_page_bg_color":"","slide_template_v7":"","inline_featured_image":false,"_monsterinsights_skip_tracking":false,"_monsterinsights_sitenote_active":false,"_monsterinsights_sitenote_note":"","_monsterinsights_sitenote_category":0},"product_brand":[],"product_cat":[132,362],"product_tag":[],"class_list":{"0":"post-391984","1":"product","2":"type-product","3":"status-publish","4":"has-post-thumbnail","6":"product_cat-lectures-per-preadolescents-6-12-anys","7":"product_cat-libros-preadolescentes-6-12-anos","9":"first","10":"instock","11":"taxable","12":"shipping-taxable","13":"purchasable","14":"product-type-simple"},"acf":{"autor":"PILARIN","codart":"841902822","libros-coleccion":"FORA DE COL.LECCI\u00d3","ediciones":"1","encuadernacion":"Carton\u00e9","fecha_de_publicacion":"01\/11\/2021","novedad":"1","paginas":"32","subtitulo":"","orden":"0","portada":"0","idioma":"cat","editorial":[{"ID":8235,"post_author":"3","post_date":"2022-09-30 09:21:22","post_date_gmt":"2022-09-30 07:21:22","post_content":"","post_title":"EDITORIAL MEDITERRANIA","post_excerpt":"","post_status":"publish","comment_status":"closed","ping_status":"closed","post_password":"","post_name":"editorial-mediterrania","to_ping":"","pinged":"","post_modified":"2022-09-30 09:21:22","post_modified_gmt":"2022-09-30 07:21:22","post_content_filtered":"","post_parent":0,"guid":"http:\/\/dev.claret.cat\/editorial\/editorial-mediterrania\/","menu_order":0,"post_type":"editorial","post_mime_type":"","comment_count":"0","filter":"raw"}],"autores-libros":[{"ID":167341,"post_author":"3","post_date":"2022-10-14 18:10:26","post_date_gmt":"2022-10-14 16:10:26","post_content":"","post_title":"PILARIN","post_excerpt":"","post_status":"publish","comment_status":"closed","ping_status":"closed","post_password":"","post_name":"pilarin","to_ping":"","pinged":"","post_modified":"2022-10-14 18:10:26","post_modified_gmt":"2022-10-14 16:10:26","post_content_filtered":"","post_parent":0,"guid":"http:\/\/dev.claret.cat\/autor\/pilarin\/","menu_order":0,"post_type":"autor","post_mime_type":"","comment_count":"0","filter":"raw"}]},"aioseo_notices":[],"_links":{"self":[{"href":"https:\/\/www.claret.cat\/es\/wp-json\/wp\/v2\/product\/391984","targetHints":{"allow":["GET"]}}],"collection":[{"href":"https:\/\/www.claret.cat\/es\/wp-json\/wp\/v2\/product"}],"about":[{"href":"https:\/\/www.claret.cat\/es\/wp-json\/wp\/v2\/types\/product"}],"wp:featuredmedia":[{"embeddable":true,"href":"https:\/\/www.claret.cat\/es\/wp-json\/wp\/v2\/media\/392545"}],"wp:attachment":[{"href":"https:\/\/www.claret.cat\/es\/wp-json\/wp\/v2\/media?parent=391984"}],"wp:term":[{"taxonomy":"product_brand","embeddable":true,"href":"https:\/\/www.claret.cat\/es\/wp-json\/wp\/v2\/product_brand?post=391984"},{"taxonomy":"product_cat","embeddable":true,"href":"https:\/\/www.claret.cat\/es\/wp-json\/wp\/v2\/product_cat?post=391984"},{"taxonomy":"product_tag","embeddable":true,"href":"https:\/\/www.claret.cat\/es\/wp-json\/wp\/v2\/product_tag?post=391984"}],"curies":[{"name":"wp","href":"https:\/\/api.w.org\/{rel}","templated":true}]}}