{"id":391987,"date":"2023-02-18T14:18:00","date_gmt":"2023-02-18T13:18:00","guid":{"rendered":"https:\/\/www.claret.cat\/llibre\/hola-bebe-calendario-de-actividades-1r-ano-9789403231136\/"},"modified":"2023-10-06T06:09:32","modified_gmt":"2023-10-06T04:09:32","slug":"hola-bebe-calendario-de-actividades-1r-ano-9789403231136","status":"publish","type":"product","link":"https:\/\/www.claret.cat\/es\/libro\/hola-bebe-calendario-de-actividades-1r-ano-9789403231136\/","title":{"rendered":"HOLA BEB\u00c9 &#8211; CALENDARIO DE ACTIVIDADES 1R A\u00d1O"},"content":{"rendered":"<p>Un calendario con 52 consejos  y actividades l\u00fadicas para el desarrollo del beb\u00e9  ( \u00a1y de sus padres!)<\/p>\n","protected":false},"excerpt":{"rendered":"<p>BALLON<\/p>\n","protected":false},"featured_media":392705,"template":"","meta":{"_acf_changed":false,"om_disable_all_campaigns":false,"rs_blank_template":"","rs_page_bg_color":"","slide_template_v7":"","inline_featured_image":false,"_monsterinsights_skip_tracking":false,"_monsterinsights_sitenote_active":false,"_monsterinsights_sitenote_note":"","_monsterinsights_sitenote_category":0},"product_brand":[],"product_cat":[361,425,550],"product_tag":[],"class_list":{"0":"post-391987","1":"product","2":"type-product","3":"status-publish","4":"has-post-thumbnail","6":"product_cat-cuentos-para-ninos-0-6-anos","7":"product_cat-escuela-de-padres","8":"product_cat-escuela-de-padres-3_infantil-juvenil-spa-spa","10":"first","11":"instock","12":"taxable","13":"shipping-taxable","14":"purchasable","15":"product-type-simple"},"acf":{"autor":"BALLON","codart":"940323113","libros-coleccion":"FORA DE COL.LECCI\u00d3","ediciones":"1","encuadernacion":"R\u00fastica","fecha_de_publicacion":"01\/02\/2023","novedad":"1","paginas":"56","subtitulo":"","orden":"0","portada":"0","idioma":"spa","editorial":[{"ID":6169,"post_author":"3","post_date":"2022-07-28 17:46:22","post_date_gmt":"2022-07-28 15:46:22","post_content":"","post_title":"Contenido en Movimiento","post_excerpt":"","post_status":"publish","comment_status":"closed","ping_status":"closed","post_password":"","post_name":"contenido-en-movimiento","to_ping":"","pinged":"","post_modified":"2022-07-28 17:46:22","post_modified_gmt":"2022-07-28 15:46:22","post_content_filtered":"","post_parent":0,"guid":"http:\/\/dev.claret.cat\/editorial\/contenido-en-movimiento\/","menu_order":0,"post_type":"editorial","post_mime_type":"","comment_count":"0","filter":"raw"}],"autores-libros":[{"ID":5286,"post_author":"3","post_date":"2022-07-28 17:20:46","post_date_gmt":"2022-07-28 15:20:46","post_content":"","post_title":"BALLON","post_excerpt":"","post_status":"publish","comment_status":"closed","ping_status":"closed","post_password":"","post_name":"ballon","to_ping":"","pinged":"","post_modified":"2022-07-28 17:20:46","post_modified_gmt":"2022-07-28 15:20:46","post_content_filtered":"","post_parent":0,"guid":"http:\/\/dev.claret.cat\/autor\/ballon\/","menu_order":0,"post_type":"autor","post_mime_type":"","comment_count":"0","filter":"raw"}]},"aioseo_notices":[],"_links":{"self":[{"href":"https:\/\/www.claret.cat\/es\/wp-json\/wp\/v2\/product\/391987","targetHints":{"allow":["GET"]}}],"collection":[{"href":"https:\/\/www.claret.cat\/es\/wp-json\/wp\/v2\/product"}],"about":[{"href":"https:\/\/www.claret.cat\/es\/wp-json\/wp\/v2\/types\/product"}],"wp:featuredmedia":[{"embeddable":true,"href":"https:\/\/www.claret.cat\/es\/wp-json\/wp\/v2\/media\/392705"}],"wp:attachment":[{"href":"https:\/\/www.claret.cat\/es\/wp-json\/wp\/v2\/media?parent=391987"}],"wp:term":[{"taxonomy":"product_brand","embeddable":true,"href":"https:\/\/www.claret.cat\/es\/wp-json\/wp\/v2\/product_brand?post=391987"},{"taxonomy":"product_cat","embeddable":true,"href":"https:\/\/www.claret.cat\/es\/wp-json\/wp\/v2\/product_cat?post=391987"},{"taxonomy":"product_tag","embeddable":true,"href":"https:\/\/www.claret.cat\/es\/wp-json\/wp\/v2\/product_tag?post=391987"}],"curies":[{"name":"wp","href":"https:\/\/api.w.org\/{rel}","templated":true}]}}