{"id":392030,"date":"2023-02-18T14:20:36","date_gmt":"2023-02-18T13:20:36","guid":{"rendered":"https:\/\/www.claret.cat\/llibre\/sobre-el-arte-de-leer-9788419271792\/"},"modified":"2026-01-03T13:36:03","modified_gmt":"2026-01-03T12:36:03","slug":"sobre-el-arte-de-leer-9788419271792","status":"publish","type":"product","link":"https:\/\/www.claret.cat\/es\/libro\/sobre-el-arte-de-leer-9788419271792\/","title":{"rendered":"SOBRE EL ARTE DE LEER"},"content":{"rendered":"<p>Este libro es una edici\u00f3n revisada y actualizada de Sobre el arte de leer (2019), una gu\u00eda para entender \u00bfc\u00f3mo se aprende a leer? Pero m\u00e1s importante a\u00fan, \u00bfqu\u00e9 es aprender a leer? Aprender a leer y tener una buena compresi\u00f3n de lectura es clave porque determinar\u00e1 muchos aspectos de nuestra vida y su calidad; como bien afirma el autor, \u00abvivimos como leemos\u00bb. Una lectura tan imprescindible como es amena sobre la educaci\u00f3n y la lectura, y sus implicaciones.<br \/> Este texto es la versi\u00f3n revisada de la conferencia pronunciada por Gregorio Luri en el IV Forum Edita 2019, encuentro sobre el mundo del libro que tiene lugar cada verano en Barcelona.<\/p>\n","protected":false},"excerpt":{"rendered":"<p>LURI, GREGORIO<\/p>\n","protected":false},"featured_media":1072524,"template":"","meta":{"_acf_changed":false,"om_disable_all_campaigns":false,"rs_blank_template":"","rs_page_bg_color":"","slide_template_v7":"","inline_featured_image":false,"_monsterinsights_skip_tracking":false,"_monsterinsights_sitenote_active":false,"_monsterinsights_sitenote_note":"","_monsterinsights_sitenote_category":0},"product_brand":[],"product_cat":[90,189,453,540],"product_tag":[],"class_list":{"0":"post-392030","1":"product","2":"type-product","3":"status-publish","4":"has-post-thumbnail","6":"product_cat-altres","7":"product_cat-didactica-i-praxi-escolar","8":"product_cat-didactica-y-praxis-escolar","9":"product_cat-otros","11":"first","12":"outofstock","13":"taxable","14":"shipping-taxable","15":"purchasable","16":"product-type-simple"},"acf":{"autor":"LURI, GREGORIO","codart":"841927179","libros-coleccion":"PLATAFORMA ACTUAL","ediciones":"1","encuadernacion":"R\u00fastica","fecha_de_publicacion":"01\/02\/2023","novedad":"1","paginas":"146","subtitulo":"10 TESIS SOBRE LA EDUCACI\u00d3N Y LA LECTURA","orden":"0","portada":"0","idioma":"spa","editorial":[{"ID":6331,"post_author":"3","post_date":"2022-07-28 17:49:53","post_date_gmt":"2022-07-28 15:49:53","post_content":"","post_title":"PLATAFORMA EDITORIAL","post_excerpt":"","post_status":"publish","comment_status":"closed","ping_status":"closed","post_password":"","post_name":"plataforma-editorial","to_ping":"","pinged":"","post_modified":"2022-07-28 17:49:53","post_modified_gmt":"2022-07-28 15:49:53","post_content_filtered":"","post_parent":0,"guid":"http:\/\/dev.claret.cat\/editorial\/plataforma-editorial\/","menu_order":0,"post_type":"editorial","post_mime_type":"","comment_count":"0","filter":"raw"}],"autores-libros":[{"ID":157131,"post_author":"3","post_date":"2022-10-14 15:26:22","post_date_gmt":"2022-10-14 13:26:22","post_content":"","post_title":"GREGORIO LURI","post_excerpt":"","post_status":"publish","comment_status":"closed","ping_status":"closed","post_password":"","post_name":"gregorio-luri","to_ping":"","pinged":"","post_modified":"2022-10-14 15:26:22","post_modified_gmt":"2022-10-14 13:26:22","post_content_filtered":"","post_parent":0,"guid":"http:\/\/dev.claret.cat\/autor\/gregorio-luri\/","menu_order":0,"post_type":"autor","post_mime_type":"","comment_count":"0","filter":"raw"}],"booktrailer":"","resenas":""},"aioseo_notices":[],"_links":{"self":[{"href":"https:\/\/www.claret.cat\/es\/wp-json\/wp\/v2\/product\/392030","targetHints":{"allow":["GET"]}}],"collection":[{"href":"https:\/\/www.claret.cat\/es\/wp-json\/wp\/v2\/product"}],"about":[{"href":"https:\/\/www.claret.cat\/es\/wp-json\/wp\/v2\/types\/product"}],"wp:featuredmedia":[{"embeddable":true,"href":"https:\/\/www.claret.cat\/es\/wp-json\/wp\/v2\/media\/1072524"}],"wp:attachment":[{"href":"https:\/\/www.claret.cat\/es\/wp-json\/wp\/v2\/media?parent=392030"}],"wp:term":[{"taxonomy":"product_brand","embeddable":true,"href":"https:\/\/www.claret.cat\/es\/wp-json\/wp\/v2\/product_brand?post=392030"},{"taxonomy":"product_cat","embeddable":true,"href":"https:\/\/www.claret.cat\/es\/wp-json\/wp\/v2\/product_cat?post=392030"},{"taxonomy":"product_tag","embeddable":true,"href":"https:\/\/www.claret.cat\/es\/wp-json\/wp\/v2\/product_tag?post=392030"}],"curies":[{"name":"wp","href":"https:\/\/api.w.org\/{rel}","templated":true}]}}