{"id":39216,"date":"2022-10-02T19:04:01","date_gmt":"2022-10-02T17:04:01","guid":{"rendered":"http:\/\/dev.claret.cat\/producte\/algunos-dias-de-febrero-inspector-mascarell-13\/"},"modified":"2023-10-06T09:28:27","modified_gmt":"2023-10-06T07:28:27","slug":"algunos-dias-de-febrero-inspector-mascarell-13-9788401027895","status":"publish","type":"product","link":"https:\/\/www.claret.cat\/es\/libro\/algunos-dias-de-febrero-inspector-mascarell-13-9788401027895\/","title":{"rendered":"ALGUNOS DIAS DE FEBRERO (INSPECTOR MASCARELL 13)"},"content":{"rendered":"<p>El decimotercer caso del exinspector Mascarell nos lleva a la  Barcelona de 1952, con una intensa historia cargada de emociones a flor de piel. Mucho m\u00e1s que una novela negra. Febrero de 1952. Dalena, una excompa\u00f1era de Patro que fue a la  c\u00e1rcel por ayudarla hace a\u00f1os, le pide ayuda ahora para cambiar de vida.  Cuando Patro se encuentra al chulo de Dalena asesinado en el piso que  compart\u00edan, recurre a su marido, Miquel Mascarell, que acaba involucrado en el caso para salvarlas a las dos. Dalena va a casarse con un rico industrial barcelon\u00e9s y su hermano ha  sido abatido por las fuerzas del orden en un atraco perpetrado por el  maquis, la guerrilla antifranquista. \u00bfQui\u00e9n delat\u00f3 al hermano de Dalena?  \u00bfEst\u00e1 la oscura mano del maquis detr\u00e1s de todo ello? \u00bfQui\u00e9n es el hombre  que quiere sacar a Dalena de la prostituci\u00f3n? \u00bfQu\u00e9 secretos se esconden  detr\u00e1s del crimen? Miquel, movi\u00e9ndose en terrenos pantanosos y siempre  de inc\u00f3gnito por su condici\u00f3n de exrepresaliado, debe enfrentarse a las  sombras de un submundo erizado de peligros, traiciones y con el miedo  constante de la represi\u00f3n de la dictadura, en una intensa historia cargada de emociones a flor de piel. Jordi Sierra i Fabra es uno de los autores m\u00e1s le\u00eddos del panorama  literario espa\u00f1ol. Con m\u00e1s de 13 millones de libros vendidos y 40  premios literarios, es uno de los escritores m\u00e1s sorprendentes por la versatilidad de su obra, que abraza todos los g\u00e9nberos. La cr\u00edtica ha dicho:<br \/>\u00abOjal\u00e1 tengamos a Mascarell por mucho tiempo m\u00e1s. Es historia viva.\u00bb<br \/>Lilian Neuman, La Vanguardia \u00abMiquel Mascarell es uno de esos personajes que se trascienden a s\u00ed  mismos y dejan de ser h\u00e9roes de papel para convertirse pr\u00e1cticamente en  personas de carne y hueso, tal es su humanidad y su calado en los lectores\u00bb.<br \/>Anabel S\u00e1iz Ripoll, Top Cultural \u00abSi algo tenemos claro los amantes de la buena literatura policiaca es  que leer a Jordi Sierra i Fabra es sin\u00f3nimo de disfrutar de calidad literaria. Larga vida literaria al inspector Mascarell\u00bb.<br \/>Daniel Gonz\u00e1lez \u00abLos casos de Miquel Mascarell est\u00e1n pr\u00e1cticamente milimetrados\u00bb.<br \/>Toni Polo, El Pa\u00eds \u00abUna novela policiaca, cl\u00e1sica, llena de sabor negro y amargo, que se  yergue como algo m\u00e1s que un entretenimiento de calidad enmarcado en un momento doloroso de nuestra historia reciente\u00bb.<br \/>David Yag\u00fce \u00abEl estilo del autor, como siempre, es tan personal y adictivo que hace  que la lectura fluya y el ritmo no decaiga. Sierra i Fabra es un escritor de acci\u00f3n\u00bb.<br \/>Mar\u00eda Dolores Garc\u00eda Pastor, Anika entre libros \u00abSi algo caracteriza la serie Mascarell, escrita por Sierra i Fabra, es la muy acertada ambientaci\u00f3n de las tramas\u00bb.<br \/>Ricardo Bosque,  Revista Calibre 38 \u00abMascarell est\u00e1 completamente asentado en la historia negra de este pa\u00eds. En la novela negra de este pa\u00eds\u00bb.<br \/>Interrobang \u00abNo s\u00f3lo es un acierto dentro de la novela policial espa\u00f1ola, sino una  recreaci\u00f3n formidable de unos a\u00f1os de los que hay muy poca narrativa, y mucho menos cr\u00edtica social.\u00bb<br \/>Irene Dalmases, Agencia EFE<\/p>\n","protected":false},"excerpt":{"rendered":"<p>SIERRA I FABRA, JORDI<\/p>\n","protected":false},"featured_media":56037,"template":"","meta":{"_acf_changed":false,"om_disable_all_campaigns":false,"rs_blank_template":"","rs_page_bg_color":"","slide_template_v7":"","inline_featured_image":false,"_monsterinsights_skip_tracking":false,"_monsterinsights_sitenote_active":false,"_monsterinsights_sitenote_note":"","_monsterinsights_sitenote_category":0},"product_brand":[],"product_cat":[357],"product_tag":[],"class_list":{"0":"post-39216","1":"product","2":"type-product","3":"status-publish","4":"has-post-thumbnail","6":"product_cat-novela-contemporanea","8":"first","9":"instock","10":"taxable","11":"shipping-taxable","12":"purchasable","13":"product-type-simple"},"acf":{"autor":"SIERRA I FABRA, JORDI","codart":"840102789","libros-coleccion":"Inspector Mascarell","ediciones":"1","encuadernacion":"R\u00fastica","fecha_de_publicacion":"01\/04\/2022","novedad":"1","paginas":"330","subtitulo":"UN ASESINATO, LA PROSTITUTA Y EL MAQUIS","orden":"0","portada":"0","idioma":"spa","editorial":[{"ID":6332,"post_author":"3","post_date":"2022-07-28 17:49:55","post_date_gmt":"2022-07-28 15:49:55","post_content":"","post_title":"PLAZA JANES, S.A.","post_excerpt":"","post_status":"publish","comment_status":"closed","ping_status":"closed","post_password":"","post_name":"plaza-janes-s-a","to_ping":"","pinged":"","post_modified":"2022-07-28 17:49:55","post_modified_gmt":"2022-07-28 15:49:55","post_content_filtered":"","post_parent":0,"guid":"http:\/\/dev.claret.cat\/editorial\/plaza-janes-s-a\/","menu_order":0,"post_type":"editorial","post_mime_type":"","comment_count":"0","filter":"raw"}],"autores-libros":[{"ID":160013,"post_author":"3","post_date":"2022-10-14 15:49:35","post_date_gmt":"2022-10-14 13:49:35","post_content":"","post_title":"JORDI SIERRA I FABRA","post_excerpt":"","post_status":"publish","comment_status":"closed","ping_status":"closed","post_password":"","post_name":"jordi-sierra-i-fabra","to_ping":"","pinged":"","post_modified":"2022-10-14 15:49:35","post_modified_gmt":"2022-10-14 13:49:35","post_content_filtered":"","post_parent":0,"guid":"http:\/\/dev.claret.cat\/autor\/jordi-sierra-i-fabra\/","menu_order":0,"post_type":"autor","post_mime_type":"","comment_count":"0","filter":"raw"}]},"aioseo_notices":[],"_links":{"self":[{"href":"https:\/\/www.claret.cat\/es\/wp-json\/wp\/v2\/product\/39216","targetHints":{"allow":["GET"]}}],"collection":[{"href":"https:\/\/www.claret.cat\/es\/wp-json\/wp\/v2\/product"}],"about":[{"href":"https:\/\/www.claret.cat\/es\/wp-json\/wp\/v2\/types\/product"}],"wp:featuredmedia":[{"embeddable":true,"href":"https:\/\/www.claret.cat\/es\/wp-json\/wp\/v2\/media\/56037"}],"wp:attachment":[{"href":"https:\/\/www.claret.cat\/es\/wp-json\/wp\/v2\/media?parent=39216"}],"wp:term":[{"taxonomy":"product_brand","embeddable":true,"href":"https:\/\/www.claret.cat\/es\/wp-json\/wp\/v2\/product_brand?post=39216"},{"taxonomy":"product_cat","embeddable":true,"href":"https:\/\/www.claret.cat\/es\/wp-json\/wp\/v2\/product_cat?post=39216"},{"taxonomy":"product_tag","embeddable":true,"href":"https:\/\/www.claret.cat\/es\/wp-json\/wp\/v2\/product_tag?post=39216"}],"curies":[{"name":"wp","href":"https:\/\/api.w.org\/{rel}","templated":true}]}}