{"id":39228,"date":"2022-10-02T19:04:14","date_gmt":"2022-10-02T17:04:14","guid":{"rendered":"http:\/\/dev.claret.cat\/producte\/la-violinista-roja\/"},"modified":"2023-10-06T09:28:25","modified_gmt":"2023-10-06T07:28:25","slug":"la-violinista-roja-9788401027062","status":"publish","type":"product","link":"https:\/\/www.claret.cat\/es\/libro\/la-violinista-roja-9788401027062\/","title":{"rendered":"LA VIOLINISTA ROJA"},"content":{"rendered":"<p>Reyes Monforte regresa con su novela m\u00e1s ambiciosa: la apasionante  historia de la espa\u00f1ola que se convirti\u00f3 en la esp\u00eda sovi\u00e9tica m\u00e1s importante del siglo xx. La legendaria historia de una valerosa mujer que luch\u00f3 por sus  ideales m\u00e1s all\u00e1 de la familia, el amor, la amistad y el orden mundial. \u00abPero \u00bfqui\u00e9n demonios es esa mujer?\u00bb era la pregunta m\u00e1s escuchada en  los despachos de la CIA. \u00bfQui\u00e9n mov\u00eda los hilos del espionaje  mundial,  frustraba operaciones de inteligencia, retorc\u00eda voluntades, mudaba de piel, encabezaba misiones imposibles, descubr\u00eda secretos de Estado y dibujaba en el tablero de la Guerra Fr\u00eda la amenaza de una Tercera Guerra Mundial? Esa misteriosa mujer era la espa\u00f1ola \u00c1frica de las Heras, quien se convirti\u00f3 en la esp\u00eda sovi\u00e9tica m\u00e1s importante del siglo xx. Captada por los servicios secretos de Stalin en Barcelona durante la  guerra civil espa\u00f1ola, form\u00f3 parte del operativo para asesinar  a  Trotski en M\u00e9xico, luch\u00f3 contra los nazis ejerciendo de radioperadora #violinista# en Ucrania, protagoniz\u00f3 la trampa de miel m\u00e1s fruct\u00edfera del KGB al casarse con el escritor anticomunista Felisberto Hern\u00e1ndez y crear la mayor red de agentes sovi\u00e9ticos en Sudam\u00e9rica, dej\u00f3 su impronta en el espionaje nuclear, en bah\u00eda de Cochinos y se relacion\u00f3 con Frida Kahlo, Diego Rivera o Ernest Hemingway, entre otros. Una vida llena de peligro, misterio, glamour y numerosas identidades secretas bajo un mismo alias: Patria.  Ni siquiera la relaci\u00f3n personal con el asesino de Trotski, Ram\u00f3n  Mercader, la separ\u00f3 de sus objetivos, pero \u00bfqu\u00e9 precio tuvo que pagar por su lealtad a la URSS y a s\u00ed misma? Reyes Monforte relata en La violinista roja la  incre\u00edble vida de un icono fascinante de nuestra historia; una novela \u00e9pica, torrencial y ambiciosa en torno a una de las mujeres que forjaron el siglo xx tal y como lo conocemos.<\/p>\n","protected":false},"excerpt":{"rendered":"<p>MONFORTE, REYES<\/p>\n","protected":false},"featured_media":56045,"template":"","meta":{"_acf_changed":false,"om_disable_all_campaigns":false,"rs_blank_template":"","rs_page_bg_color":"","slide_template_v7":"","inline_featured_image":false,"_monsterinsights_skip_tracking":false,"_monsterinsights_sitenote_active":false,"_monsterinsights_sitenote_note":"","_monsterinsights_sitenote_category":0},"product_brand":[],"product_cat":[360],"product_tag":[],"class_list":{"0":"post-39228","1":"product","2":"type-product","3":"status-publish","4":"has-post-thumbnail","6":"product_cat-novela-historica-y-ficcion","8":"first","9":"instock","10":"taxable","11":"shipping-taxable","12":"purchasable","13":"product-type-simple"},"acf":{"autor":"MONFORTE, REYES","codart":"840102706","libros-coleccion":"\u00c9XITOS","ediciones":"1","encuadernacion":"Carton\u00e9","fecha_de_publicacion":"01\/04\/2022","novedad":"1","paginas":"789","subtitulo":"","orden":"0","portada":"0","idioma":"spa","editorial":[{"ID":6332,"post_author":"3","post_date":"2022-07-28 17:49:55","post_date_gmt":"2022-07-28 15:49:55","post_content":"","post_title":"PLAZA JANES, S.A.","post_excerpt":"","post_status":"publish","comment_status":"closed","ping_status":"closed","post_password":"","post_name":"plaza-janes-s-a","to_ping":"","pinged":"","post_modified":"2022-07-28 17:49:55","post_modified_gmt":"2022-07-28 15:49:55","post_content_filtered":"","post_parent":0,"guid":"http:\/\/dev.claret.cat\/editorial\/plaza-janes-s-a\/","menu_order":0,"post_type":"editorial","post_mime_type":"","comment_count":"0","filter":"raw"}],"autores-libros":[{"ID":5976,"post_author":"3","post_date":"2022-07-28 17:35:31","post_date_gmt":"2022-07-28 15:35:31","post_content":"","post_title":"REYES MONFORTE","post_excerpt":"","post_status":"publish","comment_status":"closed","ping_status":"closed","post_password":"","post_name":"reyes-monforte","to_ping":"","pinged":"","post_modified":"2022-07-28 17:35:31","post_modified_gmt":"2022-07-28 15:35:31","post_content_filtered":"","post_parent":0,"guid":"http:\/\/dev.claret.cat\/autor\/reyes-monforte\/","menu_order":0,"post_type":"autor","post_mime_type":"","comment_count":"0","filter":"raw"}]},"aioseo_notices":[],"_links":{"self":[{"href":"https:\/\/www.claret.cat\/es\/wp-json\/wp\/v2\/product\/39228","targetHints":{"allow":["GET"]}}],"collection":[{"href":"https:\/\/www.claret.cat\/es\/wp-json\/wp\/v2\/product"}],"about":[{"href":"https:\/\/www.claret.cat\/es\/wp-json\/wp\/v2\/types\/product"}],"wp:featuredmedia":[{"embeddable":true,"href":"https:\/\/www.claret.cat\/es\/wp-json\/wp\/v2\/media\/56045"}],"wp:attachment":[{"href":"https:\/\/www.claret.cat\/es\/wp-json\/wp\/v2\/media?parent=39228"}],"wp:term":[{"taxonomy":"product_brand","embeddable":true,"href":"https:\/\/www.claret.cat\/es\/wp-json\/wp\/v2\/product_brand?post=39228"},{"taxonomy":"product_cat","embeddable":true,"href":"https:\/\/www.claret.cat\/es\/wp-json\/wp\/v2\/product_cat?post=39228"},{"taxonomy":"product_tag","embeddable":true,"href":"https:\/\/www.claret.cat\/es\/wp-json\/wp\/v2\/product_tag?post=39228"}],"curies":[{"name":"wp","href":"https:\/\/api.w.org\/{rel}","templated":true}]}}