{"id":39234,"date":"2022-10-02T19:04:22","date_gmt":"2022-10-02T17:04:22","guid":{"rendered":"http:\/\/dev.claret.cat\/producte\/se-llama-cancer\/"},"modified":"2023-10-06T09:33:43","modified_gmt":"2023-10-06T07:33:43","slug":"se-llama-cancer-9788418870361","status":"publish","type":"product","link":"https:\/\/www.claret.cat\/es\/libro\/se-llama-cancer-9788418870361\/","title":{"rendered":"SE LLAMA C\u00c1NCER"},"content":{"rendered":"<p>Vuelve Gonzalo Boye con su ensayo m\u00e1s \u00edntimo y personal.S\u00ed, Se llama c\u00e1ncer, el nuevo libro Gonzalo Boye es un trabajo m\u00e1s profundo que se aparta del formato de dietario, m\u00e1s de an\u00e1lisis a partir de situaciones concretas, y mucho m\u00e1s \u00edntimo en el cual se entrelazan datos, vivencias, sensaciones, sentimientos y reflexiones que permitir\u00e1n ver cu\u00e1n grave es el estado actual de un sistema que dista mucho de poder encajarse dentro del entorno europeo al que por naturaleza deber\u00eda pertenecer Espa\u00f1a.Cuatro son los grandes temas que analiza Gonzalo Boye a partir de las distintas vicisitudes surgidas en la defensa de los pol\u00edticos catalanes en el exilio y de otros casos en los que ha participado y que van permitiendo ver diversos fallos sist\u00e9micos que lastran cualquier posibilidad de avanzar hacia una consolidaci\u00f3n democr\u00e1tica que permita a Espa\u00f1a definirse como una democracia sin necesidad de adjetivos calificativos.En el libro se analizan problemas que, aisladamente vistos, no permiten obtener un panorama que afecta a Espa\u00f1a y que consiste en problemas estructurales, culturales y pol\u00edticos que terminar\u00e1n por lastrar el desarrollo democr\u00e1tico de un pa\u00eds que se adentr\u00f3 en la d\u00e9cada de los 80s en un proceso de transici\u00f3n que sigue sin concluirse ni, mucho menos, consolidarse.Son los hechos, las reacciones a los hechos y las soluciones que se aportan de una y otra parte las que permiten hacer un an\u00e1lisis que llevan al autor a la conclusi\u00f3n de que estamos ante una suerte de c\u00e1ncer mal diagnosticado y peor tratado que termina por generar una met\u00e1stasis que permite aberraciones tan evidentes como el reciente nombramiento de alguien como Enrique Arnaldo como Magistrado del Tribunal Constitucional\u2026 en el fondo, y tal cual ocurre con esa enfermedad, lo que m\u00e1s nos cuesta es asumir que, lo miremos por donde lo miremos y por muchos eufemismos que utilicemos la verdad es que se llama c\u00e1ncer.<\/p>\n","protected":false},"excerpt":{"rendered":"<p>BOYE, GONZALO<\/p>\n","protected":false},"featured_media":56051,"template":"","meta":{"_acf_changed":false,"om_disable_all_campaigns":false,"rs_blank_template":"","rs_page_bg_color":"","slide_template_v7":"","inline_featured_image":false,"_monsterinsights_skip_tracking":false,"_monsterinsights_sitenote_active":false,"_monsterinsights_sitenote_note":"","_monsterinsights_sitenote_category":0},"product_brand":[],"product_cat":[431],"product_tag":[],"class_list":{"0":"post-39234","1":"product","2":"type-product","3":"status-publish","4":"has-post-thumbnail","6":"product_cat-espana","8":"first","9":"instock","10":"taxable","11":"shipping-taxable","12":"purchasable","13":"product-type-simple"},"acf":{"autor":"BOYE, GONZALO","codart":"841887036","libros-coleccion":"NO FICCION","ediciones":"1","encuadernacion":"R\u00fastica","fecha_de_publicacion":"01\/04\/2022","novedad":"1","paginas":"286","subtitulo":"DATOS, VIVENCIAS, SENSACIONES, SENTIMIENTOS Y REFLEXIONES SOBRE EL ACTUAL SISTEM","orden":"0","portada":"0","idioma":"spa","editorial":[{"ID":148755,"post_author":"3","post_date":"2022-10-14 12:00:44","post_date_gmt":"2022-10-14 10:00:44","post_content":"","post_title":"Roca Editorial","post_excerpt":"","post_status":"publish","comment_status":"closed","ping_status":"closed","post_password":"","post_name":"roca-editorial","to_ping":"","pinged":"","post_modified":"2022-10-14 12:00:44","post_modified_gmt":"2022-10-14 10:00:44","post_content_filtered":"","post_parent":0,"guid":"http:\/\/dev.claret.cat\/editorial\/roca-editorial\/","menu_order":0,"post_type":"editorial","post_mime_type":"","comment_count":"0","filter":"raw"}],"autores-libros":[{"ID":157039,"post_author":"3","post_date":"2022-10-14 15:25:38","post_date_gmt":"2022-10-14 13:25:38","post_content":"","post_title":"GONZALO BOYE","post_excerpt":"","post_status":"publish","comment_status":"closed","ping_status":"closed","post_password":"","post_name":"gonzalo-boye","to_ping":"","pinged":"","post_modified":"2022-10-14 15:25:38","post_modified_gmt":"2022-10-14 13:25:38","post_content_filtered":"","post_parent":0,"guid":"http:\/\/dev.claret.cat\/autor\/gonzalo-boye\/","menu_order":0,"post_type":"autor","post_mime_type":"","comment_count":"0","filter":"raw"}]},"aioseo_notices":[],"_links":{"self":[{"href":"https:\/\/www.claret.cat\/es\/wp-json\/wp\/v2\/product\/39234","targetHints":{"allow":["GET"]}}],"collection":[{"href":"https:\/\/www.claret.cat\/es\/wp-json\/wp\/v2\/product"}],"about":[{"href":"https:\/\/www.claret.cat\/es\/wp-json\/wp\/v2\/types\/product"}],"wp:featuredmedia":[{"embeddable":true,"href":"https:\/\/www.claret.cat\/es\/wp-json\/wp\/v2\/media\/56051"}],"wp:attachment":[{"href":"https:\/\/www.claret.cat\/es\/wp-json\/wp\/v2\/media?parent=39234"}],"wp:term":[{"taxonomy":"product_brand","embeddable":true,"href":"https:\/\/www.claret.cat\/es\/wp-json\/wp\/v2\/product_brand?post=39234"},{"taxonomy":"product_cat","embeddable":true,"href":"https:\/\/www.claret.cat\/es\/wp-json\/wp\/v2\/product_cat?post=39234"},{"taxonomy":"product_tag","embeddable":true,"href":"https:\/\/www.claret.cat\/es\/wp-json\/wp\/v2\/product_tag?post=39234"}],"curies":[{"name":"wp","href":"https:\/\/api.w.org\/{rel}","templated":true}]}}