{"id":392804,"date":"2023-02-20T19:26:20","date_gmt":"2023-02-20T18:26:20","guid":{"rendered":"https:\/\/www.claret.cat\/llibre\/no-hay-ninos-malos-9788491119715\/"},"modified":"2023-10-06T06:19:53","modified_gmt":"2023-10-06T04:19:53","slug":"no-hay-ninos-malos-9788491119715","status":"publish","type":"product","link":"https:\/\/www.claret.cat\/es\/libro\/no-hay-ninos-malos-9788491119715\/","title":{"rendered":"NO HAY NI\u00d1OS &lt;&gt;"},"content":{"rendered":"<p>La revolucionaria gu\u00eda para padres con hijos de entre 0 y 5 a\u00f1os \u00abEl libro m\u00e1s \u00fatil para los padres\u00bb &#8211; profesor Peter Fonagy, director ejecutivo del Anna Freud Centre.<br \/> \u00bfQuieres conocer el secreto para lidiar con las rabietas y las l\u00e1grimas, acabar con las ri\u00f1as en segundos y sentar las bases para la buena salud mental de tu hijo durante este proceso?<\/p>\n<p> En No hay ni\u00f1os \u00abmalos\u00bb, Kate Silverton, que tiene dos hijos peque\u00f1os y es periodista y defensora de la salud mental en la infancia, comparte su revolucionario y nuevo enfoque para la crianza y la educaci\u00f3n de hijos de menos de cinco a\u00f1os que ayudar\u00e1 a hacer que la vida en familia sea mucho m\u00e1s f\u00e1cil y divertida.<\/p>\n<p> Las singulares estrategias de Kate, los textos f\u00e1ciles de seguir y las t\u00e9cnicas sencillas te ayudar\u00e1n a gestionar con facilidad esos delicados retos cotidianos, as\u00ed como a disfrutar del v\u00ednculo m\u00e1s estrecho posible con tu hijo, tanto ahora como en los siguientes a\u00f1os.<\/p>\n<p> En el interior de este libro, respaldado por las principales figuras en el campo de la salud mental infantil, encontramos una forma sencilla y reveladora de comprender c\u00f3mo se desarrolla el cerebro de tu hijo y c\u00f3mo influye en su comportamiento. <\/p>\n<p> Arraigada en los \u00faltimos conocimientos cient\u00edficos (explicados de forma realmente sencilla), esta gu\u00eda interesante y amable sobre la educaci\u00f3n de los hijos redefinir\u00e1 la forma en la que ves, cr\u00edas y educas a tus hijos, con un nuevo conocimiento de que los ni\u00f1os de menos de cinco a\u00f1os no son \u00abmalos\u00bb.<\/p>\n","protected":false},"excerpt":{"rendered":"<p>SILVERTON, KATE<\/p>\n","protected":false},"featured_media":393103,"template":"","meta":{"_acf_changed":false,"om_disable_all_campaigns":false,"rs_blank_template":"","rs_page_bg_color":"","slide_template_v7":"","inline_featured_image":false,"_monsterinsights_skip_tracking":false,"_monsterinsights_sitenote_active":false,"_monsterinsights_sitenote_note":"","_monsterinsights_sitenote_category":0},"product_brand":[],"product_cat":[377],"product_tag":[],"class_list":{"0":"post-392804","1":"product","2":"type-product","3":"status-publish","4":"has-post-thumbnail","6":"product_cat-autoayuda-y-salud-mental","8":"first","9":"instock","10":"taxable","11":"shipping-taxable","12":"purchasable","13":"product-type-simple"},"acf":{"autor":"SILVERTON, KATE","codart":"849111971","libros-coleccion":"Psicolog\u00eda","ediciones":"1","encuadernacion":"R\u00fastica","fecha_de_publicacion":"01\/02\/2023","novedad":"1","paginas":"332","subtitulo":"LA REVOLUCIONARIA GU\u00cdA PARA PADRES CON HIJOS DE ENTRE 0 Y 5 A\u00d1OS","orden":"0","portada":"0","idioma":"spa","editorial":[{"ID":6318,"post_author":"3","post_date":"2022-07-28 17:49:37","post_date_gmt":"2022-07-28 15:49:37","post_content":"","post_title":"OBELISCO","post_excerpt":"","post_status":"publish","comment_status":"closed","ping_status":"closed","post_password":"","post_name":"obelisco","to_ping":"","pinged":"","post_modified":"2022-07-28 17:49:37","post_modified_gmt":"2022-07-28 15:49:37","post_content_filtered":"","post_parent":0,"guid":"http:\/\/dev.claret.cat\/editorial\/obelisco\/","menu_order":0,"post_type":"editorial","post_mime_type":"","comment_count":"0","filter":"raw"}],"autores-libros":[{"ID":392803,"post_author":"3","post_date":"2023-02-20 19:26:18","post_date_gmt":"2023-02-20 18:26:18","post_content":"","post_title":"KATE SILVERTON","post_excerpt":"","post_status":"publish","comment_status":"closed","ping_status":"closed","post_password":"","post_name":"kate-silverton","to_ping":"","pinged":"","post_modified":"2023-02-20 19:26:18","post_modified_gmt":"2023-02-20 18:26:18","post_content_filtered":"","post_parent":0,"guid":"https:\/\/www.claret.cat\/autor\/kate-silverton\/","menu_order":0,"post_type":"autor","post_mime_type":"","comment_count":"0","filter":"raw"}]},"aioseo_notices":[],"_links":{"self":[{"href":"https:\/\/www.claret.cat\/es\/wp-json\/wp\/v2\/product\/392804","targetHints":{"allow":["GET"]}}],"collection":[{"href":"https:\/\/www.claret.cat\/es\/wp-json\/wp\/v2\/product"}],"about":[{"href":"https:\/\/www.claret.cat\/es\/wp-json\/wp\/v2\/types\/product"}],"wp:featuredmedia":[{"embeddable":true,"href":"https:\/\/www.claret.cat\/es\/wp-json\/wp\/v2\/media\/393103"}],"wp:attachment":[{"href":"https:\/\/www.claret.cat\/es\/wp-json\/wp\/v2\/media?parent=392804"}],"wp:term":[{"taxonomy":"product_brand","embeddable":true,"href":"https:\/\/www.claret.cat\/es\/wp-json\/wp\/v2\/product_brand?post=392804"},{"taxonomy":"product_cat","embeddable":true,"href":"https:\/\/www.claret.cat\/es\/wp-json\/wp\/v2\/product_cat?post=392804"},{"taxonomy":"product_tag","embeddable":true,"href":"https:\/\/www.claret.cat\/es\/wp-json\/wp\/v2\/product_tag?post=392804"}],"curies":[{"name":"wp","href":"https:\/\/api.w.org\/{rel}","templated":true}]}}