{"id":393030,"date":"2023-02-21T13:45:02","date_gmt":"2023-02-21T12:45:02","guid":{"rendered":"https:\/\/www.claret.cat\/llibre\/ucrania-encrucijada-de-culturas-9788419036179\/"},"modified":"2023-10-06T06:01:26","modified_gmt":"2023-10-06T04:01:26","slug":"ucrania-encrucijada-de-culturas-9788419036179","status":"publish","type":"product","link":"https:\/\/www.claret.cat\/es\/libro\/ucrania-encrucijada-de-culturas-9788419036179\/","title":{"rendered":"UCRANIA, ENCRUCIJADA DE CULTURAS"},"content":{"rendered":"<p>Desde que, con la disoluci\u00f3n de la Uni\u00f3n Sovi\u00e9tica, Ucrania declarase su independencia en 1991, el pa\u00eds ha sido un pe\u00f3n en el tablero de la pol\u00edtica internacional. Entre dos mundos, Rusia al este y la Uni\u00f3n Europea al oeste, el equilibrio de fuerzas fue siempre precario, y tom\u00f3 un cariz especialmente dram\u00e1tico tras la anexi\u00f3n de Crimea por parte de Rusia, en marzo de 2014, y la invasi\u00f3n de Ucrania iniciada en febrero de 2022. En Ucrania, encrucijada de culturas, Karl Schl\u00f6gel analiza la realidad de un pa\u00eds cuya historia reciente ha tenido lugar a la sombra de dos tradiciones pol\u00edticas opuestas: ciudades como Lviv, Odesa, Chernivts\u00ed, Kiev, J\u00e1rkov, Donetsk y Yalta tienen un pasado complejo, a menudo extraordinariamente tr\u00e1gico, pero tambi\u00e9n una riqu\u00edsima herencia cultural que el autor nos invita a descubrir explorando su \u00abcorpus urbano\u00bb, cuyos estratos revela \u00aben una suerte de arqueolog\u00eda urbana que invita a hablar al pasado\u00bb. Un libro imprescindible que arroja luz sobre el conflicto ruso-ucraniano y ofrece importantes claves sobre el pasado, el presente y el futuro de Europa.<\/p>\n","protected":false},"excerpt":{"rendered":"<p>SCHL\u00d6GEL, KARL<\/p>\n","protected":false},"featured_media":393363,"template":"","meta":{"_acf_changed":false,"om_disable_all_campaigns":false,"rs_blank_template":"","rs_page_bg_color":"","slide_template_v7":"","inline_featured_image":false,"_monsterinsights_skip_tracking":false,"_monsterinsights_sitenote_active":false,"_monsterinsights_sitenote_note":"","_monsterinsights_sitenote_category":0},"product_brand":[],"product_cat":[370],"product_tag":[],"class_list":{"0":"post-393030","1":"product","2":"type-product","3":"status-publish","4":"has-post-thumbnail","6":"product_cat-investigacion-y-corrientes","8":"first","9":"instock","10":"taxable","11":"shipping-taxable","12":"purchasable","13":"product-type-simple"},"acf":{"autores-libros":[{"ID":161449,"post_author":"3","post_date":"2022-10-14 17:18:18","post_date_gmt":"2022-10-14 15:18:18","post_content":"","post_title":"KARL SCHL\u00d6GEL","post_excerpt":"","post_status":"publish","comment_status":"closed","ping_status":"closed","post_password":"","post_name":"karl-schlogel","to_ping":"","pinged":"","post_modified":"2022-10-14 17:18:18","post_modified_gmt":"2022-10-14 15:18:18","post_content_filtered":"","post_parent":0,"guid":"http:\/\/dev.claret.cat\/autor\/karl-schlogel\/","menu_order":0,"post_type":"autor","post_mime_type":"","comment_count":"0","filter":"raw"}],"autor":"SCHL\u00d6GEL, KARL","codart":"841903617","libros-coleccion":"El Acantilado","ediciones":"1","encuadernacion":"R\u00fastica","fecha_de_publicacion":"01\/02\/2023","novedad":"1","paginas":"448","subtitulo":"HISTORIA DE OCHO CIUDADES","orden":"0","portada":"0","idioma":"spa","editorial":[{"ID":6111,"post_author":"3","post_date":"2022-07-28 17:45:08","post_date_gmt":"2022-07-28 15:45:08","post_content":"","post_title":"ACANTILADO","post_excerpt":"","post_status":"publish","comment_status":"closed","ping_status":"closed","post_password":"","post_name":"acantilado","to_ping":"","pinged":"","post_modified":"2022-07-28 17:45:08","post_modified_gmt":"2022-07-28 15:45:08","post_content_filtered":"","post_parent":0,"guid":"http:\/\/dev.claret.cat\/editorial\/acantilado\/","menu_order":0,"post_type":"editorial","post_mime_type":"","comment_count":"0","filter":"raw"}]},"aioseo_notices":[],"_links":{"self":[{"href":"https:\/\/www.claret.cat\/es\/wp-json\/wp\/v2\/product\/393030","targetHints":{"allow":["GET"]}}],"collection":[{"href":"https:\/\/www.claret.cat\/es\/wp-json\/wp\/v2\/product"}],"about":[{"href":"https:\/\/www.claret.cat\/es\/wp-json\/wp\/v2\/types\/product"}],"wp:featuredmedia":[{"embeddable":true,"href":"https:\/\/www.claret.cat\/es\/wp-json\/wp\/v2\/media\/393363"}],"wp:attachment":[{"href":"https:\/\/www.claret.cat\/es\/wp-json\/wp\/v2\/media?parent=393030"}],"wp:term":[{"taxonomy":"product_brand","embeddable":true,"href":"https:\/\/www.claret.cat\/es\/wp-json\/wp\/v2\/product_brand?post=393030"},{"taxonomy":"product_cat","embeddable":true,"href":"https:\/\/www.claret.cat\/es\/wp-json\/wp\/v2\/product_cat?post=393030"},{"taxonomy":"product_tag","embeddable":true,"href":"https:\/\/www.claret.cat\/es\/wp-json\/wp\/v2\/product_tag?post=393030"}],"curies":[{"name":"wp","href":"https:\/\/api.w.org\/{rel}","templated":true}]}}