{"id":393065,"date":"2023-02-21T14:15:07","date_gmt":"2023-02-21T13:15:07","guid":{"rendered":"https:\/\/www.claret.cat\/llibre\/la-condicion-vulnerable-9788417796723\/"},"modified":"2023-10-06T06:33:06","modified_gmt":"2023-10-06T04:33:06","slug":"la-condicion-vulnerable-9788417796723","status":"publish","type":"product","link":"https:\/\/www.claret.cat\/es\/libro\/la-condicion-vulnerable-9788417796723\/","title":{"rendered":"LA CONDICI\u00d3N VULNERABLE"},"content":{"rendered":"<p>La vida humana no puede eludir los conflictos, las rupturas o las incongruencias. Los<br \/> momentos en los que todo encaja, los instantes solemnes en los que el orden reina, no dejan de ser oasis ef\u00edmeros que se desmoronan como castillos de arena en la playa. Convertidos en problemas por nosotros mismos, nos formulamos preguntas que nunca podremos responder, pero tampoco podemos dejar de formul\u00e1rnoslas.<br \/> Vivimos en un mundo donde el mal, el sufrimiento y la indiferencia est\u00e1n obsesivamente presentes. Nuestra vida no puede esquivar la comedia ni la tragedia. La condici\u00f3n humana es vulnerable, porque los rostros de la finitud son ineludibles. La muerte, la crueldad, el sufrimiento y la p\u00e9rdida son el sinsentido radical, y cualquier intento de superar este absurdo y de encontrarle una justificaci\u00f3n es obsceno.<br \/> La vulnerabilidad est\u00e1 ligada a una identidad nunca fijada del todo que se construye dentro de un universo de m\u00e1scaras como el que es, en definitiva, el baile de la existencia.<\/p>\n","protected":false},"excerpt":{"rendered":"<p>M\u00c8LICH, JOAN-CARLES<\/p>\n","protected":false},"featured_media":393216,"template":"","meta":{"_acf_changed":false,"om_disable_all_campaigns":false,"rs_blank_template":"","rs_page_bg_color":"","slide_template_v7":"","inline_featured_image":false,"_monsterinsights_skip_tracking":false,"_monsterinsights_sitenote_active":false,"_monsterinsights_sitenote_note":"","_monsterinsights_sitenote_category":0},"product_brand":[],"product_cat":[373],"product_tag":[],"class_list":{"0":"post-393065","1":"product","2":"type-product","3":"status-publish","4":"has-post-thumbnail","6":"product_cat-autores","8":"first","9":"instock","10":"taxable","11":"shipping-taxable","12":"purchasable","13":"product-type-simple"},"acf":{"autor":"M\u00c8LICH, JOAN-CARLES","codart":"841779672","libros-coleccion":"Fragmentos","ediciones":"1","encuadernacion":"R\u00fastica","fecha_de_publicacion":"01\/01\/2023","novedad":"1","paginas":"110","subtitulo":"","orden":"0","portada":"0","idioma":"spa","editorial":[{"ID":6258,"post_author":"3","post_date":"2022-07-28 17:48:20","post_date_gmt":"2022-07-28 15:48:20","post_content":"","post_title":"FRAGMENTA EDITORIAL","post_excerpt":"","post_status":"publish","comment_status":"closed","ping_status":"closed","post_password":"","post_name":"fragmenta-editorial","to_ping":"","pinged":"","post_modified":"2022-07-28 17:48:20","post_modified_gmt":"2022-07-28 15:48:20","post_content_filtered":"","post_parent":0,"guid":"http:\/\/dev.claret.cat\/editorial\/fragmenta-editorial\/","menu_order":0,"post_type":"editorial","post_mime_type":"","comment_count":"0","filter":"raw"}],"autores-libros":[{"ID":159462,"post_author":"3","post_date":"2022-10-14 15:45:02","post_date_gmt":"2022-10-14 13:45:02","post_content":"","post_title":"JOAN-CARLES M\u00c8LICH","post_excerpt":"","post_status":"publish","comment_status":"closed","ping_status":"closed","post_password":"","post_name":"joan-carles-melich","to_ping":"","pinged":"","post_modified":"2022-10-14 15:45:02","post_modified_gmt":"2022-10-14 13:45:02","post_content_filtered":"","post_parent":0,"guid":"http:\/\/dev.claret.cat\/autor\/joan-carles-melich\/","menu_order":0,"post_type":"autor","post_mime_type":"","comment_count":"0","filter":"raw"}]},"aioseo_notices":[],"_links":{"self":[{"href":"https:\/\/www.claret.cat\/es\/wp-json\/wp\/v2\/product\/393065","targetHints":{"allow":["GET"]}}],"collection":[{"href":"https:\/\/www.claret.cat\/es\/wp-json\/wp\/v2\/product"}],"about":[{"href":"https:\/\/www.claret.cat\/es\/wp-json\/wp\/v2\/types\/product"}],"wp:featuredmedia":[{"embeddable":true,"href":"https:\/\/www.claret.cat\/es\/wp-json\/wp\/v2\/media\/393216"}],"wp:attachment":[{"href":"https:\/\/www.claret.cat\/es\/wp-json\/wp\/v2\/media?parent=393065"}],"wp:term":[{"taxonomy":"product_brand","embeddable":true,"href":"https:\/\/www.claret.cat\/es\/wp-json\/wp\/v2\/product_brand?post=393065"},{"taxonomy":"product_cat","embeddable":true,"href":"https:\/\/www.claret.cat\/es\/wp-json\/wp\/v2\/product_cat?post=393065"},{"taxonomy":"product_tag","embeddable":true,"href":"https:\/\/www.claret.cat\/es\/wp-json\/wp\/v2\/product_tag?post=393065"}],"curies":[{"name":"wp","href":"https:\/\/api.w.org\/{rel}","templated":true}]}}