{"id":39324,"date":"2022-10-02T19:05:55","date_gmt":"2022-10-02T17:05:55","guid":{"rendered":"http:\/\/dev.claret.cat\/producte\/el-gran-libro-de-los-perros\/"},"modified":"2023-10-06T10:01:51","modified_gmt":"2023-10-06T08:01:51","slug":"el-gran-libro-de-los-perros-9788418909214","status":"publish","type":"product","link":"https:\/\/www.claret.cat\/es\/libro\/el-gran-libro-de-los-perros-9788418909214\/","title":{"rendered":"EL GRAN LIBRO DE LOS PERROS"},"content":{"rendered":"<p>A mediados del a\u00f1o 2019, Karin du Croo y Miguel Gallardo adoptaron a Cala, una mezcla de terrier y no se sabe qu\u00e9 m\u00e1s, abandonada a su suerte en mitad de la sierra del Segura. Cala entr\u00f3 en sus vidas y las cambi\u00f3 para siempre, haci\u00e9ndoles aterrizar en el planeta perruno, un universo con sus superh\u00e9roes y sus villanos.<\/p>\n<p> En las p\u00e1ginas de &#8221;El gran libro de los perros&#8221;, Gallardo y du Croo hacen un repaso de c\u00f3mo fue el complicado proceso de adopci\u00f3n, de la aclimataci\u00f3n de la perrita a un nuevo hogar, y muestran adem\u00e1s un rico cuaderno de viaje, un libro de instrucciones del mundo de canes que se abri\u00f3 para ellos.<\/p>\n","protected":false},"excerpt":{"rendered":"<p>GALLARDO, MIGUEL \/ DU CROO, KARIN<\/p>\n","protected":false},"featured_media":56151,"template":"","meta":{"_acf_changed":false,"om_disable_all_campaigns":false,"rs_blank_template":"","rs_page_bg_color":"","slide_template_v7":"","inline_featured_image":false,"_monsterinsights_skip_tracking":false,"_monsterinsights_sitenote_active":false,"_monsterinsights_sitenote_note":"","_monsterinsights_sitenote_category":0},"product_brand":[],"product_cat":[558],"product_tag":[],"class_list":{"0":"post-39324","1":"product","2":"type-product","3":"status-publish","4":"has-post-thumbnail","6":"product_cat-comic-3_infantil-juvenil-spa-spa","8":"first","9":"instock","10":"taxable","11":"shipping-taxable","12":"purchasable","13":"product-type-simple"},"acf":{"autor":"GALLARDO, MIGUEL \/ DU CROO, KARIN","codart":"841890921","libros-coleccion":"Sill\u00f3n Orejero","ediciones":"1","encuadernacion":"Carton\u00e9","fecha_de_publicacion":"01\/03\/2022","novedad":"1","paginas":"152","subtitulo":"","orden":"0","portada":"0","idioma":"spa","editorial":[{"ID":6130,"post_author":"3","post_date":"2022-07-28 17:45:32","post_date_gmt":"2022-07-28 15:45:32","post_content":"","post_title":"ASTIBERRI EDICIONES","post_excerpt":"","post_status":"publish","comment_status":"closed","ping_status":"closed","post_password":"","post_name":"astiberri-ediciones","to_ping":"","pinged":"","post_modified":"2022-07-28 17:45:32","post_modified_gmt":"2022-07-28 15:45:32","post_content_filtered":"","post_parent":0,"guid":"http:\/\/dev.claret.cat\/editorial\/astiberri-ediciones\/","menu_order":0,"post_type":"editorial","post_mime_type":"","comment_count":"0","filter":"raw"}],"autores-libros":[{"ID":161427,"post_author":"3","post_date":"2022-10-14 17:18:07","post_date_gmt":"2022-10-14 15:18:07","post_content":"","post_title":"KARIN DU CROO","post_excerpt":"","post_status":"publish","comment_status":"closed","ping_status":"closed","post_password":"","post_name":"karin-du-croo","to_ping":"","pinged":"","post_modified":"2022-10-14 17:18:07","post_modified_gmt":"2022-10-14 15:18:07","post_content_filtered":"","post_parent":0,"guid":"http:\/\/dev.claret.cat\/autor\/karin-du-croo\/","menu_order":0,"post_type":"autor","post_mime_type":"","comment_count":"0","filter":"raw"},{"ID":164991,"post_author":"3","post_date":"2022-10-14 17:51:31","post_date_gmt":"2022-10-14 15:51:31","post_content":"","post_title":"MIGUEL GALLARDO","post_excerpt":"","post_status":"publish","comment_status":"closed","ping_status":"closed","post_password":"","post_name":"miguel-gallardo","to_ping":"","pinged":"","post_modified":"2022-10-14 17:51:31","post_modified_gmt":"2022-10-14 15:51:31","post_content_filtered":"","post_parent":0,"guid":"http:\/\/dev.claret.cat\/autor\/miguel-gallardo\/","menu_order":0,"post_type":"autor","post_mime_type":"","comment_count":"0","filter":"raw"}]},"aioseo_notices":[],"_links":{"self":[{"href":"https:\/\/www.claret.cat\/es\/wp-json\/wp\/v2\/product\/39324","targetHints":{"allow":["GET"]}}],"collection":[{"href":"https:\/\/www.claret.cat\/es\/wp-json\/wp\/v2\/product"}],"about":[{"href":"https:\/\/www.claret.cat\/es\/wp-json\/wp\/v2\/types\/product"}],"wp:featuredmedia":[{"embeddable":true,"href":"https:\/\/www.claret.cat\/es\/wp-json\/wp\/v2\/media\/56151"}],"wp:attachment":[{"href":"https:\/\/www.claret.cat\/es\/wp-json\/wp\/v2\/media?parent=39324"}],"wp:term":[{"taxonomy":"product_brand","embeddable":true,"href":"https:\/\/www.claret.cat\/es\/wp-json\/wp\/v2\/product_brand?post=39324"},{"taxonomy":"product_cat","embeddable":true,"href":"https:\/\/www.claret.cat\/es\/wp-json\/wp\/v2\/product_cat?post=39324"},{"taxonomy":"product_tag","embeddable":true,"href":"https:\/\/www.claret.cat\/es\/wp-json\/wp\/v2\/product_tag?post=39324"}],"curies":[{"name":"wp","href":"https:\/\/api.w.org\/{rel}","templated":true}]}}