{"id":393252,"date":"2023-02-21T17:20:28","date_gmt":"2023-02-21T16:20:28","guid":{"rendered":"https:\/\/www.claret.cat\/llibre\/sapiens-9788419107466\/"},"modified":"2025-11-18T12:45:13","modified_gmt":"2025-11-18T11:45:13","slug":"sapiens-9788419107466","status":"publish","type":"product","link":"https:\/\/www.claret.cat\/es\/libro\/sapiens-9788419107466\/","title":{"rendered":"S\u00c0PIENS"},"content":{"rendered":"<p>BESTSELLER INTERNACIONAL. M\u00e9s d&#8221;1.000.000 d&#8221;exemplars venuts.<br \/> El relat apassionant de l&#8221;extraordin\u00e0ria hist\u00f2ria del g\u00e8nere hum\u00e0.<br \/> \u00abUn gran relat de la hist\u00f2ria de la civilitzaci\u00f3 humana, des dels primers ca\u00e7adors recol\u00b7lectors ?ns a la societat i economia actuals.\u00bb\u00a0 MARK ZUCKERBERG<br \/> Fa cent mil anys, l&#8221;Homo sapiens era un animal insigni?cant que s&#8221;ocupava de les seves coses en un rac\u00f3 de l&#8221;\u00c0frica i compartia el planeta amb almenys cinc esp\u00e8cies m\u00e9s d&#8221;humans. De sobte, per\u00f2, fa setanta mil anys, un canvi misteri\u00f3s i profund en les seves habilitats cognitives el va convertir en l&#8221;amo del m\u00f3n. Avui dia nom\u00e9s hi ha una esp\u00e8cie humana a la Terra. Nosaltres. L&#8221;Homo sapiens.<br \/> Com s&#8221;ho va fer l&#8221;Homo sapiens per aconseguir extingir la resta de les esp\u00e8cies d&#8221;humans i gaireb\u00e9 la meitat dels mam\u00edfers terrestres m\u00e9s grans del m\u00f3n? Per qu\u00e8 els nostres avantpassats es van organitzar per crear ciutats i regnes? Com vam arribar a creure en els d\u00e9us, les nacions i els drets humans; a con?ar en els diners, els llibres o les lleis? Per qu\u00e8 ens vam convertir en esclaus de la burocr\u00e0cia, els horaris i el consumisme? Els humans, som m\u00e9s feli\u00e7os a mesura que la hist\u00f2ria progressa? Com ser\u00e0 el nostre m\u00f3n d&#8221;aqu\u00ed mil anys?<br \/> S\u00e0piens q\u00fcestiona tot all\u00f2 que sab\u00edem sobre l&#8221;\u00e9sser hum\u00e0. Una obra brillant que ofereix una nova perspectiva de la humanitat i que ens permet connectar els fets del passat amb les preocupacions actuals.<\/p>\n","protected":false},"excerpt":{"rendered":"<p>NOAH HARARI, YUVAL<\/p>\n","protected":false},"featured_media":393393,"template":"","meta":{"_acf_changed":false,"om_disable_all_campaigns":false,"rs_blank_template":"","rs_page_bg_color":"","slide_template_v7":"","inline_featured_image":false,"_monsterinsights_skip_tracking":false,"_monsterinsights_sitenote_active":false,"_monsterinsights_sitenote_note":"","_monsterinsights_sitenote_category":0},"product_brand":[],"product_cat":[157,370],"product_tag":[],"class_list":{"0":"post-393252","1":"product","2":"type-product","3":"status-publish","4":"has-post-thumbnail","6":"product_cat-investigacio-i-corrents","7":"product_cat-investigacion-y-corrientes","9":"first","10":"instock","11":"taxable","12":"shipping-taxable","13":"purchasable","14":"product-type-simple"},"acf":{"autor":"NOAH HARARI, YUVAL","codart":"841910746","libros-coleccion":"LABUTXACA","ediciones":"1","encuadernacion":"R\u00fastica","fecha_de_publicacion":"01\/02\/2023","novedad":"1","paginas":"605","subtitulo":"UNA BREU HIST\u00d2RIA DE LA HUMANITAT","orden":"0","portada":"0","idioma":"cat","editorial":[{"ID":6281,"post_author":"3","post_date":"2022-07-28 17:48:50","post_date_gmt":"2022-07-28 15:48:50","post_content":"","post_title":"LABUTXACA","post_excerpt":"","post_status":"publish","comment_status":"closed","ping_status":"closed","post_password":"","post_name":"labutxaca","to_ping":"","pinged":"","post_modified":"2022-07-28 17:48:50","post_modified_gmt":"2022-07-28 15:48:50","post_content_filtered":"","post_parent":0,"guid":"http:\/\/dev.claret.cat\/editorial\/labutxaca\/","menu_order":0,"post_type":"editorial","post_mime_type":"","comment_count":"0","filter":"raw"}],"autores-libros":[{"ID":6105,"post_author":"3","post_date":"2022-07-28 17:38:17","post_date_gmt":"2022-07-28 15:38:17","post_content":"","post_title":"YUVAL NOAH HARARI","post_excerpt":"","post_status":"publish","comment_status":"closed","ping_status":"closed","post_password":"","post_name":"yuval-noah-harari","to_ping":"","pinged":"","post_modified":"2022-07-28 17:38:17","post_modified_gmt":"2022-07-28 15:38:17","post_content_filtered":"","post_parent":0,"guid":"http:\/\/dev.claret.cat\/autor\/yuval-noah-harari\/","menu_order":0,"post_type":"autor","post_mime_type":"","comment_count":"0","filter":"raw"}],"booktrailer":"","resenas":""},"aioseo_notices":[],"_links":{"self":[{"href":"https:\/\/www.claret.cat\/es\/wp-json\/wp\/v2\/product\/393252","targetHints":{"allow":["GET"]}}],"collection":[{"href":"https:\/\/www.claret.cat\/es\/wp-json\/wp\/v2\/product"}],"about":[{"href":"https:\/\/www.claret.cat\/es\/wp-json\/wp\/v2\/types\/product"}],"wp:featuredmedia":[{"embeddable":true,"href":"https:\/\/www.claret.cat\/es\/wp-json\/wp\/v2\/media\/393393"}],"wp:attachment":[{"href":"https:\/\/www.claret.cat\/es\/wp-json\/wp\/v2\/media?parent=393252"}],"wp:term":[{"taxonomy":"product_brand","embeddable":true,"href":"https:\/\/www.claret.cat\/es\/wp-json\/wp\/v2\/product_brand?post=393252"},{"taxonomy":"product_cat","embeddable":true,"href":"https:\/\/www.claret.cat\/es\/wp-json\/wp\/v2\/product_cat?post=393252"},{"taxonomy":"product_tag","embeddable":true,"href":"https:\/\/www.claret.cat\/es\/wp-json\/wp\/v2\/product_tag?post=393252"}],"curies":[{"name":"wp","href":"https:\/\/api.w.org\/{rel}","templated":true}]}}