{"id":393258,"date":"2023-02-21T17:25:18","date_gmt":"2023-02-21T16:25:18","guid":{"rendered":"https:\/\/www.claret.cat\/llibre\/homo-deus-9788419107459\/"},"modified":"2024-01-31T18:21:38","modified_gmt":"2024-01-31T17:21:38","slug":"homo-deus-9788419107459","status":"publish","type":"product","link":"https:\/\/www.claret.cat\/es\/libro\/homo-deus-9788419107459\/","title":{"rendered":"HOMO DEUS"},"content":{"rendered":"<p>De l&#8221;autor de S\u00e0piens, bestseller internacional amb m\u00e9s d&#8221;1 mili\u00f3 d&#8221;exemplars venuts.<br \/> Una obra brillant que ens ajuda a comprendre&#8221;ns a nosaltres mateixos.<br \/> L&#8221;\u00fanica constant de la hist\u00f2ria \u00e9s que tot canvia. La humanitat \u00e9s avui m\u00e9s segura, m\u00e9s sana i m\u00e9s rica que mai. Durant el segle XX, hem assolit l&#8221;impossible: la fam, la pesta i la guerra ja no s\u00f3n trag\u00e8dies inevitables. Hem aconseguit canviar el planeta sencer i ara ja no esperem que cap \u00e9sser superior dirigeixi els nostres destins. Aviat conquerirem la immortalitat. El que ens va fer s\u00e0piens ens far\u00e0 d\u00e9us.\u00a0<br \/> Per\u00f2, i ara, qu\u00e8 hem de fer, qu\u00e8 ens oferir\u00e0 el futur? Quan el teu m\u00f2bil et conegui millor que tu mateix, continuar\u00e0s triant la teva feina, la teva parella o el teu president? Quan la intel\u00b7lig\u00e8ncia artificial ens expulsi del mercat de treball, els milers de milions de persones sense feina trobaran sentit en les drogues i els jocs d&#8221;ordinador? Quan els cossos i els cervells siguin productes de disseny, la selecci\u00f3 natural deixar\u00e0 pas al disseny intel\u00b7ligent? Aquest \u00e9s el nou estadi de l&#8221;evoluci\u00f3. Aix\u00f2 \u00e9s l&#8221;Homo Deus.<br \/> L&#8221;autor de S\u00e0piens imagina un m\u00f3n no gaire lluny\u00e0 en qu\u00e8 afrontem una nova s\u00e8rie de reptes. Homo Deus es una obra brillant que ens ajuda a comprendre&#8221;ns a nosaltres mateixos.<\/p>\n","protected":false},"excerpt":{"rendered":"<p>NOAH HARARI, YUVAL<\/p>\n","protected":false},"featured_media":393385,"template":"","meta":{"_acf_changed":false,"om_disable_all_campaigns":false,"rs_blank_template":"","rs_page_bg_color":"","slide_template_v7":"","inline_featured_image":false,"_monsterinsights_skip_tracking":false,"_monsterinsights_sitenote_active":false,"_monsterinsights_sitenote_note":"","_monsterinsights_sitenote_category":0},"product_brand":[],"product_cat":[157,370],"product_tag":[],"class_list":{"0":"post-393258","1":"product","2":"type-product","3":"status-publish","4":"has-post-thumbnail","6":"product_cat-investigacio-i-corrents","7":"product_cat-investigacion-y-corrientes","9":"first","10":"instock","11":"taxable","12":"shipping-taxable","13":"purchasable","14":"product-type-simple"},"acf":{"autor":"NOAH HARARI, YUVAL","codart":"841910745","libros-coleccion":"LABUTXACA","ediciones":"1","encuadernacion":"R\u00fastica","fecha_de_publicacion":"01\/02\/2023","novedad":"1","paginas":"575","subtitulo":"UNA BREU HIST\u00d2RIA DEL DEM\u00c0","orden":"0","portada":"0","idioma":"cat","editorial":[{"ID":6281,"post_author":"3","post_date":"2022-07-28 17:48:50","post_date_gmt":"2022-07-28 15:48:50","post_content":"","post_title":"LABUTXACA","post_excerpt":"","post_status":"publish","comment_status":"closed","ping_status":"closed","post_password":"","post_name":"labutxaca","to_ping":"","pinged":"","post_modified":"2022-07-28 17:48:50","post_modified_gmt":"2022-07-28 15:48:50","post_content_filtered":"","post_parent":0,"guid":"http:\/\/dev.claret.cat\/editorial\/labutxaca\/","menu_order":0,"post_type":"editorial","post_mime_type":"","comment_count":"0","filter":"raw"}],"autores-libros":[{"ID":6105,"post_author":"3","post_date":"2022-07-28 17:38:17","post_date_gmt":"2022-07-28 15:38:17","post_content":"","post_title":"YUVAL NOAH HARARI","post_excerpt":"","post_status":"publish","comment_status":"closed","ping_status":"closed","post_password":"","post_name":"yuval-noah-harari","to_ping":"","pinged":"","post_modified":"2022-07-28 17:38:17","post_modified_gmt":"2022-07-28 15:38:17","post_content_filtered":"","post_parent":0,"guid":"http:\/\/dev.claret.cat\/autor\/yuval-noah-harari\/","menu_order":0,"post_type":"autor","post_mime_type":"","comment_count":"0","filter":"raw"}]},"aioseo_notices":[],"_links":{"self":[{"href":"https:\/\/www.claret.cat\/es\/wp-json\/wp\/v2\/product\/393258","targetHints":{"allow":["GET"]}}],"collection":[{"href":"https:\/\/www.claret.cat\/es\/wp-json\/wp\/v2\/product"}],"about":[{"href":"https:\/\/www.claret.cat\/es\/wp-json\/wp\/v2\/types\/product"}],"wp:featuredmedia":[{"embeddable":true,"href":"https:\/\/www.claret.cat\/es\/wp-json\/wp\/v2\/media\/393385"}],"wp:attachment":[{"href":"https:\/\/www.claret.cat\/es\/wp-json\/wp\/v2\/media?parent=393258"}],"wp:term":[{"taxonomy":"product_brand","embeddable":true,"href":"https:\/\/www.claret.cat\/es\/wp-json\/wp\/v2\/product_brand?post=393258"},{"taxonomy":"product_cat","embeddable":true,"href":"https:\/\/www.claret.cat\/es\/wp-json\/wp\/v2\/product_cat?post=393258"},{"taxonomy":"product_tag","embeddable":true,"href":"https:\/\/www.claret.cat\/es\/wp-json\/wp\/v2\/product_tag?post=393258"}],"curies":[{"name":"wp","href":"https:\/\/api.w.org\/{rel}","templated":true}]}}