{"id":39327,"date":"2022-10-02T19:05:58","date_gmt":"2022-10-02T17:05:58","guid":{"rendered":"http:\/\/dev.claret.cat\/producte\/maria-y-yo\/"},"modified":"2023-10-06T10:28:47","modified_gmt":"2023-10-06T08:28:47","slug":"maria-y-yo-9788496815407","status":"publish","type":"product","link":"https:\/\/www.claret.cat\/es\/libro\/maria-y-yo-9788496815407\/","title":{"rendered":"MAR\u00cdA Y YO"},"content":{"rendered":"<p>&#8221;Mar\u00eda y yo&#8221; es una obra importante, tanto por el tema que trata, el autismo, como por la mirada delicada, sensible y divertida con la que Miguel Gallardo nos muestra su feliz relaci\u00f3n con su hija, Mar\u00eda. Una obra reveladora, a todas luces cat\u00e1rtica, que lleva m\u00e1s de 25.000 ejemplares vendidos y supuso un paso adelante en la dilatada trayectoria profesional del creador catal\u00e1n, con la que se hizo merecedor del Premio Nacional de C\u00f3mic de Catalu\u00f1a 2008.<\/p>\n<p> Amaia Herv\u00e1s, psiquiatra infantojuvenil, destaca: \u201cUn aspecto muy importante conocido por maestros, profesionales y padres del aprendizaje de ni\u00f1os con autismo es la utilizaci\u00f3n de im\u00e1genes claras y sint\u00e9ticas que transmitan ideas o situaciones. En este libro, Miguel Gallardo, acostumbrado a comunicarse visualmente con su hija Mar\u00eda, quiere compartirlo con sus lectores como si nosotros fu\u00e9ramos ella y a trav\u00e9s de sus dibujos entendamos su mensaje simple y breve de una manera inequ\u00edvoca. Este libro rebosa im\u00e1genes que transmiten sensaciones y emociones de Mar\u00eda, de su padre y de su entorno. Miguel, que desde hace a\u00f1os sabe que a Mar\u00eda sus fant\u00e1sticos dibujos la hacen feliz, la tranquilizan y la ayudan a comprender este mundo, quiere utilizarlos tambi\u00e9n con nosotros para que compartamos las emociones de Mar\u00eda hacia \u00e9l y sus seres queridos\u201d.<\/p>\n<p> \u201cEl lector \u2013a\u00f1ade Herv\u00e1s\u2013 se ve sumergido en las emociones de un viaje de vacaciones de Mar\u00eda y su padre. Un viaje que recrea situaciones familiares y cotidianas que, para ellos, como para cientos de familias que tienen un ni\u00f1o con autismo, resulta una aventura salpicada de dificultades generadas por la falta de adaptaci\u00f3n de nuestro entorno social o por la limitada comprensi\u00f3n de algunas personas que Mar\u00eda encuentra en su viaje\u201d.<\/p>\n<p> En julio de 2010 se estren\u00f3 en cines el largometraje documental &#8221;Mar\u00eda y yo&#8221;, dirigido por F\u00e9lix Fern\u00e1ndez de Castro, responsable tambi\u00e9n del guion a partir de la historia original plasmada en papel.<\/p>\n","protected":false},"excerpt":{"rendered":"<p>GALLARDO, MIGUEL<\/p>\n","protected":false},"featured_media":56153,"template":"","meta":{"_acf_changed":false,"om_disable_all_campaigns":false,"rs_blank_template":"","rs_page_bg_color":"","slide_template_v7":"","inline_featured_image":false,"_monsterinsights_skip_tracking":false,"_monsterinsights_sitenote_active":false,"_monsterinsights_sitenote_note":"","_monsterinsights_sitenote_category":0},"product_brand":[],"product_cat":[558],"product_tag":[],"class_list":{"0":"post-39327","1":"product","2":"type-product","3":"status-publish","4":"has-post-thumbnail","6":"product_cat-comic-3_infantil-juvenil-spa-spa","8":"first","9":"instock","10":"taxable","11":"shipping-taxable","12":"purchasable","13":"product-type-simple"},"acf":{"autor":"GALLARDO, MIGUEL","codart":"849681540","libros-coleccion":"Sill\u00f3n Orejero","ediciones":"1","encuadernacion":"Carton\u00e9","fecha_de_publicacion":"01\/03\/2022","novedad":"1","paginas":"64","subtitulo":"","orden":"0","portada":"0","idioma":"spa","editorial":[{"ID":6130,"post_author":"3","post_date":"2022-07-28 17:45:32","post_date_gmt":"2022-07-28 15:45:32","post_content":"","post_title":"ASTIBERRI EDICIONES","post_excerpt":"","post_status":"publish","comment_status":"closed","ping_status":"closed","post_password":"","post_name":"astiberri-ediciones","to_ping":"","pinged":"","post_modified":"2022-07-28 17:45:32","post_modified_gmt":"2022-07-28 15:45:32","post_content_filtered":"","post_parent":0,"guid":"http:\/\/dev.claret.cat\/editorial\/astiberri-ediciones\/","menu_order":0,"post_type":"editorial","post_mime_type":"","comment_count":"0","filter":"raw"}],"autores-libros":[{"ID":164991,"post_author":"3","post_date":"2022-10-14 17:51:31","post_date_gmt":"2022-10-14 15:51:31","post_content":"","post_title":"MIGUEL GALLARDO","post_excerpt":"","post_status":"publish","comment_status":"closed","ping_status":"closed","post_password":"","post_name":"miguel-gallardo","to_ping":"","pinged":"","post_modified":"2022-10-14 17:51:31","post_modified_gmt":"2022-10-14 15:51:31","post_content_filtered":"","post_parent":0,"guid":"http:\/\/dev.claret.cat\/autor\/miguel-gallardo\/","menu_order":0,"post_type":"autor","post_mime_type":"","comment_count":"0","filter":"raw"}]},"aioseo_notices":[],"_links":{"self":[{"href":"https:\/\/www.claret.cat\/es\/wp-json\/wp\/v2\/product\/39327","targetHints":{"allow":["GET"]}}],"collection":[{"href":"https:\/\/www.claret.cat\/es\/wp-json\/wp\/v2\/product"}],"about":[{"href":"https:\/\/www.claret.cat\/es\/wp-json\/wp\/v2\/types\/product"}],"wp:featuredmedia":[{"embeddable":true,"href":"https:\/\/www.claret.cat\/es\/wp-json\/wp\/v2\/media\/56153"}],"wp:attachment":[{"href":"https:\/\/www.claret.cat\/es\/wp-json\/wp\/v2\/media?parent=39327"}],"wp:term":[{"taxonomy":"product_brand","embeddable":true,"href":"https:\/\/www.claret.cat\/es\/wp-json\/wp\/v2\/product_brand?post=39327"},{"taxonomy":"product_cat","embeddable":true,"href":"https:\/\/www.claret.cat\/es\/wp-json\/wp\/v2\/product_cat?post=39327"},{"taxonomy":"product_tag","embeddable":true,"href":"https:\/\/www.claret.cat\/es\/wp-json\/wp\/v2\/product_tag?post=39327"}],"curies":[{"name":"wp","href":"https:\/\/api.w.org\/{rel}","templated":true}]}}