{"id":39333,"date":"2022-10-02T19:06:03","date_gmt":"2022-10-02T17:06:03","guid":{"rendered":"http:\/\/dev.claret.cat\/producte\/morir-antes-del-suicidio\/"},"modified":"2026-01-28T11:52:17","modified_gmt":"2026-01-28T10:52:17","slug":"morir-antes-del-suicidio-9788425447891","status":"publish","type":"product","link":"https:\/\/www.claret.cat\/es\/libro\/morir-antes-del-suicidio-9788425447891\/","title":{"rendered":"MORIR ANTES DEL SUICIDIO"},"content":{"rendered":"<p>\u00abEste no es un libro sobre la muerte, de esa no s\u00e9 nada. Este es un libro sobre la vida, y de ella s\u00e9 algunas cosas, al menos todas  las que me han explicado quienes han querido abandonarla de forma prematura\u00bb.  El suicidio en la adolescencia es una tragedia, una cat\u00e1strofe sin retorno para la persona y un s\u00fabito cataclismo que marcar\u00e1 para siempre a la familia y al entorno. En la actualidad,  est\u00e1 considerado como un problema de salud p\u00fablica que, en el peor de los casos, acaba con la p\u00e9rdida de muchos a\u00f1os potenciales de vida.  Estas p\u00e1ginas son fruto de un trabajo de reflexi\u00f3n compartida, que pretende aproximar algunas claves de la conducta suicida a los diferentes agentes implicados en la vida de los adolescentes. Su intenci\u00f3n es ofrecer respuestas claras y \u00fatiles para el abordaje de la problem\u00e1tica. Se ejemplifica con experiencias reales para cumplir con el compromiso contra\u00eddo con las familias, el de transformar aquel dolor pasado en prevenci\u00f3n y ayuda futuras.    AUTOR  Francisco Villar es doctor en Psicolog\u00eda y psic\u00f3logo cl\u00ednico especialista en suicidio en la infancia y la adolescencia, y referente<\/p>\n","protected":false},"excerpt":{"rendered":"<p>VILLAR CABEZA, FRANCISCO<\/p>\n","protected":false},"featured_media":878642,"template":"","meta":{"_acf_changed":false,"om_disable_all_campaigns":false,"rs_blank_template":"","rs_page_bg_color":"","slide_template_v7":"","inline_featured_image":false,"_monsterinsights_skip_tracking":false,"_monsterinsights_sitenote_active":false,"_monsterinsights_sitenote_note":"","_monsterinsights_sitenote_category":0},"product_brand":[],"product_cat":[485,232,245,495],"product_tag":[],"class_list":{"0":"post-39333","1":"product","2":"type-product","3":"status-publish","4":"has-post-thumbnail","6":"product_cat-autores-espiritualidad-1_espiritualidad","7":"product_cat-autors-espiritualitat","8":"product_cat-diversa","9":"product_cat-diversa-espiritualidad-1_espiritualidad","11":"first","12":"instock","13":"taxable","14":"shipping-taxable","15":"purchasable","16":"product-type-simple"},"acf":{"autor":"VILLAR CABEZA, FRANCISCO","codart":"842544789","libros-coleccion":"Psicolog\u00eda","ediciones":"1","encuadernacion":"Carpeta","fecha_de_publicacion":"01\/03\/2022","novedad":"1","paginas":"255","subtitulo":"PREVENCI\u00d3N EN LA ADOLESCENCIA","orden":"0","portada":"0","idioma":"spa","editorial":[{"ID":6266,"post_author":"3","post_date":"2022-07-28 17:48:31","post_date_gmt":"2022-07-28 15:48:31","post_content":"","post_title":"HERDER","post_excerpt":"","post_status":"publish","comment_status":"closed","ping_status":"closed","post_password":"","post_name":"herder","to_ping":"","pinged":"","post_modified":"2022-07-28 17:48:31","post_modified_gmt":"2022-07-28 15:48:31","post_content_filtered":"","post_parent":0,"guid":"http:\/\/dev.claret.cat\/editorial\/herder\/","menu_order":0,"post_type":"editorial","post_mime_type":"","comment_count":"0","filter":"raw"}],"autores-libros":[{"ID":156314,"post_author":"3","post_date":"2022-10-14 15:19:49","post_date_gmt":"2022-10-14 13:19:49","post_content":"","post_title":"FRANCISCO VILLAR CABEZA","post_excerpt":"","post_status":"publish","comment_status":"closed","ping_status":"closed","post_password":"","post_name":"francisco-villar-cabeza","to_ping":"","pinged":"","post_modified":"2022-10-14 15:19:49","post_modified_gmt":"2022-10-14 13:19:49","post_content_filtered":"","post_parent":0,"guid":"http:\/\/dev.claret.cat\/autor\/francisco-villar-cabeza\/","menu_order":0,"post_type":"autor","post_mime_type":"","comment_count":"0","filter":"raw"}],"booktrailer":"","resenas":""},"aioseo_notices":[],"_links":{"self":[{"href":"https:\/\/www.claret.cat\/es\/wp-json\/wp\/v2\/product\/39333","targetHints":{"allow":["GET"]}}],"collection":[{"href":"https:\/\/www.claret.cat\/es\/wp-json\/wp\/v2\/product"}],"about":[{"href":"https:\/\/www.claret.cat\/es\/wp-json\/wp\/v2\/types\/product"}],"wp:featuredmedia":[{"embeddable":true,"href":"https:\/\/www.claret.cat\/es\/wp-json\/wp\/v2\/media\/878642"}],"wp:attachment":[{"href":"https:\/\/www.claret.cat\/es\/wp-json\/wp\/v2\/media?parent=39333"}],"wp:term":[{"taxonomy":"product_brand","embeddable":true,"href":"https:\/\/www.claret.cat\/es\/wp-json\/wp\/v2\/product_brand?post=39333"},{"taxonomy":"product_cat","embeddable":true,"href":"https:\/\/www.claret.cat\/es\/wp-json\/wp\/v2\/product_cat?post=39333"},{"taxonomy":"product_tag","embeddable":true,"href":"https:\/\/www.claret.cat\/es\/wp-json\/wp\/v2\/product_tag?post=39333"}],"curies":[{"name":"wp","href":"https:\/\/api.w.org\/{rel}","templated":true}]}}