{"id":393521,"date":"2023-02-21T18:43:22","date_gmt":"2023-02-21T17:43:22","guid":{"rendered":"https:\/\/www.claret.cat\/llibre\/mi-primer-libro-de-cocina-coreana-9788419466266\/"},"modified":"2023-10-11T04:17:45","modified_gmt":"2023-10-11T02:17:45","slug":"mi-primer-libro-de-cocina-coreana-9788419466266","status":"publish","type":"product","link":"https:\/\/www.claret.cat\/es\/libro\/mi-primer-libro-de-cocina-coreana-9788419466266\/","title":{"rendered":"MI PRIMER LIBRO DE COCINA COREANA"},"content":{"rendered":"<p>Muchos piensan que la comida coreana es compleja y dif\u00edcil de preparar. En realidad, \u00a1es muy sencilla!<br \/> Se requieren una serie de ingredientes b\u00e1sicos, pero, una vez que se han llenado la despensa y el frigor\u00edfico, todo est\u00e1 a punto para empezar a elaborar deliciosos platos.<br \/> Mi primer libro de cocina coreana contiene numerosas recetas para preparar los banchan m\u00e1s populares:<\/p>\n<p> el famoso kimchi;<br \/> exquisitos platos de fideos;<br \/> arroz, carne y pescado;<br \/> bocadillos r\u00e1pidos y sencillos;<br \/> inigualables postres.<\/p>\n<p> Con todas ellas, los comensales se sentir\u00e1n satisfechos y se despedir\u00e1n diciendo, al igual que los coreanos: \u00abMuch\u00edsimas gracias. Ha sido un verdadero placer\u00bb.<\/p>\n","protected":false},"excerpt":{"rendered":"<p>LINDER, LISA \/ HWANG, CAROLINE<\/p>\n","protected":false},"featured_media":393581,"template":"","meta":{"_acf_changed":false,"om_disable_all_campaigns":false,"rs_blank_template":"","rs_page_bg_color":"","slide_template_v7":"","inline_featured_image":false,"_monsterinsights_skip_tracking":false,"_monsterinsights_sitenote_active":false,"_monsterinsights_sitenote_note":"","_monsterinsights_sitenote_category":0},"product_brand":[],"product_cat":[553,103],"product_tag":[],"class_list":{"0":"post-393521","1":"product","2":"type-product","3":"status-publish","4":"has-post-thumbnail","6":"product_cat-cocina","7":"product_cat-cuina","9":"first","10":"instock","11":"taxable","12":"shipping-taxable","13":"purchasable","14":"product-type-simple"},"acf":{"autor":"LINDER, LISA \/ HWANG, CAROLINE","codart":"841946626","libros-coleccion":"Gastronom\u00eda","ediciones":"1","encuadernacion":"Carton\u00e9","fecha_de_publicacion":"01\/02\/2023","novedad":"1","paginas":"255","subtitulo":"","orden":"0","portada":"0","idioma":"spa","editorial":[{"ID":148476,"post_author":"3","post_date":"2022-10-14 11:58:32","post_date_gmt":"2022-10-14 09:58:32","post_content":"","post_title":"Lunwerg Editores","post_excerpt":"","post_status":"publish","comment_status":"closed","ping_status":"closed","post_password":"","post_name":"lunwerg-editores","to_ping":"","pinged":"","post_modified":"2022-10-14 11:58:32","post_modified_gmt":"2022-10-14 09:58:32","post_content_filtered":"","post_parent":0,"guid":"http:\/\/dev.claret.cat\/editorial\/lunwerg-editores\/","menu_order":0,"post_type":"editorial","post_mime_type":"","comment_count":"0","filter":"raw"}],"autores-libros":[{"ID":162258,"post_author":"3","post_date":"2022-10-14 17:29:35","post_date_gmt":"2022-10-14 15:29:35","post_content":"","post_title":"LISA LINDER","post_excerpt":"","post_status":"publish","comment_status":"closed","ping_status":"closed","post_password":"","post_name":"lisa-linder","to_ping":"","pinged":"","post_modified":"2022-10-14 17:29:35","post_modified_gmt":"2022-10-14 15:29:35","post_content_filtered":"","post_parent":0,"guid":"http:\/\/dev.claret.cat\/autor\/lisa-linder\/","menu_order":0,"post_type":"autor","post_mime_type":"","comment_count":"0","filter":"raw"},{"ID":152504,"post_author":"3","post_date":"2022-10-14 14:49:18","post_date_gmt":"2022-10-14 12:49:18","post_content":"","post_title":"CAROLINE HWANG","post_excerpt":"","post_status":"publish","comment_status":"closed","ping_status":"closed","post_password":"","post_name":"caroline-hwang","to_ping":"","pinged":"","post_modified":"2022-10-14 14:49:18","post_modified_gmt":"2022-10-14 12:49:18","post_content_filtered":"","post_parent":0,"guid":"http:\/\/dev.claret.cat\/autor\/caroline-hwang\/","menu_order":0,"post_type":"autor","post_mime_type":"","comment_count":"0","filter":"raw"}]},"aioseo_notices":[],"_links":{"self":[{"href":"https:\/\/www.claret.cat\/es\/wp-json\/wp\/v2\/product\/393521","targetHints":{"allow":["GET"]}}],"collection":[{"href":"https:\/\/www.claret.cat\/es\/wp-json\/wp\/v2\/product"}],"about":[{"href":"https:\/\/www.claret.cat\/es\/wp-json\/wp\/v2\/types\/product"}],"wp:featuredmedia":[{"embeddable":true,"href":"https:\/\/www.claret.cat\/es\/wp-json\/wp\/v2\/media\/393581"}],"wp:attachment":[{"href":"https:\/\/www.claret.cat\/es\/wp-json\/wp\/v2\/media?parent=393521"}],"wp:term":[{"taxonomy":"product_brand","embeddable":true,"href":"https:\/\/www.claret.cat\/es\/wp-json\/wp\/v2\/product_brand?post=393521"},{"taxonomy":"product_cat","embeddable":true,"href":"https:\/\/www.claret.cat\/es\/wp-json\/wp\/v2\/product_cat?post=393521"},{"taxonomy":"product_tag","embeddable":true,"href":"https:\/\/www.claret.cat\/es\/wp-json\/wp\/v2\/product_tag?post=393521"}],"curies":[{"name":"wp","href":"https:\/\/api.w.org\/{rel}","templated":true}]}}