{"id":393542,"date":"2023-02-21T18:50:43","date_gmt":"2023-02-21T17:50:43","guid":{"rendered":"https:\/\/www.claret.cat\/llibre\/antes-se-secara-la-tierra-9788408267959\/"},"modified":"2023-10-11T04:17:39","modified_gmt":"2023-10-11T02:17:39","slug":"antes-se-secara-la-tierra-9788408267959","status":"publish","type":"product","link":"https:\/\/www.claret.cat\/es\/libro\/antes-se-secara-la-tierra-9788408267959\/","title":{"rendered":"ANTES SE SECAR\u00c1 LA TIERRA"},"content":{"rendered":"<p>1845. Andr\u00e9 de Castronavea regresa, doctorado en Leyes, al pazo gallego que lo vio nacer. El reencuentro con su familia le produce una felicidad inmensa, pero su mayor anhelo es ver a Iria, la hermanastra de su padre, poco mayor que \u00e9l. Ya en su cuarto, Andr\u00e9 la ve aparecer y ella, llevada por la emoci\u00f3n, le besa inesperadamente. Ese beso desatar\u00e1 los sentimientos enjaulados, y, mientras la relaci\u00f3n imposible entre ellos se desborda, Andr\u00e9 descubrir\u00e1 que no todo es alegr\u00eda en el pazo: don Isidro Ordas, un empresario de Ponferrada, ha abierto minas en las tierras de los Castronavea. As\u00ed, la lucha por el control de la tierra, los amores y envidias de sus hermanos, el legado de su implacable abuelo Dositeu y el enfrentamiento inevitable con los Ordas se entrelazan en un hurac\u00e1n que exigir\u00e1 sangre, arrojo y una lucha encarnizada por prevalecer.<br \/> Fernando J. M\u00fa\u00f1ez nos habla de c\u00f3mo los lazos familiares pueden ser condena o bendici\u00f3n y nos sumerge en las traiciones m\u00e1s dolorosas, en los amores m\u00e1s desgarrados y en los sacrificios que se hacen sin importar las consecuencias, todo ello en torno a un tema universal: la familia.<br \/> Cuando el coraz\u00f3n de la tierra late es imposible no escucharlo.<br \/> ANTES SE SECAR\u00c1 LA TIERRA<br \/> Por el autor de La cocinera de Castamar<\/p>\n","protected":false},"excerpt":{"rendered":"<p>M\u00da\u00d1EZ, FERNANDO J.<\/p>\n","protected":false},"featured_media":394385,"template":"","meta":{"_acf_changed":false,"om_disable_all_campaigns":false,"rs_blank_template":"","rs_page_bg_color":"","slide_template_v7":"","inline_featured_image":false,"_monsterinsights_skip_tracking":false,"_monsterinsights_sitenote_active":false,"_monsterinsights_sitenote_note":"","_monsterinsights_sitenote_category":0},"product_brand":[],"product_cat":[130,360],"product_tag":[],"class_list":{"0":"post-393542","1":"product","2":"type-product","3":"status-publish","4":"has-post-thumbnail","6":"product_cat-novella-historica-i-ficcio","7":"product_cat-novela-historica-y-ficcion","9":"first","10":"instock","11":"taxable","12":"shipping-taxable","13":"purchasable","14":"product-type-simple"},"acf":{"autor":"M\u00da\u00d1EZ, FERNANDO J.","codart":"840826795","libros-coleccion":"Autores Espa\u00f1oles e Iberoamericanos","ediciones":"1","encuadernacion":"Carton\u00e9","fecha_de_publicacion":"01\/02\/2023","novedad":"1","paginas":"473","subtitulo":"","orden":"0","portada":"0","idioma":"spa","editorial":[{"ID":6233,"post_author":"3","post_date":"2022-07-28 17:47:48","post_date_gmt":"2022-07-28 15:47:48","post_content":"","post_title":"EDITORIAL PLANETA","post_excerpt":"","post_status":"publish","comment_status":"closed","ping_status":"closed","post_password":"","post_name":"editorial-planeta","to_ping":"","pinged":"","post_modified":"2022-07-28 17:47:48","post_modified_gmt":"2022-07-28 15:47:48","post_content_filtered":"","post_parent":0,"guid":"http:\/\/dev.claret.cat\/editorial\/editorial-planeta\/","menu_order":0,"post_type":"editorial","post_mime_type":"","comment_count":"0","filter":"raw"}],"autores-libros":[{"ID":155836,"post_author":"3","post_date":"2022-10-14 15:16:01","post_date_gmt":"2022-10-14 13:16:01","post_content":"","post_title":"FERNANDO J. M\u00da\u00d1EZ","post_excerpt":"","post_status":"publish","comment_status":"closed","ping_status":"closed","post_password":"","post_name":"fernando-j-munez","to_ping":"","pinged":"","post_modified":"2022-10-14 15:16:01","post_modified_gmt":"2022-10-14 13:16:01","post_content_filtered":"","post_parent":0,"guid":"http:\/\/dev.claret.cat\/autor\/fernando-j-munez\/","menu_order":0,"post_type":"autor","post_mime_type":"","comment_count":"0","filter":"raw"}]},"aioseo_notices":[],"_links":{"self":[{"href":"https:\/\/www.claret.cat\/es\/wp-json\/wp\/v2\/product\/393542","targetHints":{"allow":["GET"]}}],"collection":[{"href":"https:\/\/www.claret.cat\/es\/wp-json\/wp\/v2\/product"}],"about":[{"href":"https:\/\/www.claret.cat\/es\/wp-json\/wp\/v2\/types\/product"}],"wp:featuredmedia":[{"embeddable":true,"href":"https:\/\/www.claret.cat\/es\/wp-json\/wp\/v2\/media\/394385"}],"wp:attachment":[{"href":"https:\/\/www.claret.cat\/es\/wp-json\/wp\/v2\/media?parent=393542"}],"wp:term":[{"taxonomy":"product_brand","embeddable":true,"href":"https:\/\/www.claret.cat\/es\/wp-json\/wp\/v2\/product_brand?post=393542"},{"taxonomy":"product_cat","embeddable":true,"href":"https:\/\/www.claret.cat\/es\/wp-json\/wp\/v2\/product_cat?post=393542"},{"taxonomy":"product_tag","embeddable":true,"href":"https:\/\/www.claret.cat\/es\/wp-json\/wp\/v2\/product_tag?post=393542"}],"curies":[{"name":"wp","href":"https:\/\/api.w.org\/{rel}","templated":true}]}}