{"id":39357,"date":"2022-10-02T19:06:25","date_gmt":"2022-10-02T17:06:25","guid":{"rendered":"http:\/\/dev.claret.cat\/producte\/enemic-meu\/"},"modified":"2023-10-06T09:39:37","modified_gmt":"2023-10-06T07:39:37","slug":"enemic-meu-9788418292668","status":"publish","type":"product","link":"https:\/\/www.claret.cat\/es\/libro\/enemic-meu-9788418292668\/","title":{"rendered":"ENEMIC MEU"},"content":{"rendered":"<p>Dos pilots de ca\u00e7a gal\u00e0ctics que pertanyen a faccions en guerra s&#8217;estavellen en  un planeta hostil. Willis Davidge, un hum\u00e0, i Jeriba Shiga, un draconi\u00e0, hauran  de deixar de banda les seves difer\u00e8ncies i col\u00b7laborar si volen sobreviure.  Enemic meu \u00e9s una emotiva hist\u00f2ria al voltant de la toler\u00e0ncia, l&#8217;amistat i, en  el fons, el que significa ser hum\u00e0.  La novel\u00b7la va guanyar els premis Hugo, Nebula, Locus i John W. Campbell,  i va inspirar el 1985 la ic\u00f2nica pel\u00b7l\u00edcula del mateix t\u00edtol protagonitzada  per Dennis Quaid i Lou Gossett Jr.  \u00abAquesta va ser una d?aquelles rares vegades en qu\u00e8 una  hist\u00f2ria era tan bona que fins i tot jo podia veure &#8216;Hugo&#8217;  escrit per tot arreu.\u00bb  Isaac Asimov    AUTOR  Barry B. Longyear (Harrisburg, Pennsylvania, 1942) va ser el primer escriptor  a guanyar el premi Hugo, Nebula i John W. Campbell al millor escriptor  novell el mateix any, per Enemic meu (1979). A m\u00e9s de la seva aclamada s\u00e8rie  \u00abEnemic meu\u00bb \u2013que compr\u00e8n una versi\u00f3 ampliada de la novel\u00b7la original i  dues novel\u00b7les m\u00e9s\u2013, The Tomorrow Testament (1983) i The Last Enemy (1997),  reunit tot en el volum The Enemy Pape<\/p>\n","protected":false},"excerpt":{"rendered":"<p>LONGYEAR, BARRY B.<\/p>\n","protected":false},"featured_media":379201,"template":"","meta":{"_acf_changed":false,"om_disable_all_campaigns":false,"rs_blank_template":"","rs_page_bg_color":"","slide_template_v7":"","inline_featured_image":false,"_monsterinsights_skip_tracking":false,"_monsterinsights_sitenote_active":false,"_monsterinsights_sitenote_note":"","_monsterinsights_sitenote_category":0},"product_brand":[],"product_cat":[127],"product_tag":[],"class_list":{"0":"post-39357","1":"product","2":"type-product","3":"status-publish","4":"has-post-thumbnail","6":"product_cat-novella-contemporania","8":"first","9":"instock","10":"taxable","11":"shipping-taxable","12":"purchasable","13":"product-type-simple"},"acf":{"autor":"LONGYEAR, BARRY B.","codart":"841829266","libros-coleccion":"CATALAN LAERTES","ediciones":"1","encuadernacion":"R\u00fastica","fecha_de_publicacion":"01\/04\/2022","novedad":"1","paginas":"160","subtitulo":"","orden":"0","portada":"0","idioma":"cat","editorial":[{"ID":6282,"post_author":"3","post_date":"2022-07-28 17:48:51","post_date_gmt":"2022-07-28 15:48:51","post_content":"","post_title":"Laertes editorial","post_excerpt":"","post_status":"publish","comment_status":"closed","ping_status":"closed","post_password":"","post_name":"laertes-editorial","to_ping":"","pinged":"","post_modified":"2022-07-28 17:48:51","post_modified_gmt":"2022-07-28 15:48:51","post_content_filtered":"","post_parent":0,"guid":"http:\/\/dev.claret.cat\/editorial\/laertes-editorial\/","menu_order":0,"post_type":"editorial","post_mime_type":"","comment_count":"0","filter":"raw"}],"autores-libros":[{"ID":151382,"post_author":"3","post_date":"2022-10-14 14:40:26","post_date_gmt":"2022-10-14 12:40:26","post_content":"","post_title":"BARRY B. LONGYEAR","post_excerpt":"","post_status":"publish","comment_status":"closed","ping_status":"closed","post_password":"","post_name":"barry-b-longyear","to_ping":"","pinged":"","post_modified":"2022-10-14 14:40:26","post_modified_gmt":"2022-10-14 12:40:26","post_content_filtered":"","post_parent":0,"guid":"http:\/\/dev.claret.cat\/autor\/barry-b-longyear\/","menu_order":0,"post_type":"autor","post_mime_type":"","comment_count":"0","filter":"raw"}]},"aioseo_notices":[],"_links":{"self":[{"href":"https:\/\/www.claret.cat\/es\/wp-json\/wp\/v2\/product\/39357","targetHints":{"allow":["GET"]}}],"collection":[{"href":"https:\/\/www.claret.cat\/es\/wp-json\/wp\/v2\/product"}],"about":[{"href":"https:\/\/www.claret.cat\/es\/wp-json\/wp\/v2\/types\/product"}],"wp:featuredmedia":[{"embeddable":true,"href":"https:\/\/www.claret.cat\/es\/wp-json\/wp\/v2\/media\/379201"}],"wp:attachment":[{"href":"https:\/\/www.claret.cat\/es\/wp-json\/wp\/v2\/media?parent=39357"}],"wp:term":[{"taxonomy":"product_brand","embeddable":true,"href":"https:\/\/www.claret.cat\/es\/wp-json\/wp\/v2\/product_brand?post=39357"},{"taxonomy":"product_cat","embeddable":true,"href":"https:\/\/www.claret.cat\/es\/wp-json\/wp\/v2\/product_cat?post=39357"},{"taxonomy":"product_tag","embeddable":true,"href":"https:\/\/www.claret.cat\/es\/wp-json\/wp\/v2\/product_tag?post=39357"}],"curies":[{"name":"wp","href":"https:\/\/api.w.org\/{rel}","templated":true}]}}