{"id":393738,"date":"2023-02-22T12:25:08","date_gmt":"2023-02-22T11:25:08","guid":{"rendered":"https:\/\/www.claret.cat\/llibre\/cuentos-de-buenas-noches-para-ninas-rebeldes-4-9788408267119\/"},"modified":"2026-03-04T10:25:07","modified_gmt":"2026-03-04T09:25:07","slug":"cuentos-de-buenas-noches-para-ninas-rebeldes-4-9788408267119","status":"publish","type":"product","link":"https:\/\/www.claret.cat\/es\/libro\/cuentos-de-buenas-noches-para-ninas-rebeldes-4-9788408267119\/","title":{"rendered":"CUENTOS DE BUENAS NOCHES PARA NI\u00d1AS REBELDES 4"},"content":{"rendered":"<p>Las ni\u00f1as rebeldes vuelven, una vez m\u00e1s, con historias que no te dejar\u00e1n indiferente. En el nuevo volumen nos hablar\u00e1n de 100 chicas que est\u00e1n cambiando el mundo y rompiendo barreras. J\u00f3venes valientes, luchadoras, perseverantes y decididas. Chicas que son todo un referente y que dejan claro que las j\u00f3venes de hoy en d\u00eda no est\u00e1n dispuestas a quedarse calladas.<\/p>\n","protected":false},"excerpt":{"rendered":"<p>NI\u00d1AS REBELDES<\/p>\n","protected":false},"featured_media":393903,"template":"","meta":{"_acf_changed":false,"om_disable_all_campaigns":false,"rs_blank_template":"","rs_page_bg_color":"","slide_template_v7":"","inline_featured_image":false,"_monsterinsights_skip_tracking":false,"_monsterinsights_sitenote_active":false,"_monsterinsights_sitenote_note":"","_monsterinsights_sitenote_category":0},"product_brand":[],"product_cat":[132,362],"product_tag":[],"class_list":{"0":"post-393738","1":"product","2":"type-product","3":"status-publish","4":"has-post-thumbnail","6":"product_cat-lectures-per-preadolescents-6-12-anys","7":"product_cat-libros-preadolescentes-6-12-anos","9":"first","10":"instock","11":"taxable","12":"shipping-taxable","13":"purchasable","14":"product-type-simple"},"acf":{"autor":"NI\u00d1AS REBELDES","codart":"840826711","libros-coleccion":"Otros t\u00edtulos","ediciones":"1","encuadernacion":"Carton\u00e9","fecha_de_publicacion":"01\/02\/2023","novedad":"1","paginas":"240","subtitulo":"100 J\u00d3VENES QUE EST\u00c1N CAMBIANDO EL MUNDO","orden":"0","portada":"0","idioma":"spa","editorial":[{"ID":6233,"post_author":"3","post_date":"2022-07-28 17:47:48","post_date_gmt":"2022-07-28 15:47:48","post_content":"","post_title":"EDITORIAL PLANETA","post_excerpt":"","post_status":"publish","comment_status":"closed","ping_status":"closed","post_password":"","post_name":"editorial-planeta","to_ping":"","pinged":"","post_modified":"2022-07-28 17:47:48","post_modified_gmt":"2022-07-28 15:47:48","post_content_filtered":"","post_parent":0,"guid":"http:\/\/dev.claret.cat\/editorial\/editorial-planeta\/","menu_order":0,"post_type":"editorial","post_mime_type":"","comment_count":"0","filter":"raw"}],"autores-libros":[{"ID":165903,"post_author":"3","post_date":"2022-10-14 17:58:51","post_date_gmt":"2022-10-14 15:58:51","post_content":"","post_title":"NI\u00d1AS REBELDES","post_excerpt":"","post_status":"publish","comment_status":"closed","ping_status":"closed","post_password":"","post_name":"ninas-rebeldes","to_ping":"","pinged":"","post_modified":"2022-10-14 17:58:51","post_modified_gmt":"2022-10-14 15:58:51","post_content_filtered":"","post_parent":0,"guid":"http:\/\/dev.claret.cat\/autor\/ninas-rebeldes\/","menu_order":0,"post_type":"autor","post_mime_type":"","comment_count":"0","filter":"raw"}],"booktrailer":"","resenas":""},"aioseo_notices":[],"_links":{"self":[{"href":"https:\/\/www.claret.cat\/es\/wp-json\/wp\/v2\/product\/393738","targetHints":{"allow":["GET"]}}],"collection":[{"href":"https:\/\/www.claret.cat\/es\/wp-json\/wp\/v2\/product"}],"about":[{"href":"https:\/\/www.claret.cat\/es\/wp-json\/wp\/v2\/types\/product"}],"wp:featuredmedia":[{"embeddable":true,"href":"https:\/\/www.claret.cat\/es\/wp-json\/wp\/v2\/media\/393903"}],"wp:attachment":[{"href":"https:\/\/www.claret.cat\/es\/wp-json\/wp\/v2\/media?parent=393738"}],"wp:term":[{"taxonomy":"product_brand","embeddable":true,"href":"https:\/\/www.claret.cat\/es\/wp-json\/wp\/v2\/product_brand?post=393738"},{"taxonomy":"product_cat","embeddable":true,"href":"https:\/\/www.claret.cat\/es\/wp-json\/wp\/v2\/product_cat?post=393738"},{"taxonomy":"product_tag","embeddable":true,"href":"https:\/\/www.claret.cat\/es\/wp-json\/wp\/v2\/product_tag?post=393738"}],"curies":[{"name":"wp","href":"https:\/\/api.w.org\/{rel}","templated":true}]}}