{"id":393743,"date":"2023-02-22T12:25:23","date_gmt":"2023-02-22T11:25:23","guid":{"rendered":"https:\/\/www.claret.cat\/llibre\/que-pasa-con-la-nutricion-9788449340420\/"},"modified":"2023-10-11T04:17:15","modified_gmt":"2023-10-11T02:17:15","slug":"que-pasa-con-la-nutricion-9788449340420","status":"publish","type":"product","link":"https:\/\/www.claret.cat\/es\/libro\/que-pasa-con-la-nutricion-9788449340420\/","title":{"rendered":"\u00bfQU\u00c9 PASA CON LA NUTRICI\u00d3N?"},"content":{"rendered":"<p>\u00bfEs el ayuno intermitente la soluci\u00f3n a todos nuestros problemas? \u00bfLa dieta keto y low-carb es la clave para perder peso y mejorar nuestra salud? \u00bfDebemos comer como nuestros ancestros con la dieta paleo? \u00bfSon los ultraprocesados la gran epidemia del siglo XXI? \u00bfEs la microbiota la tendencia de la d\u00e9cada? \u00bfLa dieta vegana salvar\u00e1 a los animales y al planeta? \u00bfPor qu\u00e9 la gente elimina el gluten de su dieta? \u00bfPor qu\u00e9 los l\u00e1cteos son tan pol\u00e9micos?<br \/> A estas alturas la gente est\u00e1 un poco mareada: somos incapaces de afirmar qu\u00e9 alimentos son realmente saludables o cu\u00e1les deber\u00eda incorporar a su dieta. Y es que la informaci\u00f3n muchas veces es contradictoria y no es raro que distintos profesionales recomienden dietas y pautas bajo criterios muy diferentes: algunos sostienen que la leche es imprescindible y otros, que es un veneno; unos afirman que hay que comer como nuestros ancestros, mientras que otros proclaman que ahora se come mejor que nunca. \u00bfQu\u00e9 podemos hacer ante tanta confusi\u00f3n?<br \/> Aitor S\u00e1nchez, con su capacidad para aclarar t\u00e9rminos, establecer l\u00edmites y dirimir con sensatez, aborda en este nuevo libro los diez temas m\u00e1s controvertidos sobre nutrici\u00f3n \u2014el ayuno intermitente, la dieta keto y low-carb, la dieta paleo, los ultraprocesados, la comida real y el marketing, la dieta vegana, la microbiota, el gluten, los l\u00e1cteos y los suplementos\u2014 y nos presenta los estudios cient\u00edficos m\u00e1s recientes para zanjar el debate y aclarar de una vez por todas las dudas surgidas de tanta informaci\u00f3n contradictoria.<br \/> Con la claridad y el rigor que le distinguen, en \u00bfQu\u00e9 pasa con la nutrici\u00f3n? aprenderemos todo lo que necesitamos saber para tomar las mejores decisiones sobre nuestra alimentaci\u00f3n y, sobre todo, descubriremos los consejos b\u00e1sicos que hay que seguir para establecer prioridades y aplicar el sentido com\u00fan a nuestra dieta.<\/p>\n","protected":false},"excerpt":{"rendered":"<p>S\u00c1NCHEZ GARC\u00cdA, AITOR<\/p>\n","protected":false},"featured_media":394507,"template":"","meta":{"_acf_changed":false,"om_disable_all_campaigns":false,"rs_blank_template":"","rs_page_bg_color":"","slide_template_v7":"","inline_featured_image":false,"_monsterinsights_skip_tracking":false,"_monsterinsights_sitenote_active":false,"_monsterinsights_sitenote_note":"","_monsterinsights_sitenote_category":0},"product_brand":[],"product_cat":[547,97],"product_tag":[],"class_list":{"0":"post-393743","1":"product","2":"type-product","3":"status-publish","4":"has-post-thumbnail","6":"product_cat-salud","7":"product_cat-salut","9":"first","10":"instock","11":"taxable","12":"shipping-taxable","13":"purchasable","14":"product-type-simple"},"acf":{"autor":"S\u00c1NCHEZ GARC\u00cdA, AITOR","codart":"844934042","libros-coleccion":"Divulgaci\u00f3n","ediciones":"1","encuadernacion":"R\u00fastica","fecha_de_publicacion":"01\/02\/2023","novedad":"1","paginas":"296","subtitulo":"LOS GRANDES DEBATES SOBRE NUTRICI\u00d3N QUE NECESITAS ACLARAR","orden":"0","portada":"0","idioma":"spa","editorial":[{"ID":6206,"post_author":"3","post_date":"2022-07-28 17:47:08","post_date_gmt":"2022-07-28 15:47:08","post_content":"","post_title":"Ediciones Paid\u00f3s","post_excerpt":"","post_status":"publish","comment_status":"closed","ping_status":"closed","post_password":"","post_name":"ediciones-paidos","to_ping":"","pinged":"","post_modified":"2022-07-28 17:47:08","post_modified_gmt":"2022-07-28 15:47:08","post_content_filtered":"","post_parent":0,"guid":"http:\/\/dev.claret.cat\/editorial\/ediciones-paidos\/","menu_order":0,"post_type":"editorial","post_mime_type":"","comment_count":"0","filter":"raw"}],"autores-libros":[{"ID":149307,"post_author":"3","post_date":"2022-10-14 14:23:49","post_date_gmt":"2022-10-14 12:23:49","post_content":"","post_title":"AITOR S\u00c1NCHEZ GARC\u00cdA","post_excerpt":"","post_status":"publish","comment_status":"closed","ping_status":"closed","post_password":"","post_name":"aitor-sanchez-garcia","to_ping":"","pinged":"","post_modified":"2022-10-14 14:23:49","post_modified_gmt":"2022-10-14 12:23:49","post_content_filtered":"","post_parent":0,"guid":"http:\/\/dev.claret.cat\/autor\/aitor-sanchez-garcia\/","menu_order":0,"post_type":"autor","post_mime_type":"","comment_count":"0","filter":"raw"}]},"aioseo_notices":[],"_links":{"self":[{"href":"https:\/\/www.claret.cat\/es\/wp-json\/wp\/v2\/product\/393743","targetHints":{"allow":["GET"]}}],"collection":[{"href":"https:\/\/www.claret.cat\/es\/wp-json\/wp\/v2\/product"}],"about":[{"href":"https:\/\/www.claret.cat\/es\/wp-json\/wp\/v2\/types\/product"}],"wp:featuredmedia":[{"embeddable":true,"href":"https:\/\/www.claret.cat\/es\/wp-json\/wp\/v2\/media\/394507"}],"wp:attachment":[{"href":"https:\/\/www.claret.cat\/es\/wp-json\/wp\/v2\/media?parent=393743"}],"wp:term":[{"taxonomy":"product_brand","embeddable":true,"href":"https:\/\/www.claret.cat\/es\/wp-json\/wp\/v2\/product_brand?post=393743"},{"taxonomy":"product_cat","embeddable":true,"href":"https:\/\/www.claret.cat\/es\/wp-json\/wp\/v2\/product_cat?post=393743"},{"taxonomy":"product_tag","embeddable":true,"href":"https:\/\/www.claret.cat\/es\/wp-json\/wp\/v2\/product_tag?post=393743"}],"curies":[{"name":"wp","href":"https:\/\/api.w.org\/{rel}","templated":true}]}}