{"id":393792,"date":"2023-02-22T13:20:16","date_gmt":"2023-02-22T12:20:16","guid":{"rendered":"https:\/\/www.claret.cat\/llibre\/el-discernimiento-9788419240088\/"},"modified":"2024-06-18T12:25:21","modified_gmt":"2024-06-18T10:25:21","slug":"el-discernimiento-catequesis-del-papa-en-la-audiencia-general-9788419240088","status":"publish","type":"product","link":"https:\/\/www.claret.cat\/es\/libro\/el-discernimiento-catequesis-del-papa-en-la-audiencia-general-9788419240088\/","title":{"rendered":"EL DISCERNIMIENTO. CATEQUESIS DEL PAPA EN LA AUDIENCIA GENERAL"},"content":{"rendered":"<p>ROMANA presenta con LIBRERIA EDITRICE VATICANA (L.E.V.) el nuevo libro del Papa Francisco dedicado al discernimiento, a partir de la catequesis predicada por el Papa en el marco de la Audiencia general de los mi\u00e9rcoles, del 31 de agosto de 2022 al 4 de enero de 2023.En particular, el Papa Francisco analiza y desarrolla, a lo largo de catorce catequesis el tema del discernimiento espiritual en un ciclo completo y sistem\u00e1tico de catequesis. Parte de la definici\u00f3n y significado del discernimiento espiritual, \u201cesa reflexi\u00f3n de la mente, del coraz\u00f3n que debemos hacer antes de tomar una decisi\u00f3n\u201d es \u201cun acto importante que concierne a todos, porque las elecciones son una parte esencial de la vida. Discernir las decisiones. Uno elige la comida, la ropa, un curso de estudio, un trabajo, una relaci\u00f3n. En todos ellos se realiza un proyecto de vida, y tambi\u00e9n se concreta nuestra relaci\u00f3n con Dios.\u201dA continuaci\u00f3n, el Papa ilustra el an\u00e1lisis del discernimiento con el ejemplo de San Ignacio de Loyola, en un episodio decisivo en su vida, durante el que hace una primera experiencia personal de Dios escuchando a su coraz\u00f3n: \u201cel discernimiento es la ayuda para reconocer las se\u00f1ales con las cuales el Se\u00f1or se hace encontrar en las situaciones imprevistas incluso desagradables, como fue para Ignacio la herida en la pierna. De estas puede nacer un encuentro que cambia la vida, para siempre, como el caso de san Ignacio.\u201dFrancisco desarrolla pormenorizadamente los tres elementos del discernimiento: la oraci\u00f3n y familiaridad con el Se\u00f1or, el conocimiento de s\u00ed mismo, el deseo y el \u201clibro de la propia vida\u201d, as\u00ed como la materia del discernimiento, que son la desolaci\u00f3n y la consolaci\u00f3n, hasta llegar a la confirmaci\u00f3n de la decisi\u00f3n tomada as\u00ed como la actitud esencial para que no se pierda todo el trabajo realizado para discernir lo mejor y tomar la decisi\u00f3n correcta, la vigilancia \u201cVigilar el coraz\u00f3n, porque la vigilancia es signo de sabidur\u00eda, es signo sobre todo de humildad, porque tenemos miedo de caer y la humildad es el camino maestro de la vida cristiana.\u201d. El Papa concluye la catequesis con una reflexi\u00f3n acerca de las ayudas al discernimiento y el acompa\u00f1amiento espiritual. El volumen incluye adem\u00e1s el discurso del Papa a los nuevos obispos de 2017, centrado en el discernimiento, y laos par\u00e1grafos 166 a 175 referidos al discernimiento en la Exhortaci\u00f3n apost\u00f3lica Gaudete et exultate, dedicada a la llamada a la santidad en el mundo actual. Una nueva obra con las palabras del Papa Francisco acerca del discernimiento, con el pr\u00f3logo del Cardenal Marcello Semeraro, prefecto del Dicasterio de las Causas de los Santos.<\/p>\n","protected":false},"excerpt":{"rendered":"<p>PAPA FRANCISCO<\/p>\n","protected":false},"featured_media":398516,"template":"","meta":{"_acf_changed":false,"om_disable_all_campaigns":false,"rs_blank_template":"","rs_page_bg_color":"","slide_template_v7":"","inline_featured_image":false,"_monsterinsights_skip_tracking":false,"_monsterinsights_sitenote_active":false,"_monsterinsights_sitenote_note":"","_monsterinsights_sitenote_category":0},"product_brand":[],"product_cat":[93,543,410,272],"product_tag":[],"class_list":{"0":"post-393792","1":"product","2":"type-product","3":"status-publish","4":"has-post-thumbnail","6":"product_cat-eclesiologia","7":"product_cat-eclesiologia-es","8":"product_cat-especiales","9":"product_cat-especials","11":"first","12":"instock","13":"taxable","14":"shipping-taxable","15":"purchasable","16":"product-type-simple"},"acf":{"autor":"PAPA FRANCISCO","codart":"841924008","libros-coleccion":"DIABOLO","ediciones":"1","encuadernacion":"Carton\u00e9","fecha_de_publicacion":"01\/02\/2023","novedad":"1","paginas":"112","subtitulo":"","orden":"0","portada":"0","idioma":"spa","editorial":[{"ID":148758,"post_author":"3","post_date":"2022-10-14 12:00:45","post_date_gmt":"2022-10-14 10:00:45","post_content":"","post_title":"ROMANA","post_excerpt":"","post_status":"publish","comment_status":"closed","ping_status":"closed","post_password":"","post_name":"romana","to_ping":"","pinged":"","post_modified":"2022-10-14 12:00:45","post_modified_gmt":"2022-10-14 10:00:45","post_content_filtered":"","post_parent":0,"guid":"http:\/\/dev.claret.cat\/editorial\/romana\/","menu_order":0,"post_type":"editorial","post_mime_type":"","comment_count":"0","filter":"raw"}],"autores-libros":[{"ID":5919,"post_author":"3","post_date":"2022-07-28 17:34:18","post_date_gmt":"2022-07-28 15:34:18","post_content":"","post_title":"PAPA FRANCISCO","post_excerpt":"","post_status":"publish","comment_status":"closed","ping_status":"closed","post_password":"","post_name":"papa-francisco","to_ping":"","pinged":"","post_modified":"2022-07-28 17:34:18","post_modified_gmt":"2022-07-28 15:34:18","post_content_filtered":"","post_parent":0,"guid":"http:\/\/dev.claret.cat\/autor\/papa-francisco\/","menu_order":0,"post_type":"autor","post_mime_type":"","comment_count":"0","filter":"raw"}]},"aioseo_notices":[],"_links":{"self":[{"href":"https:\/\/www.claret.cat\/es\/wp-json\/wp\/v2\/product\/393792","targetHints":{"allow":["GET"]}}],"collection":[{"href":"https:\/\/www.claret.cat\/es\/wp-json\/wp\/v2\/product"}],"about":[{"href":"https:\/\/www.claret.cat\/es\/wp-json\/wp\/v2\/types\/product"}],"wp:featuredmedia":[{"embeddable":true,"href":"https:\/\/www.claret.cat\/es\/wp-json\/wp\/v2\/media\/398516"}],"wp:attachment":[{"href":"https:\/\/www.claret.cat\/es\/wp-json\/wp\/v2\/media?parent=393792"}],"wp:term":[{"taxonomy":"product_brand","embeddable":true,"href":"https:\/\/www.claret.cat\/es\/wp-json\/wp\/v2\/product_brand?post=393792"},{"taxonomy":"product_cat","embeddable":true,"href":"https:\/\/www.claret.cat\/es\/wp-json\/wp\/v2\/product_cat?post=393792"},{"taxonomy":"product_tag","embeddable":true,"href":"https:\/\/www.claret.cat\/es\/wp-json\/wp\/v2\/product_tag?post=393792"}],"curies":[{"name":"wp","href":"https:\/\/api.w.org\/{rel}","templated":true}]}}