{"id":393859,"date":"2023-02-22T16:41:10","date_gmt":"2023-02-22T15:41:10","guid":{"rendered":"https:\/\/www.claret.cat\/llibre\/el-club-de-las-canguro-8-logan-x-mary-anne-9788419110404\/"},"modified":"2025-10-08T18:20:18","modified_gmt":"2025-10-08T16:20:18","slug":"el-club-de-las-canguro-8-logan-x-mary-anne-9788419110404","status":"publish","type":"product","link":"https:\/\/www.claret.cat\/es\/libro\/el-club-de-las-canguro-8-logan-x-mary-anne-9788419110404\/","title":{"rendered":"EL CLUB DE LAS CANGURO 8: LOGAN X MARY ANNE"},"content":{"rendered":"<p>Empieza el nuevo curso y Mary Anne no esperaba conocer a Logan Bruno, \u00a1justo acaba de mudarse a Stoneybrook! Logan tiene una voz adorable, es superguapo? y puede que est\u00e9 interesado en unirse a EL CLUB DE LAS CANGURO. Pero las chicas no est\u00e1n seguras de si Logan estar\u00e1 a la altura, por lo que le env\u00edan a un trabajo del Club junto a Mary Anne como una prueba. Hacen buenas migas, pero Mary Anne duda de que Logan realmente sienta algo por ella. La vida en EL CLUB DE LAS CANGURO nunca ha sido tan complicada, \u00a1ni tan divertida!<\/p>\n","protected":false},"excerpt":{"rendered":"<p>GALLIGAN, GALE<\/p>\n","protected":false},"featured_media":465308,"template":"","meta":{"_acf_changed":false,"om_disable_all_campaigns":false,"rs_blank_template":"","rs_page_bg_color":"","slide_template_v7":"","inline_featured_image":false,"_monsterinsights_skip_tracking":false,"_monsterinsights_sitenote_active":false,"_monsterinsights_sitenote_note":"","_monsterinsights_sitenote_category":0},"product_brand":[],"product_cat":[132,134,364,362],"product_tag":[],"class_list":{"0":"post-393859","1":"product","2":"type-product","3":"status-publish","4":"has-post-thumbnail","6":"product_cat-lectures-per-preadolescents-6-12-anys","7":"product_cat-comics","8":"product_cat-comics-infantil-3_infantil-juvenil-spa","9":"product_cat-libros-preadolescentes-6-12-anos","11":"first","12":"instock","13":"taxable","14":"shipping-taxable","15":"purchasable","16":"product-type-simple"},"acf":{"autor":"GALLIGAN, GALE","codart":"841911040","libros-coleccion":"Maeva Young","ediciones":"1","encuadernacion":"R\u00fastica","fecha_de_publicacion":"01\/09\/2022","novedad":"1","paginas":"168","subtitulo":"","orden":"0","portada":"0","idioma":"spa","editorial":[{"ID":6297,"post_author":"3","post_date":"2022-07-28 17:49:10","post_date_gmt":"2022-07-28 15:49:10","post_content":"","post_title":"Maeva Ediciones","post_excerpt":"","post_status":"publish","comment_status":"closed","ping_status":"closed","post_password":"","post_name":"maeva-ediciones","to_ping":"","pinged":"","post_modified":"2022-07-28 17:49:10","post_modified_gmt":"2022-07-28 15:49:10","post_content_filtered":"","post_parent":0,"guid":"http:\/\/dev.claret.cat\/editorial\/maeva-ediciones\/","menu_order":0,"post_type":"editorial","post_mime_type":"","comment_count":"0","filter":"raw"}],"autores-libros":[{"ID":156590,"post_author":"3","post_date":"2022-10-14 15:22:01","post_date_gmt":"2022-10-14 13:22:01","post_content":"","post_title":"GALE GALLIGAN","post_excerpt":"","post_status":"publish","comment_status":"closed","ping_status":"closed","post_password":"","post_name":"gale-galligan","to_ping":"","pinged":"","post_modified":"2022-10-14 15:22:01","post_modified_gmt":"2022-10-14 13:22:01","post_content_filtered":"","post_parent":0,"guid":"http:\/\/dev.claret.cat\/autor\/gale-galligan\/","menu_order":0,"post_type":"autor","post_mime_type":"","comment_count":"0","filter":"raw"}],"booktrailer":"","resenas":""},"aioseo_notices":[],"_links":{"self":[{"href":"https:\/\/www.claret.cat\/es\/wp-json\/wp\/v2\/product\/393859","targetHints":{"allow":["GET"]}}],"collection":[{"href":"https:\/\/www.claret.cat\/es\/wp-json\/wp\/v2\/product"}],"about":[{"href":"https:\/\/www.claret.cat\/es\/wp-json\/wp\/v2\/types\/product"}],"wp:featuredmedia":[{"embeddable":true,"href":"https:\/\/www.claret.cat\/es\/wp-json\/wp\/v2\/media\/465308"}],"wp:attachment":[{"href":"https:\/\/www.claret.cat\/es\/wp-json\/wp\/v2\/media?parent=393859"}],"wp:term":[{"taxonomy":"product_brand","embeddable":true,"href":"https:\/\/www.claret.cat\/es\/wp-json\/wp\/v2\/product_brand?post=393859"},{"taxonomy":"product_cat","embeddable":true,"href":"https:\/\/www.claret.cat\/es\/wp-json\/wp\/v2\/product_cat?post=393859"},{"taxonomy":"product_tag","embeddable":true,"href":"https:\/\/www.claret.cat\/es\/wp-json\/wp\/v2\/product_tag?post=393859"}],"curies":[{"name":"wp","href":"https:\/\/api.w.org\/{rel}","templated":true}]}}