{"id":394033,"date":"2023-02-22T21:36:56","date_gmt":"2023-02-22T20:36:56","guid":{"rendered":"https:\/\/www.claret.cat\/llibre\/dani-te-una-germaneta-9788426735478\/"},"modified":"2023-12-21T19:00:05","modified_gmt":"2023-12-21T18:00:05","slug":"dani-te-una-germaneta-9788426735478","status":"publish","type":"product","link":"https:\/\/www.claret.cat\/es\/libro\/dani-te-una-germaneta-9788426735478\/","title":{"rendered":"DANI T\u00c9 UNA GERMANETA"},"content":{"rendered":"<p>&#8211; Escrit per una psic\u00f2loga especialista en intel\u00b7lig\u00e8ncia emocional.  &#8211; Per a nens i nenes d&#8221;entre 2 i 6 anys.  Dani ha tingut una germaneta i sent moltes emocions desagradables. Creus que aconseguir\u00e0 sentir-se millor quan parli amb els adults? La vols ajudar a sentir-se millor?  La gelosia es considera un fenomen universal, per\u00f2 la seva intensitat i durada depenen de com es gestioni aquesta emoci\u00f3 i de la vinculaci\u00f3 afectiva que tinguin pares i mares amb el seu fill o filla, \u00e9s a dir, de l&#8221;aferrament segur. Quan arriba un nou membre a la fam\u00edlia, els nens i nenes poden tenir por d&#8221;\u00e9sser substitu\u00efts en el cor de la persona estimada, perqu\u00e8 creuen que l&#8221;amor que la mare els dona ha de ser exclusiu. Aleshores es trenca el sentiment de confian\u00e7a b\u00e0sica que comporta saber-se acceptat incondicionalment, protegit i estimat. Aquest conte pot servir perqu\u00e8 el nen entengui que l&#8221;amor de la seva fam\u00edlia \u00e9s immens i infinit, i aix\u00ed no tindr\u00e0 por de perdre el seu afecte quan el comparteixi amb el seu nou germ\u00e0.  Aquest conte proporciona un llenguatge clar, senzill i divertit des de les aventures properes, interactives i divertides de la Dani. Cont\u00e9 elements que ajuden a entendre la dif\u00edcil situaci\u00f3 per la qual passa la protagonista i permet treure a la llum part de l&#8221;univers interior del petit\/a lector\/a:  &#8211; Preguntes que fomenten la reflexi\u00f3 i el desenvolupament de la intel\u00b7lig\u00e8ncia emocional. &#8211; Element de transici\u00f3 a buscar per les p\u00e0gines del conte. &#8211; Jocs per als petits lectors.  &#8211; Recomanacions per adults.  &#8211; Emocisobre al final del conte.  &#8211; Dos tr\u00edptics que aporten una major creativitat i riquesa a la historia.  L&#8221;autora d&#8221;aquest conte \u00e9s Bego\u00f1a Ibarrola, Llicenciada en Psicologia a la Universidad Complutense de Madrid. Experta en educaci\u00f3 emocional, intel\u00b7lig\u00e8ncies m\u00faltiples, musicoter\u00e0pia i neuroeducaci\u00f3. Terapeuta infantil i juvenil durant quinze anys. Formadora de professorat i fam\u00edlies en diferents organitzacions. Autora de m\u00e9s de 250 contes, alguns d&#8221;ells tradu\u00efts a deu idiomes. A Editorial Sentir \u00e9s autora del conte Compr\u00e8n la Por, de la col\u00b7lecci\u00f3 Plant\u00e0nimals.  Si vols explicar un altre tipus de situacions complexes a nens\/es i no saps com, no et perdis els altres llibres de la col\u00b7lecci\u00f3 Creixicontes i Senticontes.<\/p>\n","protected":false},"excerpt":{"rendered":"<p>IBARROLA, BEGO\u00d1A<\/p>\n","protected":false},"featured_media":394065,"template":"","meta":{"_acf_changed":false,"om_disable_all_campaigns":false,"rs_blank_template":"","rs_page_bg_color":"","slide_template_v7":"","inline_featured_image":false,"_monsterinsights_skip_tracking":false,"_monsterinsights_sitenote_active":false,"_monsterinsights_sitenote_note":"","_monsterinsights_sitenote_category":0},"product_brand":[],"product_cat":[90,540],"product_tag":[],"class_list":{"0":"post-394033","1":"product","2":"type-product","3":"status-publish","4":"has-post-thumbnail","6":"product_cat-altres","7":"product_cat-otros","9":"first","10":"instock","11":"taxable","12":"shipping-taxable","13":"purchasable","14":"product-type-simple"},"acf":{"autor":"IBARROLA, BEGO\u00d1A","codart":"842673547","libros-coleccion":"CRECICUENTOS","ediciones":"1","encuadernacion":"Carton\u00e9","fecha_de_publicacion":"01\/01\/2023","novedad":"1","paginas":"45","subtitulo":"COMPRENDRE LA GELOSIA","orden":"0","portada":"0","idioma":"cat","editorial":[{"ID":6301,"post_author":"3","post_date":"2022-07-28 17:49:15","post_date_gmt":"2022-07-28 15:49:15","post_content":"","post_title":"Marcombo","post_excerpt":"","post_status":"publish","comment_status":"closed","ping_status":"closed","post_password":"","post_name":"marcombo","to_ping":"","pinged":"","post_modified":"2022-07-28 17:49:15","post_modified_gmt":"2022-07-28 15:49:15","post_content_filtered":"","post_parent":0,"guid":"http:\/\/dev.claret.cat\/editorial\/marcombo\/","menu_order":0,"post_type":"editorial","post_mime_type":"","comment_count":"0","filter":"raw"}],"autores-libros":[{"ID":151479,"post_author":"3","post_date":"2022-10-14 14:41:12","post_date_gmt":"2022-10-14 12:41:12","post_content":"","post_title":"BEGO\u00d1A IBARROLA","post_excerpt":"","post_status":"publish","comment_status":"closed","ping_status":"closed","post_password":"","post_name":"begona-ibarrola","to_ping":"","pinged":"","post_modified":"2022-10-14 14:41:12","post_modified_gmt":"2022-10-14 12:41:12","post_content_filtered":"","post_parent":0,"guid":"http:\/\/dev.claret.cat\/autor\/begona-ibarrola\/","menu_order":0,"post_type":"autor","post_mime_type":"","comment_count":"0","filter":"raw"}]},"aioseo_notices":[],"_links":{"self":[{"href":"https:\/\/www.claret.cat\/es\/wp-json\/wp\/v2\/product\/394033","targetHints":{"allow":["GET"]}}],"collection":[{"href":"https:\/\/www.claret.cat\/es\/wp-json\/wp\/v2\/product"}],"about":[{"href":"https:\/\/www.claret.cat\/es\/wp-json\/wp\/v2\/types\/product"}],"wp:featuredmedia":[{"embeddable":true,"href":"https:\/\/www.claret.cat\/es\/wp-json\/wp\/v2\/media\/394065"}],"wp:attachment":[{"href":"https:\/\/www.claret.cat\/es\/wp-json\/wp\/v2\/media?parent=394033"}],"wp:term":[{"taxonomy":"product_brand","embeddable":true,"href":"https:\/\/www.claret.cat\/es\/wp-json\/wp\/v2\/product_brand?post=394033"},{"taxonomy":"product_cat","embeddable":true,"href":"https:\/\/www.claret.cat\/es\/wp-json\/wp\/v2\/product_cat?post=394033"},{"taxonomy":"product_tag","embeddable":true,"href":"https:\/\/www.claret.cat\/es\/wp-json\/wp\/v2\/product_tag?post=394033"}],"curies":[{"name":"wp","href":"https:\/\/api.w.org\/{rel}","templated":true}]}}