{"id":394037,"date":"2023-02-22T21:37:08","date_gmt":"2023-02-22T20:37:08","guid":{"rendered":"https:\/\/www.claret.cat\/llibre\/cambio-climatico-emocional-9788419341433\/"},"modified":"2023-10-11T04:16:45","modified_gmt":"2023-10-11T02:16:45","slug":"cambio-climatico-emocional-9788419341433","status":"publish","type":"product","link":"https:\/\/www.claret.cat\/es\/libro\/cambio-climatico-emocional-9788419341433\/","title":{"rendered":"CAMBIO CLIM\u00c1TICO EMOCIONAL"},"content":{"rendered":"<p>El mundo avanza de forma r\u00e1pida a nivel tecnol\u00f3gico y de conocimientos, pero, como personas y sociedad, no evolucionamos con igual rapidez en los campos emocional y \u00e9tico.<br \/> Sigue habiendo un gran abismo entre la dimensi\u00f3n intelectual y la emocional, entre lo que sabemos y lo que hacemos, entre la teor\u00eda y la pr\u00e1ctica, entre la est\u00e9tica y la \u00e9tica. [\u2026]<br \/> La falta de equidad y la desigualdad son las semillas que causan los brotes de una violencia que ya estamos padeciendo y que afecta al equilibrio de la cadena de la vida y al futuro de las nuevas generaciones.<br \/> Por este motivo, nos preguntamos:<br \/> ? \u00bfEducamos adecuadamente a la nueva generaci\u00f3n de humanos para que est\u00e9 en condiciones de dar respuesta a estos retos que se avecinan?<br \/> ? \u00bfTendr\u00e1n los recursos necesarios para afrontar los grandes cambios y superar las crisis que se les presenten?<br \/> ? \u00bfDispondr\u00e1n de suficiente fortaleza emocional para buscar soluciones en com\u00fan y no desistir de la vida a pesar de los problemas que se les presenten?<\/p>\n<p> &#8216;Cambio clim\u00e1tico emocional&#8217; es una obra indispensable para entender y dar respuesta a los s\u00edntomas de desequilibrio emocional provocados por una vida poco acorde con las aut\u00e9nticas necesidades humanas. Un libro repleto de nuevos conceptos como: #DesobedienciaEmocional #Ecoansiedad #Ecobondad #Generativity #Globalizaci\u00f3nDeLaIndiferencia #IncomodidadConstitutiva #Neuroderechos #Share #Solastalgia #Transhumanismo, y muchos otros, a los que deberemos prestar mucha atenci\u00f3n.<\/p>\n","protected":false},"excerpt":{"rendered":"<p>CONANGLA MAR\u00cdN, MARIA MERC\u00c8 \/ SOLER, JAUME<\/p>\n","protected":false},"featured_media":394527,"template":"","meta":{"_acf_changed":false,"om_disable_all_campaigns":false,"rs_blank_template":"","rs_page_bg_color":"","slide_template_v7":"","inline_featured_image":false,"_monsterinsights_skip_tracking":false,"_monsterinsights_sitenote_active":false,"_monsterinsights_sitenote_note":"","_monsterinsights_sitenote_category":0},"product_brand":[],"product_cat":[179,377],"product_tag":[],"class_list":{"0":"post-394037","1":"product","2":"type-product","3":"status-publish","4":"has-post-thumbnail","6":"product_cat-autoajuda-i-salut-mental","7":"product_cat-autoayuda-y-salud-mental","9":"first","10":"instock","11":"taxable","12":"shipping-taxable","13":"purchasable","14":"product-type-simple"},"acf":{"autor":"CONANGLA MAR\u00cdN, MARIA MERC\u00c8 \/ SOLER, JAUME","codart":"841934143","libros-coleccion":"","ediciones":"1","encuadernacion":"R\u00fastica","fecha_de_publicacion":"01\/01\/2023","novedad":"1","paginas":"289","subtitulo":"11 RETOS + 110 ACCIONES DE ECOLOG\u00cdA EMOCIONAL PARA SUPERAR LOS RETOS DEL SIGLO X","orden":"0","portada":"0","idioma":"spa","editorial":[{"ID":147420,"post_author":"3","post_date":"2022-10-14 11:50:26","post_date_gmt":"2022-10-14 09:50:26","post_content":"","post_title":"AMAT EDITORIAL","post_excerpt":"","post_status":"publish","comment_status":"closed","ping_status":"closed","post_password":"","post_name":"amat-editorial","to_ping":"","pinged":"","post_modified":"2022-10-14 11:50:26","post_modified_gmt":"2022-10-14 09:50:26","post_content_filtered":"","post_parent":0,"guid":"http:\/\/dev.claret.cat\/editorial\/amat-editorial\/","menu_order":0,"post_type":"editorial","post_mime_type":"","comment_count":"0","filter":"raw"}],"autores-libros":[{"ID":158635,"post_author":"3","post_date":"2022-10-14 15:38:24","post_date_gmt":"2022-10-14 13:38:24","post_content":"","post_title":"JAUME SOLER","post_excerpt":"","post_status":"publish","comment_status":"closed","ping_status":"closed","post_password":"","post_name":"jaume-soler","to_ping":"","pinged":"","post_modified":"2022-10-14 15:38:24","post_modified_gmt":"2022-10-14 13:38:24","post_content_filtered":"","post_parent":0,"guid":"http:\/\/dev.claret.cat\/autor\/jaume-soler\/","menu_order":0,"post_type":"autor","post_mime_type":"","comment_count":"0","filter":"raw"},{"ID":394036,"post_author":"3","post_date":"2023-02-22 21:37:06","post_date_gmt":"2023-02-22 20:37:06","post_content":"","post_title":"MARIA MERC\u00c8 CONANGLA MAR\u00cdN","post_excerpt":"","post_status":"publish","comment_status":"closed","ping_status":"closed","post_password":"","post_name":"maria-merce-conangla-marin","to_ping":"","pinged":"","post_modified":"2023-02-22 21:37:06","post_modified_gmt":"2023-02-22 20:37:06","post_content_filtered":"","post_parent":0,"guid":"https:\/\/www.claret.cat\/autor\/maria-merce-conangla-marin\/","menu_order":0,"post_type":"autor","post_mime_type":"","comment_count":"0","filter":"raw"}]},"aioseo_notices":[],"_links":{"self":[{"href":"https:\/\/www.claret.cat\/es\/wp-json\/wp\/v2\/product\/394037","targetHints":{"allow":["GET"]}}],"collection":[{"href":"https:\/\/www.claret.cat\/es\/wp-json\/wp\/v2\/product"}],"about":[{"href":"https:\/\/www.claret.cat\/es\/wp-json\/wp\/v2\/types\/product"}],"wp:featuredmedia":[{"embeddable":true,"href":"https:\/\/www.claret.cat\/es\/wp-json\/wp\/v2\/media\/394527"}],"wp:attachment":[{"href":"https:\/\/www.claret.cat\/es\/wp-json\/wp\/v2\/media?parent=394037"}],"wp:term":[{"taxonomy":"product_brand","embeddable":true,"href":"https:\/\/www.claret.cat\/es\/wp-json\/wp\/v2\/product_brand?post=394037"},{"taxonomy":"product_cat","embeddable":true,"href":"https:\/\/www.claret.cat\/es\/wp-json\/wp\/v2\/product_cat?post=394037"},{"taxonomy":"product_tag","embeddable":true,"href":"https:\/\/www.claret.cat\/es\/wp-json\/wp\/v2\/product_tag?post=394037"}],"curies":[{"name":"wp","href":"https:\/\/api.w.org\/{rel}","templated":true}]}}