{"id":39405,"date":"2022-10-02T19:07:10","date_gmt":"2022-10-02T17:07:10","guid":{"rendered":"http:\/\/dev.claret.cat\/producte\/la-escalera-quebrada\/"},"modified":"2024-05-02T16:03:40","modified_gmt":"2024-05-02T14:03:40","slug":"la-escalera-quebrada-9788419307026","status":"publish","type":"product","link":"https:\/\/www.claret.cat\/es\/libro\/la-escalera-quebrada-9788419307026\/","title":{"rendered":"LA ESCALERA QUEBRADA"},"content":{"rendered":"","protected":false},"excerpt":{"rendered":"<p>VILLAREJO, PEDRO<\/p>\n","protected":false},"featured_media":454520,"template":"","meta":{"_acf_changed":false,"om_disable_all_campaigns":false,"rs_blank_template":"","rs_page_bg_color":"","slide_template_v7":"","inline_featured_image":false,"_monsterinsights_skip_tracking":false,"_monsterinsights_sitenote_active":false,"_monsterinsights_sitenote_note":"","_monsterinsights_sitenote_category":0},"product_brand":[],"product_cat":[485,232,486,233,395,240],"product_tag":[],"class_list":{"0":"post-39405","1":"product","2":"type-product","3":"status-publish","4":"has-post-thumbnail","6":"product_cat-autores-espiritualidad-1_espiritualidad","7":"product_cat-autors-espiritualitat","8":"product_cat-mistica-espiritualidad-1_espiritualidad","9":"product_cat-mistica","10":"product_cat-vida-religiosa-espiritualidad-1_espiritualidad","11":"product_cat-vida-religiosa-espiritualitat","13":"first","14":"instock","15":"taxable","16":"shipping-taxable","17":"purchasable","18":"product-type-simple"},"acf":{"autor":"VILLAREJO, PEDRO","codart":"841930702","libros-coleccion":"","ediciones":"1","encuadernacion":"R\u00fastica","fecha_de_publicacion":"31\/03\/2022","novedad":"1","paginas":"140","subtitulo":"DIARIO IN\u00c9DITO DE LOS \u00daLTIMOS D\u00cdAS DE SAN JUAN DE LA CRUZ","orden":"0","portada":"0","idioma":"spa","editorial":[{"ID":6309,"post_author":"3","post_date":"2022-07-28 17:49:25","post_date_gmt":"2022-07-28 15:49:25","post_content":"","post_title":"Monte Carmelo","post_excerpt":"","post_status":"publish","comment_status":"closed","ping_status":"closed","post_password":"","post_name":"monte-carmelo","to_ping":"","pinged":"","post_modified":"2022-07-28 17:49:25","post_modified_gmt":"2022-07-28 15:49:25","post_content_filtered":"","post_parent":0,"guid":"http:\/\/dev.claret.cat\/editorial\/monte-carmelo\/","menu_order":0,"post_type":"editorial","post_mime_type":"","comment_count":"0","filter":"raw"}],"autores-libros":[{"ID":166914,"post_author":"3","post_date":"2022-10-14 18:07:03","post_date_gmt":"2022-10-14 16:07:03","post_content":"","post_title":"PEDRO VILLAREJO","post_excerpt":"","post_status":"publish","comment_status":"closed","ping_status":"closed","post_password":"","post_name":"pedro-villarejo","to_ping":"","pinged":"","post_modified":"2022-10-14 18:07:03","post_modified_gmt":"2022-10-14 16:07:03","post_content_filtered":"","post_parent":0,"guid":"http:\/\/dev.claret.cat\/autor\/pedro-villarejo\/","menu_order":0,"post_type":"autor","post_mime_type":"","comment_count":"0","filter":"raw"}]},"aioseo_notices":[],"_links":{"self":[{"href":"https:\/\/www.claret.cat\/es\/wp-json\/wp\/v2\/product\/39405","targetHints":{"allow":["GET"]}}],"collection":[{"href":"https:\/\/www.claret.cat\/es\/wp-json\/wp\/v2\/product"}],"about":[{"href":"https:\/\/www.claret.cat\/es\/wp-json\/wp\/v2\/types\/product"}],"wp:featuredmedia":[{"embeddable":true,"href":"https:\/\/www.claret.cat\/es\/wp-json\/wp\/v2\/media\/454520"}],"wp:attachment":[{"href":"https:\/\/www.claret.cat\/es\/wp-json\/wp\/v2\/media?parent=39405"}],"wp:term":[{"taxonomy":"product_brand","embeddable":true,"href":"https:\/\/www.claret.cat\/es\/wp-json\/wp\/v2\/product_brand?post=39405"},{"taxonomy":"product_cat","embeddable":true,"href":"https:\/\/www.claret.cat\/es\/wp-json\/wp\/v2\/product_cat?post=39405"},{"taxonomy":"product_tag","embeddable":true,"href":"https:\/\/www.claret.cat\/es\/wp-json\/wp\/v2\/product_tag?post=39405"}],"curies":[{"name":"wp","href":"https:\/\/api.w.org\/{rel}","templated":true}]}}