{"id":39411,"date":"2022-10-02T19:07:15","date_gmt":"2022-10-02T17:07:15","guid":{"rendered":"http:\/\/dev.claret.cat\/producte\/la-casa-de-san-jose\/"},"modified":"2024-05-02T16:05:29","modified_gmt":"2024-05-02T14:05:29","slug":"la-casa-de-san-jose-9788418303982","status":"publish","type":"product","link":"https:\/\/www.claret.cat\/es\/libro\/la-casa-de-san-jose-9788418303982\/","title":{"rendered":"LA CASA DE SAN JOS\u00c9"},"content":{"rendered":"<p>Las Batuecas es un valle precioso entre montes escarpados que ayudan a elevar la mirada a lo alto, al cielo, a Dios. Y en este valle, a caballo entre las provincias de Salamanca y C\u00e1ceres, hay un monasterio que encierra entre sus muros mucha historia, tradiciones y, sobre todo, devoci\u00f3n a san Jos\u00e9. Es el monasterio de San Jos\u00e9 del Monte de Las Batuecas. Es el desierto carmelitano de San Jos\u00e9 de Las Batuecas, un monasterio de retiro de la Orden de los Carmelitas Descalzos, fundado en 1599.<\/p>\n<p> Y all\u00ed se produce este encuentro inusual. Un sue\u00f1o. Una promesa. Tomarse la vida en serio.<\/p>\n","protected":false},"excerpt":{"rendered":"<p>PASCUAL EL\u00cdAS, RAFAEL; OCD<\/p>\n","protected":false},"featured_media":330586,"template":"","meta":{"_acf_changed":false,"om_disable_all_campaigns":false,"rs_blank_template":"","rs_page_bg_color":"","slide_template_v7":"","inline_featured_image":false,"_monsterinsights_skip_tracking":false,"_monsterinsights_sitenote_active":false,"_monsterinsights_sitenote_note":"","_monsterinsights_sitenote_category":0},"product_brand":[],"product_cat":[544,94,542,92],"product_tag":[],"class_list":{"0":"post-39411","1":"product","2":"type-product","3":"status-publish","4":"has-post-thumbnail","6":"product_cat-religiones","7":"product_cat-religions","8":"product_cat-vida-religiosa-1_espiritualidad-spa","9":"product_cat-vida-religiosa","11":"first","12":"instock","13":"taxable","14":"shipping-taxable","15":"purchasable","16":"product-type-simple"},"acf":{"autor":"PASCUAL EL\u00cdAS, RAFAEL; OCD","codart":"841830398","libros-coleccion":"Amigos de Orar","ediciones":"1","encuadernacion":"R\u00fastica","fecha_de_publicacion":"31\/03\/2022","novedad":"1","paginas":"150","subtitulo":"","orden":"0","portada":"0","idioma":"spa","editorial":[{"ID":6309,"post_author":"3","post_date":"2022-07-28 17:49:25","post_date_gmt":"2022-07-28 15:49:25","post_content":"","post_title":"Monte Carmelo","post_excerpt":"","post_status":"publish","comment_status":"closed","ping_status":"closed","post_password":"","post_name":"monte-carmelo","to_ping":"","pinged":"","post_modified":"2022-07-28 17:49:25","post_modified_gmt":"2022-07-28 15:49:25","post_content_filtered":"","post_parent":0,"guid":"http:\/\/dev.claret.cat\/editorial\/monte-carmelo\/","menu_order":0,"post_type":"editorial","post_mime_type":"","comment_count":"0","filter":"raw"}],"autores-libros":[{"ID":166086,"post_author":"3","post_date":"2022-10-14 18:00:19","post_date_gmt":"2022-10-14 16:00:19","post_content":"","post_title":"OCD","post_excerpt":"","post_status":"publish","comment_status":"closed","ping_status":"closed","post_password":"","post_name":"ocd","to_ping":"","pinged":"","post_modified":"2022-10-14 18:00:19","post_modified_gmt":"2022-10-14 16:00:19","post_content_filtered":"","post_parent":0,"guid":"http:\/\/dev.claret.cat\/autor\/ocd\/","menu_order":0,"post_type":"autor","post_mime_type":"","comment_count":"0","filter":"raw"},{"ID":167606,"post_author":"3","post_date":"2022-10-14 18:12:33","post_date_gmt":"2022-10-14 16:12:33","post_content":"","post_title":"RAFAEL PASCUAL EL\u00cdAS","post_excerpt":"","post_status":"publish","comment_status":"closed","ping_status":"closed","post_password":"","post_name":"rafael-pascual-elias","to_ping":"","pinged":"","post_modified":"2022-10-14 18:12:33","post_modified_gmt":"2022-10-14 16:12:33","post_content_filtered":"","post_parent":0,"guid":"http:\/\/dev.claret.cat\/autor\/rafael-pascual-elias\/","menu_order":0,"post_type":"autor","post_mime_type":"","comment_count":"0","filter":"raw"}]},"aioseo_notices":[],"_links":{"self":[{"href":"https:\/\/www.claret.cat\/es\/wp-json\/wp\/v2\/product\/39411","targetHints":{"allow":["GET"]}}],"collection":[{"href":"https:\/\/www.claret.cat\/es\/wp-json\/wp\/v2\/product"}],"about":[{"href":"https:\/\/www.claret.cat\/es\/wp-json\/wp\/v2\/types\/product"}],"wp:featuredmedia":[{"embeddable":true,"href":"https:\/\/www.claret.cat\/es\/wp-json\/wp\/v2\/media\/330586"}],"wp:attachment":[{"href":"https:\/\/www.claret.cat\/es\/wp-json\/wp\/v2\/media?parent=39411"}],"wp:term":[{"taxonomy":"product_brand","embeddable":true,"href":"https:\/\/www.claret.cat\/es\/wp-json\/wp\/v2\/product_brand?post=39411"},{"taxonomy":"product_cat","embeddable":true,"href":"https:\/\/www.claret.cat\/es\/wp-json\/wp\/v2\/product_cat?post=39411"},{"taxonomy":"product_tag","embeddable":true,"href":"https:\/\/www.claret.cat\/es\/wp-json\/wp\/v2\/product_tag?post=39411"}],"curies":[{"name":"wp","href":"https:\/\/api.w.org\/{rel}","templated":true}]}}