{"id":394162,"date":"2023-02-23T11:55:22","date_gmt":"2023-02-23T10:55:22","guid":{"rendered":"https:\/\/www.claret.cat\/llibre\/cercallums-9788412498059\/"},"modified":"2023-10-11T04:16:32","modified_gmt":"2023-10-11T02:16:32","slug":"cercallums-9788412498059","status":"publish","type":"product","link":"https:\/\/www.claret.cat\/es\/libro\/cercallums-9788412498059\/","title":{"rendered":"CERCALLUMS"},"content":{"rendered":"<p>Els autors uneixen els seus talents per narrar una hist\u00f2ria de ci\u00e8ncia-ficci\u00f3 d\u2019alta volada. Cercallums \u00e9s un cant a l\u2019amor que traspassa els l\u00edmits de l&#8217;espaitemps.<\/p>\n<p>L\u2019Amahle \u00e9s una Cercallums. La seva vida transcorre solit\u00e0ria i pl\u00e0cida mentre visita un seguit de planetes a la recerca d\u2019uns valuosos collars. Aquest cicle es repeteix una vegada i una altra durant milers d\u2019anys fins que rep un missatge que far\u00e0 trontollar la serenor de la seva exist\u00e8ncia.<\/p>\n","protected":false},"excerpt":{"rendered":"<p>PETER F. HAMILTON \/ GARETH L. POWELL<\/p>\n","protected":false},"featured_media":394379,"template":"","meta":{"_acf_changed":false,"om_disable_all_campaigns":false,"rs_blank_template":"","rs_page_bg_color":"","slide_template_v7":"","inline_featured_image":false,"_monsterinsights_skip_tracking":false,"_monsterinsights_sitenote_active":false,"_monsterinsights_sitenote_note":"","_monsterinsights_sitenote_category":0},"product_brand":[],"product_cat":[127,357],"product_tag":[],"class_list":{"0":"post-394162","1":"product","2":"type-product","3":"status-publish","4":"has-post-thumbnail","6":"product_cat-novella-contemporania","7":"product_cat-novela-contemporanea","9":"first","10":"instock","11":"taxable","12":"shipping-taxable","13":"purchasable","14":"product-type-simple"},"acf":{"autor":"PETER F. HAMILTON \/ GARETH L. POWELL","codart":"841249805","libros-coleccion":"FORA DE COL.LECCI\u00d3","ediciones":"1","encuadernacion":"R\u00fastica","fecha_de_publicacion":"01\/02\/2023","novedad":"1","paginas":"168","subtitulo":"","orden":"0","portada":"0","idioma":"cat","editorial":[{"ID":326006,"post_author":"3","post_date":"2023-01-05 11:30:17","post_date_gmt":"2023-01-05 10:30:17","post_content":"","post_title":"CHRONOS","post_excerpt":"","post_status":"publish","comment_status":"closed","ping_status":"closed","post_password":"","post_name":"chronos","to_ping":"","pinged":"","post_modified":"2023-01-05 11:30:17","post_modified_gmt":"2023-01-05 10:30:17","post_content_filtered":"","post_parent":0,"guid":"https:\/\/www.claret.cat\/editorial\/chronos\/","menu_order":0,"post_type":"editorial","post_mime_type":"","comment_count":"0","filter":"raw"}],"autores-libros":[{"ID":394298,"post_author":"3","post_date":"2023-02-23 13:36:46","post_date_gmt":"2023-02-23 12:36:46","post_content":"","post_title":"PETER F. HAMILTON","post_excerpt":"","post_status":"publish","comment_status":"closed","ping_status":"closed","post_password":"","post_name":"peter-f-hamilton-2","to_ping":"","pinged":"","post_modified":"2023-02-23 13:36:46","post_modified_gmt":"2023-02-23 12:36:46","post_content_filtered":"","post_parent":0,"guid":"https:\/\/www.claret.cat\/autor\/peter-f-hamilton-2\/","menu_order":0,"post_type":"autor","post_mime_type":"","comment_count":"0","filter":"raw"},{"ID":394297,"post_author":"3","post_date":"2023-02-23 13:36:44","post_date_gmt":"2023-02-23 12:36:44","post_content":"","post_title":"GARETH L. POWELL","post_excerpt":"","post_status":"publish","comment_status":"closed","ping_status":"closed","post_password":"","post_name":"gareth-l-powell-6","to_ping":"","pinged":"","post_modified":"2023-02-23 13:36:44","post_modified_gmt":"2023-02-23 12:36:44","post_content_filtered":"","post_parent":0,"guid":"https:\/\/www.claret.cat\/autor\/gareth-l-powell-6\/","menu_order":0,"post_type":"autor","post_mime_type":"","comment_count":"0","filter":"raw"}]},"aioseo_notices":[],"_links":{"self":[{"href":"https:\/\/www.claret.cat\/es\/wp-json\/wp\/v2\/product\/394162","targetHints":{"allow":["GET"]}}],"collection":[{"href":"https:\/\/www.claret.cat\/es\/wp-json\/wp\/v2\/product"}],"about":[{"href":"https:\/\/www.claret.cat\/es\/wp-json\/wp\/v2\/types\/product"}],"wp:featuredmedia":[{"embeddable":true,"href":"https:\/\/www.claret.cat\/es\/wp-json\/wp\/v2\/media\/394379"}],"wp:attachment":[{"href":"https:\/\/www.claret.cat\/es\/wp-json\/wp\/v2\/media?parent=394162"}],"wp:term":[{"taxonomy":"product_brand","embeddable":true,"href":"https:\/\/www.claret.cat\/es\/wp-json\/wp\/v2\/product_brand?post=394162"},{"taxonomy":"product_cat","embeddable":true,"href":"https:\/\/www.claret.cat\/es\/wp-json\/wp\/v2\/product_cat?post=394162"},{"taxonomy":"product_tag","embeddable":true,"href":"https:\/\/www.claret.cat\/es\/wp-json\/wp\/v2\/product_tag?post=394162"}],"curies":[{"name":"wp","href":"https:\/\/api.w.org\/{rel}","templated":true}]}}