{"id":394165,"date":"2023-02-23T11:55:30","date_gmt":"2023-02-23T10:55:30","guid":{"rendered":"https:\/\/www.claret.cat\/llibre\/heidi-9788418930102\/"},"modified":"2026-03-23T16:20:40","modified_gmt":"2026-03-23T15:20:40","slug":"heidi-9788418930102","status":"publish","type":"product","link":"https:\/\/www.claret.cat\/es\/libro\/heidi-9788418930102\/","title":{"rendered":"HEIDI"},"content":{"rendered":"<p>Heidi nos cuenta la historia de una peque\u00f1a hu\u00e9rfana  de cinco a\u00f1os que tiene que irse  a vivir con su abuelo, un hombre solitario y algo rudo, a los Alpes suizos.  Poco a poco, Heidi se ir\u00e1 ganando el cari\u00f1o de su abuelo y de todos los habitantes del valle.  Su vida se complicar\u00e1 cuando tenga que volver a la ciudad con si tia Dete.  Un libro lleno de inocencia, donde se resaltan los valores humanos y el amor hacia la naturaleza.<\/p>\n","protected":false},"excerpt":{"rendered":"<p>SPYRI, JOHANNA<\/p>\n","protected":false},"featured_media":1091993,"template":"","meta":{"_acf_changed":false,"om_disable_all_campaigns":false,"rs_blank_template":"","rs_page_bg_color":"","slide_template_v7":"","inline_featured_image":false,"_monsterinsights_skip_tracking":false,"_monsterinsights_sitenote_active":false,"_monsterinsights_sitenote_note":"","_monsterinsights_sitenote_category":0},"product_brand":[],"product_cat":[133,132,362,363],"product_tag":[],"class_list":{"0":"post-394165","1":"product","2":"type-product","3":"status-publish","4":"has-post-thumbnail","6":"product_cat-lectures-per-adolescents-12-18-anys","7":"product_cat-lectures-per-preadolescents-6-12-anys","8":"product_cat-libros-preadolescentes-6-12-anos","9":"product_cat-lecturas-por-adolescentes-12-18-anos","11":"first","12":"instock","13":"taxable","14":"shipping-taxable","15":"purchasable","16":"product-type-simple"},"acf":{"autor":"SPYRI, JOHANNA","codart":"841893010","libros-coleccion":"INFANTIL","ediciones":"1","encuadernacion":"R\u00fastica","fecha_de_publicacion":"01\/02\/2023","novedad":"1","paginas":"350","subtitulo":"","orden":"0","portada":"0","idioma":"spa","editorial":[{"ID":148581,"post_author":"3","post_date":"2022-10-14 11:59:22","post_date_gmt":"2022-10-14 09:59:22","post_content":"","post_title":"N\u00d3RDICA LIBROS","post_excerpt":"","post_status":"publish","comment_status":"closed","ping_status":"closed","post_password":"","post_name":"nordica-libros","to_ping":"","pinged":"","post_modified":"2022-10-14 11:59:22","post_modified_gmt":"2022-10-14 09:59:22","post_content_filtered":"","post_parent":0,"guid":"http:\/\/dev.claret.cat\/editorial\/nordica-libros\/","menu_order":0,"post_type":"editorial","post_mime_type":"","comment_count":"0","filter":"raw"}],"autores-libros":[{"ID":159597,"post_author":"3","post_date":"2022-10-14 15:46:09","post_date_gmt":"2022-10-14 13:46:09","post_content":"","post_title":"JOHANNA SPYRI","post_excerpt":"","post_status":"publish","comment_status":"closed","ping_status":"closed","post_password":"","post_name":"johanna-spyri","to_ping":"","pinged":"","post_modified":"2022-10-14 15:46:09","post_modified_gmt":"2022-10-14 13:46:09","post_content_filtered":"","post_parent":0,"guid":"http:\/\/dev.claret.cat\/autor\/johanna-spyri\/","menu_order":0,"post_type":"autor","post_mime_type":"","comment_count":"0","filter":"raw"}],"booktrailer":"","resenas":""},"aioseo_notices":[],"_links":{"self":[{"href":"https:\/\/www.claret.cat\/es\/wp-json\/wp\/v2\/product\/394165","targetHints":{"allow":["GET"]}}],"collection":[{"href":"https:\/\/www.claret.cat\/es\/wp-json\/wp\/v2\/product"}],"about":[{"href":"https:\/\/www.claret.cat\/es\/wp-json\/wp\/v2\/types\/product"}],"wp:featuredmedia":[{"embeddable":true,"href":"https:\/\/www.claret.cat\/es\/wp-json\/wp\/v2\/media\/1091993"}],"wp:attachment":[{"href":"https:\/\/www.claret.cat\/es\/wp-json\/wp\/v2\/media?parent=394165"}],"wp:term":[{"taxonomy":"product_brand","embeddable":true,"href":"https:\/\/www.claret.cat\/es\/wp-json\/wp\/v2\/product_brand?post=394165"},{"taxonomy":"product_cat","embeddable":true,"href":"https:\/\/www.claret.cat\/es\/wp-json\/wp\/v2\/product_cat?post=394165"},{"taxonomy":"product_tag","embeddable":true,"href":"https:\/\/www.claret.cat\/es\/wp-json\/wp\/v2\/product_tag?post=394165"}],"curies":[{"name":"wp","href":"https:\/\/api.w.org\/{rel}","templated":true}]}}