{"id":394392,"date":"2023-02-23T16:25:14","date_gmt":"2023-02-23T15:25:14","guid":{"rendered":"https:\/\/www.claret.cat\/llibre\/con-jesus-en-el-sagrario-triptic-9789999500586\/"},"modified":"2026-03-07T12:25:18","modified_gmt":"2026-03-07T11:25:18","slug":"con-jesus-en-el-sagrario-triptic-9789999500586","status":"publish","type":"product","link":"https:\/\/www.claret.cat\/es\/libro\/con-jesus-en-el-sagrario-triptic-9789999500586\/","title":{"rendered":"CON JES\u00daS EN EL SAGRARIO &#8211; TR\u00cdPTIC"},"content":{"rendered":"<p>Con objeto de facilitar los ratos de oraci\u00f3n en el sagrario, este desplegable  recoge diversas oraciones y reflexiones.<br \/>Cerrado mide 9,5 cm de ancho x 14 cm de alto. Abierto: 38 cm x 14 cm.<br \/>Incluye oraciones previas a la comuni\u00f3n, acci\u00f3n de gracias despu\u00e9s de comulgar, a Jes\u00fas crucificado, Adoro te devote, no me mueve mi Dios para quererte, alabanza, oraciones del \u00e1ngel en F\u00e1tima, coronilla de la Divina Misericordia, al Esp\u00edritu Santo, a Jes\u00fas, alabanzas de desagravio, oraci\u00f3n por La Paz, reflexi\u00f3n y la oraci\u00f3n a San Miguel Arc\u00e1ngel.<\/p>\n","protected":false},"excerpt":{"rendered":"<p>FAMILIA DE JES\u00daS<\/p>\n","protected":false},"featured_media":394405,"template":"","meta":{"_acf_changed":false,"om_disable_all_campaigns":false,"rs_blank_template":"","rs_page_bg_color":"","slide_template_v7":"","inline_featured_image":false,"_monsterinsights_skip_tracking":false,"_monsterinsights_sitenote_active":false,"_monsterinsights_sitenote_note":"","_monsterinsights_sitenote_category":0},"product_brand":[],"product_cat":[503,258],"product_tag":[],"class_list":{"0":"post-394392","1":"product","2":"type-product","3":"status-publish","4":"has-post-thumbnail","6":"product_cat-paraliturgia-liturgia-1_espiritualidad","7":"product_cat-paraliturgia","9":"first","10":"instock","11":"taxable","12":"shipping-taxable","13":"purchasable","14":"product-type-simple"},"acf":{"autor":"FAMILIA DE JES\u00daS","codart":"999950058","libros-coleccion":"","ediciones":"1","encuadernacion":"R\u00fastica","fecha_de_publicacion":"23\/02\/2023","novedad":"1","paginas":"1","subtitulo":"","orden":"0","portada":"0","idioma":"spa","editorial":[{"ID":148134,"post_author":"3","post_date":"2022-10-14 11:55:54","post_date_gmt":"2022-10-14 09:55:54","post_content":"","post_title":"FAMILIA DE JESUS, S.L.","post_excerpt":"","post_status":"publish","comment_status":"closed","ping_status":"closed","post_password":"","post_name":"familia-de-jesus-s-l","to_ping":"","pinged":"","post_modified":"2022-10-14 11:55:54","post_modified_gmt":"2022-10-14 09:55:54","post_content_filtered":"","post_parent":0,"guid":"http:\/\/dev.claret.cat\/editorial\/familia-de-jesus-s-l\/","menu_order":0,"post_type":"editorial","post_mime_type":"","comment_count":"0","filter":"raw"}],"autores-libros":[{"ID":5471,"post_author":"3","post_date":"2022-07-28 17:24:42","post_date_gmt":"2022-07-28 15:24:42","post_content":"","post_title":"FAMILIA DE JES\u00daS","post_excerpt":"","post_status":"publish","comment_status":"closed","ping_status":"closed","post_password":"","post_name":"familia-de-jesus","to_ping":"","pinged":"","post_modified":"2022-07-28 17:24:42","post_modified_gmt":"2022-07-28 15:24:42","post_content_filtered":"","post_parent":0,"guid":"http:\/\/dev.claret.cat\/autor\/familia-de-jesus\/","menu_order":0,"post_type":"autor","post_mime_type":"","comment_count":"0","filter":"raw"}],"booktrailer":"","resenas":""},"aioseo_notices":[],"_links":{"self":[{"href":"https:\/\/www.claret.cat\/es\/wp-json\/wp\/v2\/product\/394392","targetHints":{"allow":["GET"]}}],"collection":[{"href":"https:\/\/www.claret.cat\/es\/wp-json\/wp\/v2\/product"}],"about":[{"href":"https:\/\/www.claret.cat\/es\/wp-json\/wp\/v2\/types\/product"}],"wp:featuredmedia":[{"embeddable":true,"href":"https:\/\/www.claret.cat\/es\/wp-json\/wp\/v2\/media\/394405"}],"wp:attachment":[{"href":"https:\/\/www.claret.cat\/es\/wp-json\/wp\/v2\/media?parent=394392"}],"wp:term":[{"taxonomy":"product_brand","embeddable":true,"href":"https:\/\/www.claret.cat\/es\/wp-json\/wp\/v2\/product_brand?post=394392"},{"taxonomy":"product_cat","embeddable":true,"href":"https:\/\/www.claret.cat\/es\/wp-json\/wp\/v2\/product_cat?post=394392"},{"taxonomy":"product_tag","embeddable":true,"href":"https:\/\/www.claret.cat\/es\/wp-json\/wp\/v2\/product_tag?post=394392"}],"curies":[{"name":"wp","href":"https:\/\/api.w.org\/{rel}","templated":true}]}}