{"id":39444,"date":"2022-10-02T19:07:49","date_gmt":"2022-10-02T17:07:49","guid":{"rendered":"http:\/\/dev.claret.cat\/producte\/despierta\/"},"modified":"2023-01-28T21:34:14","modified_gmt":"2023-01-28T20:34:14","slug":"despierta-9788413841991","status":"publish","type":"product","link":"https:\/\/www.claret.cat\/es\/libro\/despierta-9788413841991\/","title":{"rendered":"\u00a1DESPIERTA!"},"content":{"rendered":"<p>En octubre de 2019 tuvo lugar en Nueva York el Evento 201, un encuentro al m\u00e1s alto nivel en el que se dieron cita las principales agencias globalistas. All\u00ed se simul\u00f3 la irrupci\u00f3n de una pandemia que se extender\u00eda por el mundo debido a un novedoso coronavirus, especialmente contagioso, basado en el SARS y que, procedente de un murci\u00e9lago, saltaba a los humanos a trav\u00e9s de un animal intermedio. El supuesto inclu\u00eda la ausencia de vacuna durante el primer a\u00f1o. Las consecuencias sociales y econ\u00f3micas de la pandemia resultaban devastadoras.<\/p>\n<p> Tres meses despu\u00e9s, una OMS sostenida por los intereses privados de Bill Gates y de las farmac\u00e9uticas declar\u00f3 la pandemia de covid-19.<\/p>\n<p> Desde entonces nos han confinado, embozado y vacunado. Los ataques a la libertad han sido feroces, las redes sociales han cerrado miles de cuentas, verificadoras ideologizadas determinan lo que es verdad y lo que es mentira, Donald Trump ha sido expulsado de la presidencia de Estados Unidos y la Agenda 2030 nos anticipa que debemos olvidarnos de comer carne y de viajar en avi\u00f3n. El mundo se precipita en una crisis a la que no se le ve salida, mientras China crece y las farmac\u00e9uticas obtienen beneficios fabulosos imponiendo la vacunaci\u00f3n general incluso a los ni\u00f1os y animales dom\u00e9sticos. La inmigraci\u00f3n ilegal se dispara, pero se limita dr\u00e1sticamente el tr\u00e1fico legal de personas.<\/p>\n<p> Todos estos hechos son el producto de las pol\u00edticas de las \u00e9lites.<\/p>\n<p> \u00bfQu\u00e9 est\u00e1 pasando? Y, sobre todo, \u00bfcu\u00e1l es el futuro que las \u00e9lites nos han dise\u00f1ado?<\/p>\n","protected":false},"excerpt":{"rendered":"<p>PAZ CRIST\u00d3BAL, FERNANDO<\/p>\n","protected":false},"featured_media":56241,"template":"","meta":{"_acf_changed":false,"om_disable_all_campaigns":false,"rs_blank_template":"","rs_page_bg_color":"","slide_template_v7":"","inline_featured_image":false,"_monsterinsights_skip_tracking":false,"_monsterinsights_sitenote_active":false,"_monsterinsights_sitenote_note":"","_monsterinsights_sitenote_category":0},"product_brand":[],"product_cat":[120],"product_tag":[],"class_list":{"0":"post-39444","1":"product","2":"type-product","3":"status-publish","4":"has-post-thumbnail","6":"product_cat-politica","8":"first","9":"instock","10":"taxable","11":"shipping-taxable","12":"purchasable","13":"product-type-simple"},"acf":{"autor":"PAZ CRIST\u00d3BAL, FERNANDO","codart":"841384199","libros-coleccion":"FUERA DE COLECCI\u00d3N","ediciones":"1","encuadernacion":"R\u00fastica","fecha_de_publicacion":"01\/09\/2021","novedad":"0","paginas":"0","subtitulo":"C\u00d3MO LAS \u00c9LITES EST\u00c1N CONTROLANDO EL MUNDO","orden":"0","portada":"0","idioma":"spa","editorial":[{"ID":6277,"post_author":"3","post_date":"2022-07-28 17:48:44","post_date_gmt":"2022-07-28 15:48:44","post_content":"","post_title":"LA ESFERA DE LOS LIBROS","post_excerpt":"","post_status":"publish","comment_status":"closed","ping_status":"closed","post_password":"","post_name":"la-esfera-de-los-libros","to_ping":"","pinged":"","post_modified":"2022-07-28 17:48:44","post_modified_gmt":"2022-07-28 15:48:44","post_content_filtered":"","post_parent":0,"guid":"http:\/\/dev.claret.cat\/editorial\/la-esfera-de-los-libros\/","menu_order":0,"post_type":"editorial","post_mime_type":"","comment_count":"0","filter":"raw"}],"autores-libros":[{"ID":155852,"post_author":"3","post_date":"2022-10-14 15:16:08","post_date_gmt":"2022-10-14 13:16:08","post_content":"","post_title":"FERNANDO PAZ CRISTOBAL","post_excerpt":"","post_status":"publish","comment_status":"closed","ping_status":"closed","post_password":"","post_name":"fernando-paz-cristobal","to_ping":"","pinged":"","post_modified":"2022-10-14 15:16:08","post_modified_gmt":"2022-10-14 13:16:08","post_content_filtered":"","post_parent":0,"guid":"http:\/\/dev.claret.cat\/autor\/fernando-paz-cristobal\/","menu_order":0,"post_type":"autor","post_mime_type":"","comment_count":"0","filter":"raw"}]},"aioseo_notices":[],"_links":{"self":[{"href":"https:\/\/www.claret.cat\/es\/wp-json\/wp\/v2\/product\/39444","targetHints":{"allow":["GET"]}}],"collection":[{"href":"https:\/\/www.claret.cat\/es\/wp-json\/wp\/v2\/product"}],"about":[{"href":"https:\/\/www.claret.cat\/es\/wp-json\/wp\/v2\/types\/product"}],"wp:featuredmedia":[{"embeddable":true,"href":"https:\/\/www.claret.cat\/es\/wp-json\/wp\/v2\/media\/56241"}],"wp:attachment":[{"href":"https:\/\/www.claret.cat\/es\/wp-json\/wp\/v2\/media?parent=39444"}],"wp:term":[{"taxonomy":"product_brand","embeddable":true,"href":"https:\/\/www.claret.cat\/es\/wp-json\/wp\/v2\/product_brand?post=39444"},{"taxonomy":"product_cat","embeddable":true,"href":"https:\/\/www.claret.cat\/es\/wp-json\/wp\/v2\/product_cat?post=39444"},{"taxonomy":"product_tag","embeddable":true,"href":"https:\/\/www.claret.cat\/es\/wp-json\/wp\/v2\/product_tag?post=39444"}],"curies":[{"name":"wp","href":"https:\/\/api.w.org\/{rel}","templated":true}]}}