{"id":39447,"date":"2022-10-02T19:07:52","date_gmt":"2022-10-02T17:07:52","guid":{"rendered":"http:\/\/dev.claret.cat\/producte\/feliz-feliz-aburrimiento\/"},"modified":"2023-01-28T11:05:26","modified_gmt":"2023-01-28T10:05:26","slug":"feliz-feliz-aburrimiento-9788466341844","status":"publish","type":"product","link":"https:\/\/www.claret.cat\/es\/libro\/feliz-feliz-aburrimiento-9788466341844\/","title":{"rendered":"FELIZ, FELIZ ABURRIMIENTO"},"content":{"rendered":"<p>Descubre c\u00f3mo matar el aburrimiento con Enriqueta, Fellini i  Madariaga, tres de los personajes m\u00e1s queridos del Macanudo, el universo del gran historietista Liniers. Enriqueta, Fellini y Madariaga son, quiz\u00e1, lo personajes m\u00e1s representativos y entra\u00f1ables del universo Macanudo. La primera es  una ni\u00f1a, \u00e1vida lectora y amante de los zombis de ultratumba; el segundo, un gato narcisista entregado a la dolce vita que su  nombre sugiere; el tercero, un oso catat\u00f3nico y contemplativo (por lo dem\u00e1s, de peluche). Este volumen es un canto a la ni\u00f1ez y a lo na\u00edf y feliz del aburrimiento  en sus d\u00edas: a la pasi\u00f3n por los libros, a las aventuras que en otro  tiempo solo cab\u00edan en nuestra imaginaci\u00f3n, a los s\u00e1bados que no deber\u00edan acabar nunca.<\/p>\n","protected":false},"excerpt":{"rendered":"<p>LINIERS,<\/p>\n","protected":false},"featured_media":56243,"template":"","meta":{"_acf_changed":false,"om_disable_all_campaigns":false,"rs_blank_template":"","rs_page_bg_color":"","slide_template_v7":"","inline_featured_image":false,"_monsterinsights_skip_tracking":false,"_monsterinsights_sitenote_active":false,"_monsterinsights_sitenote_note":"","_monsterinsights_sitenote_category":0},"product_brand":[],"product_cat":[108,114],"product_tag":[],"class_list":{"0":"post-39447","1":"product","2":"type-product","3":"status-publish","4":"has-post-thumbnail","6":"product_cat-comic","7":"product_cat-humor-grafic","9":"first","10":"instock","11":"taxable","12":"shipping-taxable","13":"purchasable","14":"product-type-simple"},"acf":{"autor":"LINIERS,","codart":"846634184","libros-coleccion":"","ediciones":"1","encuadernacion":"R\u00fastica","fecha_de_publicacion":"01\/09\/2017","novedad":"1","paginas":"80","subtitulo":"","orden":"0","portada":"0","idioma":"spa","editorial":[{"ID":6178,"post_author":"3","post_date":"2022-07-28 17:46:34","post_date_gmt":"2022-07-28 15:46:34","post_content":"","post_title":"DEBOLSILLO","post_excerpt":"","post_status":"publish","comment_status":"closed","ping_status":"closed","post_password":"","post_name":"debolsillo","to_ping":"","pinged":"","post_modified":"2022-07-28 17:46:34","post_modified_gmt":"2022-07-28 15:46:34","post_content_filtered":"","post_parent":0,"guid":"http:\/\/dev.claret.cat\/editorial\/debolsillo\/","menu_order":0,"post_type":"editorial","post_mime_type":"","comment_count":"0","filter":"raw"}],"autores-libros":[{"ID":162243,"post_author":"3","post_date":"2022-10-14 17:29:28","post_date_gmt":"2022-10-14 15:29:28","post_content":"","post_title":"LINIERS","post_excerpt":"","post_status":"publish","comment_status":"closed","ping_status":"closed","post_password":"","post_name":"liniers","to_ping":"","pinged":"","post_modified":"2022-10-14 17:29:28","post_modified_gmt":"2022-10-14 15:29:28","post_content_filtered":"","post_parent":0,"guid":"http:\/\/dev.claret.cat\/autor\/liniers\/","menu_order":0,"post_type":"autor","post_mime_type":"","comment_count":"0","filter":"raw"}]},"aioseo_notices":[],"_links":{"self":[{"href":"https:\/\/www.claret.cat\/es\/wp-json\/wp\/v2\/product\/39447","targetHints":{"allow":["GET"]}}],"collection":[{"href":"https:\/\/www.claret.cat\/es\/wp-json\/wp\/v2\/product"}],"about":[{"href":"https:\/\/www.claret.cat\/es\/wp-json\/wp\/v2\/types\/product"}],"wp:featuredmedia":[{"embeddable":true,"href":"https:\/\/www.claret.cat\/es\/wp-json\/wp\/v2\/media\/56243"}],"wp:attachment":[{"href":"https:\/\/www.claret.cat\/es\/wp-json\/wp\/v2\/media?parent=39447"}],"wp:term":[{"taxonomy":"product_brand","embeddable":true,"href":"https:\/\/www.claret.cat\/es\/wp-json\/wp\/v2\/product_brand?post=39447"},{"taxonomy":"product_cat","embeddable":true,"href":"https:\/\/www.claret.cat\/es\/wp-json\/wp\/v2\/product_cat?post=39447"},{"taxonomy":"product_tag","embeddable":true,"href":"https:\/\/www.claret.cat\/es\/wp-json\/wp\/v2\/product_tag?post=39447"}],"curies":[{"name":"wp","href":"https:\/\/api.w.org\/{rel}","templated":true}]}}