{"id":39459,"date":"2022-10-02T19:08:04","date_gmt":"2022-10-02T17:08:04","guid":{"rendered":"http:\/\/dev.claret.cat\/producte\/superratoli-i-lamenaca-del-volca\/"},"modified":"2025-05-15T12:21:08","modified_gmt":"2025-05-15T10:21:08","slug":"superratoli-i-lamenaca-del-volca-9788447946556","status":"publish","type":"product","link":"https:\/\/www.claret.cat\/es\/libro\/superratoli-i-lamenaca-del-volca-9788447946556\/","title":{"rendered":"SUPERRATOL\u00cd I L&#8221;AMENA\u00c7A DEL VOLC\u00c0"},"content":{"rendered":"<p>El crim va en augment a Rat\u00f2polis. Miris on miris, hi ha algun perill. Per\u00f2 el volc\u00e0 Fondue est\u00e0 a punt d&#8221;entrar en erupci\u00f3! Podr\u00e0 controlar la situaci\u00f3, en Superratol\u00ed? O potser ser\u00e0 massa per a un sol ratol\u00ed? En Superratol\u00ed necessita ajuda, per\u00f2 qui l&#8221;ajudar\u00e0? Una aventura trepidant, plena de solapes per anar descobrint la hist\u00f2ria!<\/p>\n","protected":false},"excerpt":{"rendered":"<p>TAHL, M. N.<\/p>\n","protected":false},"featured_media":454388,"template":"","meta":{"_acf_changed":false,"om_disable_all_campaigns":false,"rs_blank_template":"","rs_page_bg_color":"","slide_template_v7":"","inline_featured_image":false,"_monsterinsights_skip_tracking":false,"_monsterinsights_sitenote_active":false,"_monsterinsights_sitenote_note":"","_monsterinsights_sitenote_category":0},"product_brand":[],"product_cat":[132,362],"product_tag":[],"class_list":{"0":"post-39459","1":"product","2":"type-product","3":"status-publish","4":"has-post-thumbnail","6":"product_cat-lectures-per-preadolescents-6-12-anys","7":"product_cat-libros-preadolescentes-6-12-anos","9":"first","10":"instock","11":"taxable","12":"shipping-taxable","13":"purchasable","14":"product-type-simple"},"acf":{"autor":"TAHL, M. N.","codart":"844794655","libros-coleccion":"\u00c0lbums","ediciones":"1","encuadernacion":"Carton\u00e9","fecha_de_publicacion":"01\/01\/2022","novedad":"1","paginas":"45","subtitulo":"","orden":"0","portada":"0","idioma":"cat","editorial":[{"ID":147536,"post_author":"3","post_date":"2022-10-14 11:51:19","post_date_gmt":"2022-10-14 09:51:19","post_content":"","post_title":"BAULA-EDELVIVES-VALENCIANO\/CATALAN-TXT-","post_excerpt":"","post_status":"publish","comment_status":"closed","ping_status":"closed","post_password":"","post_name":"baula-edelvives-valenciano-catalan-txt","to_ping":"","pinged":"","post_modified":"2022-10-14 11:51:19","post_modified_gmt":"2022-10-14 09:51:19","post_content_filtered":"","post_parent":0,"guid":"http:\/\/dev.claret.cat\/editorial\/baula-edelvives-valenciano-catalan-txt\/","menu_order":0,"post_type":"editorial","post_mime_type":"","comment_count":"0","filter":"raw"}],"autores-libros":[{"ID":162883,"post_author":"3","post_date":"2022-10-14 17:34:34","post_date_gmt":"2022-10-14 15:34:34","post_content":"","post_title":"M. N. TAHL","post_excerpt":"","post_status":"publish","comment_status":"closed","ping_status":"closed","post_password":"","post_name":"m-n-tahl","to_ping":"","pinged":"","post_modified":"2022-10-14 17:34:34","post_modified_gmt":"2022-10-14 15:34:34","post_content_filtered":"","post_parent":0,"guid":"http:\/\/dev.claret.cat\/autor\/m-n-tahl\/","menu_order":0,"post_type":"autor","post_mime_type":"","comment_count":"0","filter":"raw"}],"booktrailer":"","resenas":""},"aioseo_notices":[],"_links":{"self":[{"href":"https:\/\/www.claret.cat\/es\/wp-json\/wp\/v2\/product\/39459","targetHints":{"allow":["GET"]}}],"collection":[{"href":"https:\/\/www.claret.cat\/es\/wp-json\/wp\/v2\/product"}],"about":[{"href":"https:\/\/www.claret.cat\/es\/wp-json\/wp\/v2\/types\/product"}],"wp:featuredmedia":[{"embeddable":true,"href":"https:\/\/www.claret.cat\/es\/wp-json\/wp\/v2\/media\/454388"}],"wp:attachment":[{"href":"https:\/\/www.claret.cat\/es\/wp-json\/wp\/v2\/media?parent=39459"}],"wp:term":[{"taxonomy":"product_brand","embeddable":true,"href":"https:\/\/www.claret.cat\/es\/wp-json\/wp\/v2\/product_brand?post=39459"},{"taxonomy":"product_cat","embeddable":true,"href":"https:\/\/www.claret.cat\/es\/wp-json\/wp\/v2\/product_cat?post=39459"},{"taxonomy":"product_tag","embeddable":true,"href":"https:\/\/www.claret.cat\/es\/wp-json\/wp\/v2\/product_tag?post=39459"}],"curies":[{"name":"wp","href":"https:\/\/api.w.org\/{rel}","templated":true}]}}