{"id":39474,"date":"2022-10-02T19:08:21","date_gmt":"2022-10-02T17:08:21","guid":{"rendered":"http:\/\/dev.claret.cat\/producte\/ser-luz-del-mundo\/"},"modified":"2024-05-02T05:42:14","modified_gmt":"2024-05-02T03:42:14","slug":"ser-luz-del-mundo-9788428836715","status":"publish","type":"product","link":"https:\/\/www.claret.cat\/es\/libro\/ser-luz-del-mundo-9788428836715\/","title":{"rendered":"SER LUZ DEL MUNDO"},"content":{"rendered":"<p>En febrero de 2019, luego de varios pasos preliminares, el papa Francisco convoc\u00f3 a los presidentes de las Conferencias episcopales de todo el mundo para celebrar una cumbre que permitiera formular una respuesta, desde la Iglesia Cat\u00f3lica, en torno al delicado tema de los abusos sexuales contra menores de edad y personas vulnerables. Los ejes que orientaron esta reuni\u00f3n fueron: responsabilidad, rendici\u00f3n de cuentas y transparencia. Algunos cr\u00edticos estaban esc\u00e9pticos, pero el objetivo del Sumo Pont\u00edfice era claro: proclamar un proceso de cambio trascendente y perdurable. Despu\u00e9s de varias reuniones posteriores a dicha cumbre, el Papa encabez\u00f3 la redacci\u00f3n de una ley decisiva conocida como Vos estis lux mundi\u00a0(Sois\u00a0la luz del mundo), estableciendo nuevos procedimientos que todos los l\u00edderes de la Iglesia deben seguir cuando suceden estos lamentables hechos. La presente obra colaborativa, a trav\u00e9s de distintas voces, analiza demanera interdisciplinar esta nueva legislaci\u00f3n.<\/p>\n","protected":false},"excerpt":{"rendered":"<p>PORTILLO TREVIZO, DANIEL (COORD.)<\/p>\n","protected":false},"featured_media":338199,"template":"","meta":{"_acf_changed":false,"om_disable_all_campaigns":false,"rs_blank_template":"","rs_page_bg_color":"","slide_template_v7":"","inline_featured_image":false,"_monsterinsights_skip_tracking":false,"_monsterinsights_sitenote_active":false,"_monsterinsights_sitenote_note":"","_monsterinsights_sitenote_category":0},"product_brand":[],"product_cat":[275,413,513,287,291,517],"product_tag":[],"class_list":{"0":"post-39474","1":"product","2":"type-product","3":"status-publish","4":"has-post-thumbnail","6":"product_cat-fonamental","7":"product_cat-fundamental","8":"product_cat-ministerios-ordenados","9":"product_cat-ministeris-ordenats","10":"product_cat-moral-social-i-politica","11":"product_cat-moral-social-y-politica","13":"first","14":"instock","15":"taxable","16":"shipping-taxable","17":"purchasable","18":"product-type-simple"},"acf":{"autor":"PORTILLO TREVIZO, DANIEL (COORD.)","codart":"842883671","libros-coleccion":"","ediciones":"1","encuadernacion":"R\u00fastica","fecha_de_publicacion":"31\/03\/2022","novedad":"1","paginas":"296","subtitulo":"EL MOTU PROPRIO VOS ESTIS LUX MUNDI: PAUTAS PARA SU ESTUDIO Y APLICACI\u00d3N","orden":"0","portada":"0","idioma":"spa","editorial":[{"ID":6335,"post_author":"3","post_date":"2022-07-28 17:49:59","post_date_gmt":"2022-07-28 15:49:59","post_content":"","post_title":"PPC altres","post_excerpt":"","post_status":"publish","comment_status":"closed","ping_status":"closed","post_password":"","post_name":"ppc-altres","to_ping":"","pinged":"","post_modified":"2022-07-28 17:49:59","post_modified_gmt":"2022-07-28 15:49:59","post_content_filtered":"","post_parent":0,"guid":"http:\/\/dev.claret.cat\/editorial\/ppc-altres\/","menu_order":0,"post_type":"editorial","post_mime_type":"","comment_count":"0","filter":"raw"}],"autores-libros":[{"ID":5372,"post_author":"3","post_date":"2022-07-28 17:22:33","post_date_gmt":"2022-07-28 15:22:33","post_content":"","post_title":"DANIEL (COORD.) PORTILLO TREVIZO","post_excerpt":"","post_status":"publish","comment_status":"closed","ping_status":"closed","post_password":"","post_name":"daniel-coord-portillo-trevizo","to_ping":"","pinged":"","post_modified":"2022-07-28 17:22:33","post_modified_gmt":"2022-07-28 15:22:33","post_content_filtered":"","post_parent":0,"guid":"http:\/\/dev.claret.cat\/autor\/daniel-coord-portillo-trevizo\/","menu_order":0,"post_type":"autor","post_mime_type":"","comment_count":"0","filter":"raw"}]},"aioseo_notices":[],"_links":{"self":[{"href":"https:\/\/www.claret.cat\/es\/wp-json\/wp\/v2\/product\/39474","targetHints":{"allow":["GET"]}}],"collection":[{"href":"https:\/\/www.claret.cat\/es\/wp-json\/wp\/v2\/product"}],"about":[{"href":"https:\/\/www.claret.cat\/es\/wp-json\/wp\/v2\/types\/product"}],"wp:featuredmedia":[{"embeddable":true,"href":"https:\/\/www.claret.cat\/es\/wp-json\/wp\/v2\/media\/338199"}],"wp:attachment":[{"href":"https:\/\/www.claret.cat\/es\/wp-json\/wp\/v2\/media?parent=39474"}],"wp:term":[{"taxonomy":"product_brand","embeddable":true,"href":"https:\/\/www.claret.cat\/es\/wp-json\/wp\/v2\/product_brand?post=39474"},{"taxonomy":"product_cat","embeddable":true,"href":"https:\/\/www.claret.cat\/es\/wp-json\/wp\/v2\/product_cat?post=39474"},{"taxonomy":"product_tag","embeddable":true,"href":"https:\/\/www.claret.cat\/es\/wp-json\/wp\/v2\/product_tag?post=39474"}],"curies":[{"name":"wp","href":"https:\/\/api.w.org\/{rel}","templated":true}]}}