{"id":39477,"date":"2022-10-02T19:08:24","date_gmt":"2022-10-02T17:08:24","guid":{"rendered":"http:\/\/dev.claret.cat\/producte\/abusos-y-reparacion\/"},"modified":"2024-05-02T05:34:46","modified_gmt":"2024-05-02T03:34:46","slug":"abusos-y-reparacion-9788428837996","status":"publish","type":"product","link":"https:\/\/www.claret.cat\/es\/libro\/abusos-y-reparacion-9788428837996\/","title":{"rendered":"ABUSOS Y REPARACI\u00d3N"},"content":{"rendered":"<p>Los abusos sexuales dentro de la Iglesia cat\u00f3lica han generado una progresiva reflexi\u00f3n cada vez m\u00e1s profunda en eltratamiento del problema. Las conductas delictivas han pasado de ser una cuesti\u00f3n meramente psicopatol\u00f3gica de un cl\u00e9rigo perpetrador a una responsabilidad tambi\u00e9n sist\u00e9mica de la instituci\u00f3n eclesial. Con el paso del tiempo, se ha podido analizar que las causas de la problem\u00e1tica no resultan meramente sexuales, sino que en el fondo las ra\u00edces son de connotaci\u00f3n abusiva no sexual. La presente publicaci\u00f3n surge como una inquietante respuesta que busca ser m\u00e1s coherente a la verdad de los hechos,\u00a0exigiendo una narrativa m\u00e1s objetiva y profunda. Los autores, de distintos pa\u00edses, pretenden analizar de manera interdisciplinar toda una serie de abusos h\u00edbridos, as\u00ed como la necesaria reparaci\u00f3n de frente a estos atroces delitos. La lectura de la presente obra procura acompa\u00f1ar al lector en el antes y el despu\u00e9s de los comportamientos sexuales inapropiados cometidos dentro de la instituci\u00f3n eclesial. En la primera parte de la obra, se consideran algunos de los elementos que anteceden el abuso sexual, tales como: el maltrato infantil, las violencias, las zonas grises, la vulnerabilidad, el abuso espiritual, de poder, de conciencia y aquellos cometidos por figuras carism\u00e1ticas. En la segunda parte, algunos autores se sit\u00faan en el despu\u00e9s de los abusos, abordando distintos elementos de la reparaci\u00f3n, como la confianza, la justicia y la teolog\u00eda.<\/p>\n","protected":false},"excerpt":{"rendered":"<p>PORTILLO TREVIZO, DANIEL (COORD.)<\/p>\n","protected":false},"featured_media":338333,"template":"","meta":{"_acf_changed":false,"om_disable_all_campaigns":false,"rs_blank_template":"","rs_page_bg_color":"","slide_template_v7":"","inline_featured_image":false,"_monsterinsights_skip_tracking":false,"_monsterinsights_sitenote_active":false,"_monsterinsights_sitenote_note":"","_monsterinsights_sitenote_category":0},"product_brand":[],"product_cat":[516,290],"product_tag":[],"class_list":{"0":"post-39477","1":"product","2":"type-product","3":"status-publish","4":"has-post-thumbnail","6":"product_cat-moral-de-la-persona-sexualidad","7":"product_cat-moral-de-la-persona-sexualitat","9":"first","10":"instock","11":"taxable","12":"shipping-taxable","13":"purchasable","14":"product-type-simple"},"acf":{"autor":"PORTILLO TREVIZO, DANIEL (COORD.)","codart":"842883799","libros-coleccion":"Vox - Lengua Espa\u00f1ola - Diccionarios Gen","ediciones":"1","encuadernacion":"R\u00fastica","fecha_de_publicacion":"31\/03\/2022","novedad":"1","paginas":"232","subtitulo":"SOBRE LOS COMPORTAMIENTOS NO SEXUALES EN LA IGLESIA","orden":"0","portada":"0","idioma":"spa","editorial":[{"ID":6335,"post_author":"3","post_date":"2022-07-28 17:49:59","post_date_gmt":"2022-07-28 15:49:59","post_content":"","post_title":"PPC altres","post_excerpt":"","post_status":"publish","comment_status":"closed","ping_status":"closed","post_password":"","post_name":"ppc-altres","to_ping":"","pinged":"","post_modified":"2022-07-28 17:49:59","post_modified_gmt":"2022-07-28 15:49:59","post_content_filtered":"","post_parent":0,"guid":"http:\/\/dev.claret.cat\/editorial\/ppc-altres\/","menu_order":0,"post_type":"editorial","post_mime_type":"","comment_count":"0","filter":"raw"}],"autores-libros":[{"ID":5372,"post_author":"3","post_date":"2022-07-28 17:22:33","post_date_gmt":"2022-07-28 15:22:33","post_content":"","post_title":"DANIEL (COORD.) PORTILLO TREVIZO","post_excerpt":"","post_status":"publish","comment_status":"closed","ping_status":"closed","post_password":"","post_name":"daniel-coord-portillo-trevizo","to_ping":"","pinged":"","post_modified":"2022-07-28 17:22:33","post_modified_gmt":"2022-07-28 15:22:33","post_content_filtered":"","post_parent":0,"guid":"http:\/\/dev.claret.cat\/autor\/daniel-coord-portillo-trevizo\/","menu_order":0,"post_type":"autor","post_mime_type":"","comment_count":"0","filter":"raw"}]},"aioseo_notices":[],"_links":{"self":[{"href":"https:\/\/www.claret.cat\/es\/wp-json\/wp\/v2\/product\/39477","targetHints":{"allow":["GET"]}}],"collection":[{"href":"https:\/\/www.claret.cat\/es\/wp-json\/wp\/v2\/product"}],"about":[{"href":"https:\/\/www.claret.cat\/es\/wp-json\/wp\/v2\/types\/product"}],"wp:featuredmedia":[{"embeddable":true,"href":"https:\/\/www.claret.cat\/es\/wp-json\/wp\/v2\/media\/338333"}],"wp:attachment":[{"href":"https:\/\/www.claret.cat\/es\/wp-json\/wp\/v2\/media?parent=39477"}],"wp:term":[{"taxonomy":"product_brand","embeddable":true,"href":"https:\/\/www.claret.cat\/es\/wp-json\/wp\/v2\/product_brand?post=39477"},{"taxonomy":"product_cat","embeddable":true,"href":"https:\/\/www.claret.cat\/es\/wp-json\/wp\/v2\/product_cat?post=39477"},{"taxonomy":"product_tag","embeddable":true,"href":"https:\/\/www.claret.cat\/es\/wp-json\/wp\/v2\/product_tag?post=39477"}],"curies":[{"name":"wp","href":"https:\/\/api.w.org\/{rel}","templated":true}]}}