{"id":39651,"date":"2022-10-02T19:11:16","date_gmt":"2022-10-02T17:11:16","guid":{"rendered":"http:\/\/dev.claret.cat\/producte\/crea-tu-viaje-espana\/"},"modified":"2023-10-06T09:57:58","modified_gmt":"2023-10-06T07:57:58","slug":"crea-tu-viaje-espana-9788408252535","status":"publish","type":"product","link":"https:\/\/www.claret.cat\/es\/libro\/crea-tu-viaje-espana-9788408252535\/","title":{"rendered":"CREA TU VIAJE &#8211; ESPA\u00d1A"},"content":{"rendered":"<p>Espa\u00f1a est\u00e1 llena de rincones m\u00e1gicos, parajes naturales sobrecogedores, tradiciones ancestrales que emanan color, edificios civiles y religiosos que asombran, gastronom\u00edas locales de sobresaliente para el gourmet m\u00e1s exigente, un perfil costero lleno de vida y unas monta\u00f1as que piden a gritos ser recorridas a pie o en bici. Y quienes gustan conocer nuevos lugares tienen ante s\u00ed un listado de destinos interminable, a cual m\u00e1s interesante, todos ellos a pocas horas de su casa. Esta gu\u00eda quiere animar al lector a explorar todos estos territorios y, para ello, se ofertan un buen n\u00famero posibles rutas con la idea de que sea el viajero quien, utilizando esta informaci\u00f3n como punto de referencia, vaya creando la suya propia y d\u00e9 sentido a la m\u00e1xima de &#8216;caminante, no hay camino; se hace camino al andar&#8217;, poema que Antonio Machado compuso inspirado, no en el lejano oriente ni en los Mares del Sur, sino en los adustos campos de Castilla.<\/p>\n","protected":false},"excerpt":{"rendered":"<p>MONNER, JORDI<\/p>\n","protected":false},"featured_media":56385,"template":"","meta":{"_acf_changed":false,"om_disable_all_campaigns":false,"rs_blank_template":"","rs_page_bg_color":"","slide_template_v7":"","inline_featured_image":false,"_monsterinsights_skip_tracking":false,"_monsterinsights_sitenote_active":false,"_monsterinsights_sitenote_note":"","_monsterinsights_sitenote_category":0},"product_brand":[],"product_cat":[557],"product_tag":[],"class_list":{"0":"post-39651","1":"product","2":"type-product","3":"status-publish","4":"has-post-thumbnail","6":"product_cat-guias-de-viaje","8":"first","9":"instock","10":"taxable","11":"shipping-taxable","12":"purchasable","13":"product-type-simple"},"acf":{"autor":"MONNER, JORDI","codart":"840825253","libros-coleccion":"Viaje y aventura","ediciones":"1","encuadernacion":"Carton\u00e9","fecha_de_publicacion":"01\/03\/2022","novedad":"1","paginas":"208","subtitulo":"DISE\u00d1A TU ITINERARIO SO\u00d1ADO PARA VIAJAR POR ESPA\u00d1A","orden":"0","portada":"0","idioma":"spa","editorial":[{"ID":6233,"post_author":"3","post_date":"2022-07-28 17:47:48","post_date_gmt":"2022-07-28 15:47:48","post_content":"","post_title":"EDITORIAL PLANETA","post_excerpt":"","post_status":"publish","comment_status":"closed","ping_status":"closed","post_password":"","post_name":"editorial-planeta","to_ping":"","pinged":"","post_modified":"2022-07-28 17:47:48","post_modified_gmt":"2022-07-28 15:47:48","post_content_filtered":"","post_parent":0,"guid":"http:\/\/dev.claret.cat\/editorial\/editorial-planeta\/","menu_order":0,"post_type":"editorial","post_mime_type":"","comment_count":"0","filter":"raw"}],"autores-libros":[{"ID":159951,"post_author":"3","post_date":"2022-10-14 15:49:04","post_date_gmt":"2022-10-14 13:49:04","post_content":"","post_title":"JORDI MONNER","post_excerpt":"","post_status":"publish","comment_status":"closed","ping_status":"closed","post_password":"","post_name":"jordi-monner","to_ping":"","pinged":"","post_modified":"2022-10-14 15:49:04","post_modified_gmt":"2022-10-14 13:49:04","post_content_filtered":"","post_parent":0,"guid":"http:\/\/dev.claret.cat\/autor\/jordi-monner\/","menu_order":0,"post_type":"autor","post_mime_type":"","comment_count":"0","filter":"raw"}]},"aioseo_notices":[],"_links":{"self":[{"href":"https:\/\/www.claret.cat\/es\/wp-json\/wp\/v2\/product\/39651","targetHints":{"allow":["GET"]}}],"collection":[{"href":"https:\/\/www.claret.cat\/es\/wp-json\/wp\/v2\/product"}],"about":[{"href":"https:\/\/www.claret.cat\/es\/wp-json\/wp\/v2\/types\/product"}],"wp:featuredmedia":[{"embeddable":true,"href":"https:\/\/www.claret.cat\/es\/wp-json\/wp\/v2\/media\/56385"}],"wp:attachment":[{"href":"https:\/\/www.claret.cat\/es\/wp-json\/wp\/v2\/media?parent=39651"}],"wp:term":[{"taxonomy":"product_brand","embeddable":true,"href":"https:\/\/www.claret.cat\/es\/wp-json\/wp\/v2\/product_brand?post=39651"},{"taxonomy":"product_cat","embeddable":true,"href":"https:\/\/www.claret.cat\/es\/wp-json\/wp\/v2\/product_cat?post=39651"},{"taxonomy":"product_tag","embeddable":true,"href":"https:\/\/www.claret.cat\/es\/wp-json\/wp\/v2\/product_tag?post=39651"}],"curies":[{"name":"wp","href":"https:\/\/api.w.org\/{rel}","templated":true}]}}