{"id":39654,"date":"2022-10-02T19:11:19","date_gmt":"2022-10-02T17:11:19","guid":{"rendered":"http:\/\/dev.claret.cat\/producte\/lo-mejor-de-la-naturaleza-en-espana\/"},"modified":"2023-10-06T09:58:46","modified_gmt":"2023-10-06T07:58:46","slug":"lo-mejor-de-la-naturaleza-en-espana-9788408250678","status":"publish","type":"product","link":"https:\/\/www.claret.cat\/es\/libro\/lo-mejor-de-la-naturaleza-en-espana-9788408250678\/","title":{"rendered":"LO MEJOR DE LA NATURALEZA EN ESPA\u00d1A"},"content":{"rendered":"<p>Lo mejor de la naturaleza en Espa\u00f1a, de Lonely Planet, recoge la mejor selecci\u00f3n de la apasionante diversidad natural de nuestro pa\u00eds. Alg\u00fan eminente naturalista dijo que la pen\u00ednsula ib\u00e9rica es como un continente en miniatura, menos extenso, pero con tanta o m\u00e1s variedad. Ciertamente, en esta gu\u00eda se refleja esa inmensidad, con 24 ejemplos de espacios naturales que van desde parques costeros a humedales, parques de monta\u00f1a atl\u00e1ntica o mediterr\u00e1nea, volc\u00e1nicos, des\u00e9rticos, forestales\u2026 todos ellos lugares de una gran riqueza medioambiental y con tesoros \u00fanicos que merece la pena descubrir.<br \/> Esta selecci\u00f3n de 24 parques nacionales y naturales cubre todo el territorio espa\u00f1ol y cuenta con informaci\u00f3n precisa sobre qu\u00e9 esperar de la visita: caracter\u00edsticas esenciales del parque, lugares imprescindibles, explicaciones detalladas sobre geolog\u00eda, flora y fauna, consejos de visita y propuestas de excursiones de diversa dificultad. Sin duda, esta gu\u00eda se convertir\u00e1 en el compa\u00f1ero ideal para descubrir la esencia de la naturaleza espa\u00f1ola.<\/p>\n","protected":false},"excerpt":{"rendered":"<p>NICOL\u00c1S MART\u00cdNEZ, PEDRO<\/p>\n","protected":false},"featured_media":56387,"template":"","meta":{"_acf_changed":false,"om_disable_all_campaigns":false,"rs_blank_template":"","rs_page_bg_color":"","slide_template_v7":"","inline_featured_image":false,"_monsterinsights_skip_tracking":false,"_monsterinsights_sitenote_active":false,"_monsterinsights_sitenote_note":"","_monsterinsights_sitenote_category":0},"product_brand":[],"product_cat":[557],"product_tag":[],"class_list":{"0":"post-39654","1":"product","2":"type-product","3":"status-publish","4":"has-post-thumbnail","6":"product_cat-guias-de-viaje","8":"first","9":"instock","10":"taxable","11":"shipping-taxable","12":"purchasable","13":"product-type-simple"},"acf":{"autor":"NICOL\u00c1S MART\u00cdNEZ, PEDRO","codart":"840825067","libros-coleccion":"Gu\u00edas Lo mejor de Pa\u00eds Lonely Planet","ediciones":"1","encuadernacion":"R\u00fastica","fecha_de_publicacion":"01\/03\/2022","novedad":"1","paginas":"554","subtitulo":"","orden":"0","portada":"0","idioma":"spa","editorial":[{"ID":6233,"post_author":"3","post_date":"2022-07-28 17:47:48","post_date_gmt":"2022-07-28 15:47:48","post_content":"","post_title":"EDITORIAL PLANETA","post_excerpt":"","post_status":"publish","comment_status":"closed","ping_status":"closed","post_password":"","post_name":"editorial-planeta","to_ping":"","pinged":"","post_modified":"2022-07-28 17:47:48","post_modified_gmt":"2022-07-28 15:47:48","post_content_filtered":"","post_parent":0,"guid":"http:\/\/dev.claret.cat\/editorial\/editorial-planeta\/","menu_order":0,"post_type":"editorial","post_mime_type":"","comment_count":"0","filter":"raw"}],"autores-libros":[{"ID":166883,"post_author":"3","post_date":"2022-10-14 18:06:48","post_date_gmt":"2022-10-14 16:06:48","post_content":"","post_title":"PEDRO NICOL\u00c1S MART\u00cdNEZ","post_excerpt":"","post_status":"publish","comment_status":"closed","ping_status":"closed","post_password":"","post_name":"pedro-nicolas-martinez","to_ping":"","pinged":"","post_modified":"2022-10-14 18:06:48","post_modified_gmt":"2022-10-14 16:06:48","post_content_filtered":"","post_parent":0,"guid":"http:\/\/dev.claret.cat\/autor\/pedro-nicolas-martinez\/","menu_order":0,"post_type":"autor","post_mime_type":"","comment_count":"0","filter":"raw"}]},"aioseo_notices":[],"_links":{"self":[{"href":"https:\/\/www.claret.cat\/es\/wp-json\/wp\/v2\/product\/39654","targetHints":{"allow":["GET"]}}],"collection":[{"href":"https:\/\/www.claret.cat\/es\/wp-json\/wp\/v2\/product"}],"about":[{"href":"https:\/\/www.claret.cat\/es\/wp-json\/wp\/v2\/types\/product"}],"wp:featuredmedia":[{"embeddable":true,"href":"https:\/\/www.claret.cat\/es\/wp-json\/wp\/v2\/media\/56387"}],"wp:attachment":[{"href":"https:\/\/www.claret.cat\/es\/wp-json\/wp\/v2\/media?parent=39654"}],"wp:term":[{"taxonomy":"product_brand","embeddable":true,"href":"https:\/\/www.claret.cat\/es\/wp-json\/wp\/v2\/product_brand?post=39654"},{"taxonomy":"product_cat","embeddable":true,"href":"https:\/\/www.claret.cat\/es\/wp-json\/wp\/v2\/product_cat?post=39654"},{"taxonomy":"product_tag","embeddable":true,"href":"https:\/\/www.claret.cat\/es\/wp-json\/wp\/v2\/product_tag?post=39654"}],"curies":[{"name":"wp","href":"https:\/\/api.w.org\/{rel}","templated":true}]}}